{"id":54654,"date":"2023-06-27T08:49:28","date_gmt":"2023-06-27T15:49:28","guid":{"rendered":"https:\/\/fmcsc.org\/?page_id=54654"},"modified":"2023-08-11T10:27:51","modified_gmt":"2023-08-11T17:27:51","slug":"planting","status":"publish","type":"page","link":"https:\/\/fmcsc.org\/es\/training\/planting\/","title":{"rendered":"Plantaci\u00f3n de iglesias"},"content":{"rendered":"<p>[et_pb_section fb_built=\u201d1\u2033 _builder_version=\u201d4.21.0\u2033 _module_preset=\u201dpredeterminado\u201d background_color=\u201drgba(0,0,0,0.45)\u201d background_image=\u201dhttps:\/\/fmcsc.org\/wp-content\/uploads\/2023\/07\/planting-header.jpg\u201d background_blend=\u201dmultiplicar\u201d custom_padding=\u201d150px||57px||false|false\u201d global_colors_info=\u201d{}\u201d][et_pb_row column_structure=\u201d3_5,2_5\u2033 _builder_version=\u201d4.16\u2033 _module_preset=\u201d11f3522d-3ed7-4fa2-8fcf-bb73f19c80b2\u2033 Informaci\u00f3n global de colores = &quot;{}&quot;] [Tipo de columna et_pb = &quot;3_5&quot;] _versi\u00f3n del constructor = &quot;4.16&quot;] _ajuste preestablecido del m\u00f3dulo = &quot;1959b601-9003-4bfb-9e5d-a162186b7575&quot; Informaci\u00f3n global de colores = &quot;{}&quot;] [Texto et_pb _versi\u00f3n del constructor = &quot;4.21.0&quot;] _ajuste preestablecido del m\u00f3dulo = &quot;predeterminado&quot;] Dise\u00f1o de fondo = &quot;oscuro&quot;]<\/p>\n<h1>Evaluaci\u00f3n de plantaci\u00f3n de iglesias cu\u00e1nticas<\/h1>\n<p>[\/et_pb_text][\/et_pb_column][et_pb_column tipo=\u201d2_5\u2033 _builder_version=\u201d4.16\u2033 _module_preset=\u201d1959b601-9003-4bfb-9e5d-a162186b7575\u2033 global_colors_info=\u201d{}\u201d][\/et_pb_column][\/et_pb_row][\/et_pb_section][et_pb_section fb_built=\u201d1\u2033 _builder_version=\u201d4.21.0\u2033 _module_preset=\u201ddefault\u201d global_colors_info=\u201d{}\u201d][et_pb_row estructura_columna=\u201d1_2,1_2\u2033 _builder_version=\u201d4.21.0\u2033 _module_preset=\u201ddefault\u201d global_colors_info=\u201d{}\u201d][et_pb_column type=\u201d1_2\u2033 _builder_version=\u201d4.21.0\u2033 _module_preset=\u201ddefault\u201d global_colors_info=\u201d{}\u201d][et_pb_text _builder_version=\u201d4.21.0\u2033 _module_preset=\u201ddefault\u201d global_colors_info=\u201d{}\u201d]<\/p>\n<h4>Y si\u2026<\/h4>\n<ul>\n<li aria-level=\"1\">\u00bfCada iglesia local podr\u00eda convertirse en una comunidad fruct\u00edfera y comprometida de disc\u00edpulos que amaran a Dios, amaran a los dem\u00e1s e hicieran m\u00e1s disc\u00edpulos dondequiera que fueran?<\/li>\n<li aria-level=\"1\">\u00bfTodo l\u00edder pastoral sab\u00eda qui\u00e9n era en Cristo, sab\u00eda lo que estaba llamado a hacer por \u00c9l, ten\u00eda las habilidades para llevarlo a cabo y el car\u00e1cter para mantener su integridad a lo largo de todo?<\/li>\n<li aria-level=\"1\">Cada nueva iglesia fue establecida con base en el \u201cn\u00facleo irreductible\u201d de las ense\u00f1anzas de Jes\u00fas, centr\u00e1ndose en amar a Dios, amar a los dem\u00e1s y hacer disc\u00edpulos.<\/li>\n<li aria-level=\"1\">\u00bfNuestra denominaci\u00f3n y conferencia podr\u00edan convertirse en un movimiento impulsado por el Esp\u00edritu, encendiendo y catalizando la multiplicaci\u00f3n en cada nivel de la vida y el ministerio, vital en la vida de Cristo, difundiendo el Evangelio del Reino en todo el sur de California?<\/li>\n<\/ul>\n<p>Creemos que esto es posible en y a trav\u00e9s de l\u00edderes que aman a Dios con todo lo que son, aman a los dem\u00e1s como se aman a s\u00ed mismos y, mientras viven la vida, hacen disc\u00edpulos que hacen m\u00e1s disc\u00edpulos.<\/p>\n<p>[\/et_pb_text][\/et_pb_column][et_pb_column type=\u201d1_2\u2033 _builder_version=\u201d4.21.0\u2033 _module_preset=\u201ddefault\u201d global_colors_info=\u201d{}\u201d][et_pb_image src=\u201dhttps:\/\/fmcsc.org\/wp-content\/uploads\/2023\/07\/planting-what-if.jpg\u201d title_text=\u201dplanting-what-if\u201d _builder_version=\u201d4.21.0\u2033 _module_preset=\u201ddefault\u201d global_colors_info=\u201d{}\u201d][\/et_pb_image][\/et_pb_column][\/et_pb_row][\/et_pb_section][et_pb_section fb_built=\u201d1\u2033 _builder_version=\u201d4.21.0\u2033 _module_preset=\u201dpredeterminado\u201d color_de_fondo=\u201d#EEEDEC\u201d informaci\u00f3n_global_colors=\u201d{}\u201d][et_pb_row estructura_columna=\u201d2_3,1_3\u2033 _builder_version=\u201d4.21.0\u2033 _module_preset=\u201dpredeterminado\u201d informaci\u00f3n_global_colors=\u201d{}\u201d][et_pb_column tipo=\u201d2_3\u2033 _builder_version=\u201d4.21.0\u2033 _module_preset=\u201dpredeterminado\u201d informaci\u00f3n_global_colors=\u201d{}\u201d][et_pb_texto _builder_version=\u201d4.21.0\u2033 _module_preset=\u201dpredeterminado\u201d informaci\u00f3n_global_colors=\u201d{}\u201d]<\/p>\n<h3>Evaluaci\u00f3n<\/h3>\n<p>Dios ha dise\u00f1ado a cada l\u00edder de manera diferente. Un enfoque de m\u00faltiples capas (tanto org\u00e1nico como cient\u00edfico) para las evaluaciones le ayudar\u00e1 a entenderse mejor a s\u00ed mismo y c\u00f3mo Dios lo ha dise\u00f1ado para multiplicarse. Para comenzar el proceso de plantaci\u00f3n de iglesias con nosotros, comience con el paso 1 a continuaci\u00f3n y el enlace proporcionado para que realice la Evaluaci\u00f3n de selecci\u00f3n inicial. Despu\u00e9s de realizar la evaluaci\u00f3n, uno de nuestros entrenadores de comunidades multiplicadoras le notificar\u00e1 cu\u00e1l es el siguiente paso.<\/p>\n<p>[\/et_pb_text][\/et_pb_column][et_pb_column type=\u201d1_3\u2033 _builder_version=\u201d4.21.0\u2033 _module_preset=\u201ddefault\u201d global_colors_info=\u201d{}\u201d][et_pb_image src=\u201dhttps:\/\/fmcsc.org\/wp-content\/uploads\/2023\/07\/planting-assessment.jpg\u201d title_text=\u201devaluaci\u00f3n-de-plantaci\u00f3n\u201d _builder_version=\u201d4.21.0\u2033 _module_preset=\u201ddefault\u201d global_colors_info=\u201d{}\u201d][\/et_pb_image][\/et_pb_column][\/et_pb_row][et_pb_row _builder_version=\u201d4.21.0\u2033 _module_preset=\u201ddefault\u201d relleno_personalizado=\u201d||0px||falso|falso\u201d informaci\u00f3n_global_colores=\u201d{}\u201d][et_pb_column tipo=\u201d4_4\u2033 _builder_version=\u201d4.21.0\u2033 _module_preset=\u201dpredeterminado\u201d informaci\u00f3n_global_colores=\u201d{}\u201d][et_pb_texto _builder_version=\u201d4.21.0\u2033 _module_preset=\u201dpredeterminado\u201d informaci\u00f3n_global_colores=\u201d{}\u201d]<\/p>\n<h4>Nivel uno: evaluaci\u00f3n en l\u00ednea de tres pasos<\/h4>\n<p>[\/et_pb_text][\/et_pb_column][\/et_pb_row][et_pb_row estructura_columna=\u201d1_3,1_3,1_3\u2033 _builder_version=\u201d4.21.0\u2033 _module_preset=\u201dpredeterminado\u201d informaci\u00f3n_global_colors=\u201d{}\u201d][et_pb_column tipo=\u201d1_3\u2033 _builder_version=\u201d4.21.0\u2033 _module_preset=\u201dpredeterminado\u201d informaci\u00f3n_global_colors=\u201d{}\u201d][et_pb_text _builder_version=\u201d4.21.0\u2033 _module_preset=\u201dpredeterminado\u201d color_texto_encabezado_4=\u201d#FFB11F\u201d margen_personalizado=\u201d||0px||false|false\u201d informaci\u00f3n_global_colors=\u201d{}\u201d]<\/p>\n<h4>Paso 1<\/h4>\n<p>[\/et_pb_text][et_pb_text _builder_version=\u201d4.21.0\u2033 _module_preset=\u201ddefault\u201d global_colors_info=\u201d{}\u201d]<\/p>\n<h6>Complete la evaluaci\u00f3n de detecci\u00f3n inicial y rev\u00edsela con nuestro equipo<\/h6>\n<p>Utilizamos perfiles de plantadores de iglesias para brindar una idea b\u00e1sica de sus dones, personalidad y experiencia. La evaluaci\u00f3n de selecci\u00f3n inicial es una herramienta de 85 preguntas que brindar\u00e1 informaci\u00f3n sobre (1) su experiencia, (2) liderazgo empresarial, (3) experiencia ministerial y (4) evangelismo relacional.<\/p>\n<p>Necesitar\u00e1 configurar su cuenta y perfil para poder realizar las evaluaciones.<\/p>\n<ul>\n<li aria-level=\"1\">Cuando se le pregunta \u201c\u00bfYa est\u00e1 trabajando con una agencia?\u201d, responda: \u201cS\u00ed, una agencia de plantaci\u00f3n de iglesias me pidi\u00f3 que completara un perfil\u201d.<\/li>\n<li aria-level=\"1\">Seleccione \u201cConferencia Metodista Libre del Sur de California\u201d<\/li>\n<\/ul>\n<p>Siga las instrucciones para realizar la evaluaci\u00f3n inicial de detecci\u00f3n. El costo de esta evaluaci\u00f3n ser\u00e1 de $19.95.<\/p>\n<p>Despu\u00e9s de realizar la evaluaci\u00f3n de detecci\u00f3n inicial, un entrenador de Multiplying Communities se comunicar\u00e1 con usted.<\/p>\n<p>[\/et_pb_text][et_pb_button button_url=\u201dhttps:\/\/www.churchplanterprofiles.com\/\u201d button_text=\u201dComienza tu evaluaci\u00f3n en l\u00ednea\u201d _builder_version=\u201d4.21.0\u2033 _module_preset=\u201ddefault\u201d global_colors_info=\u201d{}\u201d][\/et_pb_button][\/et_pb_column][et_pb_column type=\u201d1_3\u2033 _builder_version=\u201d4.21.0\u2033 _module_preset=\u201ddefault\u201d global_colors_info=\u201d{}\u201d][et_pb_text _builder_version=\u201d4.21.0\u2033 _module_preset=\u201ddefault\u201d header_4_text_color=\u201d#FFB11F\u201d custom_margin=\u201d||0px||false|false\u201d informaci\u00f3n_global_colores=\u201d{}\u201d]<\/p>\n<h4>Paso 2<\/h4>\n<p>[\/et_pb_text][et_pb_text _builder_version=\u201d4.21.0\u2033 _module_preset=\u201ddefault\u201d global_colors_info=\u201d{}\u201d]<\/p>\n<h6>Completar un perfil completo en l\u00ednea<\/h6>\n<p>Despu\u00e9s de conectarse con un entrenador de Multiplying Communities para revisar su evaluaci\u00f3n de detecci\u00f3n inicial, es posible que actualicemos su perfil de evaluaci\u00f3n para completar las siguientes evaluaciones sin costo para usted:<\/p>\n<ul>\n<li aria-level=\"1\">El Perfil de Personalidad Dorado\u2122 se basa en la tipolog\u00eda de personalidad de cuatro letras con un informe de 16 p\u00e1ginas que detalla sus fortalezas y oportunidades de crecimiento.<\/li>\n<li aria-level=\"1\">Portrait Predictor\u2122 es una evaluaci\u00f3n basada en DiSC con un informe de 6 p\u00e1ginas que destaca sus fortalezas, oportunidades de crecimiento y proporciona una gu\u00eda de aplicaci\u00f3n con los pr\u00f3ximos pasos.<\/li>\n<li aria-level=\"1\">La evaluaci\u00f3n de los dones espirituales indicar\u00e1 cu\u00e1les son sus dones m\u00e1s fuertes entre una lista de 19 \u00e1reas de dones identificadas b\u00edblicamente.<\/li>\n<li aria-level=\"1\">La evaluaci\u00f3n 360 en l\u00ednea le permite invitar a otros a brindar comentarios sobre 12 cualidades cr\u00edticas de la plantaci\u00f3n de iglesias.<\/li>\n<li aria-level=\"1\">La evaluaci\u00f3n StrengthsFinder\u2122 est\u00e1 disponible como una opci\u00f3n adicional. Para completar StrengthsFinder, debe comprar uno de los varios libros de StrengthsFinder y usar el c\u00f3digo incluido para completar la evaluaci\u00f3n en l\u00ednea. Luego, puede compartir sus resultados en Church Planter Profiles.<\/li>\n<\/ul>\n<p>[\/et_pb_text][\/et_pb_column][et_pb_column tipo=\u201d1_3\u2033 _builder_version=\u201d4.21.0\u2033 _module_preset=\u201dpredeterminado\u201d informaci\u00f3n_global_colors=\u201d{}\u201d][et_pb_text _builder_version=\u201d4.21.0\u2033 _module_preset=\u201dpredeterminado\u201d color_texto_encabezado_4=\u201d#FFB11F\u201d margen_personalizado=\u201d||0px||falso|falso\u201d informaci\u00f3n_global_colors=\u201d{}\u201d]<\/p>\n<h4>Paso 3<\/h4>\n<p>[\/et_pb_text][et_pb_text _builder_version=\u201d4.21.0\u2033 _module_preset=\u201ddefault\u201d global_colors_info=\u201d{}\u201d]<\/p>\n<h6>Completar la solicitud en l\u00ednea<\/h6>\n<p>Complete la solicitud de empleo de Multiplying Communities en l\u00ednea. Para ello, deber\u00e1 completar lo siguiente:<\/p>\n<ul>\n<li aria-level=\"1\">Programe una cita con el Director de Multiplicaci\u00f3n para repasar el proceso y los pr\u00f3ximos pasos.<\/li>\n<li aria-level=\"1\">Enviar curriculum, biograf\u00eda y fotograf\u00edax<\/li>\n<li aria-level=\"1\">Verificaci\u00f3n de antecedentes<\/li>\n<li aria-level=\"1\">Presentaci\u00f3n de 3 referencias (2 profesionales y 1 personal)<\/li>\n<li aria-level=\"1\">Cuaderno de trabajo completo de preevaluaci\u00f3n cu\u00e1ntica<\/li>\n<li aria-level=\"1\">Realice la evaluaci\u00f3n vocacional APEST 360. Se le reembolsar\u00e1 el costo de $25.00.<\/li>\n<\/ul>\n<p>[\/et_pb_text][et_pb_button button_url=\u201dhttps:\/\/forms.gle\/tJfUeBkTqBZb891E7\u2033 button_text=\u201dSolicitud en l\u00ednea para el ministerio\u201d _builder_version=\u201d4.21.0\u2033 _module_preset=\u201ddefault\u201d global_colors_info=\u201d{}\u201d][\/et_pb_button][et_pb_button button_url=\u201dhttp:\/\/5qcentral.com\/product\/apest-360\/\u201d button_text=\u201dEvaluaci\u00f3n vocacional APEST\u201d _builder_version=\u201d4.21.0\u2033 _module_preset=\u201d4358bb6b-7364-4100-b72a-89a627baabb5\u2033 global_colors_info=\u201d{}\u201d][\/et_pb_button][\/et_pb_column][\/et_pb_row][\/et_pb_section][et_pb_section fb_built=\u201d1\u2033 _builder_version=\u201d4.21.0\u2033 _module_preset=\u201dpredeterminado\u201d global_colors_info=\u201d{}\u201d][et_pb_row column_structure=\u201d1_2,1_2\u2033 _builder_version=\u201d4.21.0\u2033 _module_preset=\u201dpredeterminado\u201d global_colors_info=\u201d{}\u201d][et_pb_column type=\u201d1_2\u2033 _builder_version=\u201d4.21.0\u2033 _module_preset=\u201dpredeterminado\u201d global_colors_info=\u201d{}\u201d][et_pb_text _builder_version=\u201d4.21.0\u2033 _module_preset=\u201dpredeterminado\u201d informaci\u00f3n_de_colores_globales=\u201d{}\u201d]<\/p>\n<h4>Nivel dos<\/h4>\n<p>Una vez completados los 3 pasos del Nivel 1, la Oficina de Multiplicaci\u00f3n programar\u00e1 su Entrevista de Evaluaci\u00f3n Cu\u00e1ntica:<\/p>\n<ul>\n<li aria-level=\"1\">Complete la entrevista de evaluaci\u00f3n cu\u00e1ntica de medio d\u00eda<\/li>\n<li aria-level=\"1\">Un Coach de Comunidades Multiplicadoras se pondr\u00e1 en contacto contigo para repasar la evaluaci\u00f3n.<\/li>\n<li aria-level=\"1\">Recomendaci\u00f3n de los pr\u00f3ximos pasos por parte del equipo de evaluaci\u00f3n<\/li>\n<\/ul>\n<p>[\/et_pb_text][\/et_pb_column][et_pb_column type=\u201d1_2\u2033 _builder_version=\u201d4.21.0\u2033 _module_preset=\u201ddefault\u201d global_colors_info=\u201d{}\u201d][et_pb_image src=\u201dhttps:\/\/fmcsc.org\/wp-content\/uploads\/2023\/07\/planting-level-two.jpg\u201d title_text=\u201dplanting-level-two\u201d _builder_version=\u201d4.21.0\u2033 _module_preset=\u201ddefault\u201d global_colors_info=\u201d{}\u201d][\/et_pb_image][\/et_pb_column][\/et_pb_row][\/et_pb_section][et_pb_section fb_built=\u201d1\u2033 _builder_version=\u201d4.21.0\u2033 _module_preset=\u201dpredeterminado\u201d color_de_fondo=\u201d#EEEDEC\u201d informaci\u00f3n_de_colores_globales=\u201d{}\u201d][et_pb_row estructura_de_columna=\u201d1_2,1_2\u2033 _builder_version=\u201d4.21.0\u2033 _module_preset=\u201dpredeterminado\u201d informaci\u00f3n_de_colores_globales=\u201d{}\u201d][et_pb_column tipo=\u201d1_2\u2033 _builder_version=\u201d4.21.0\u2033 _module_preset=\u201dpredeterminado\u201d informaci\u00f3n_de_colores_globales=\u201d{}\u201d][et_pb_image src=\u201dhttps:\/\/fmcsc.org\/wp-content\/uploads\/2023\/07\/planting-level-three.jpg\u201d texto_de_t\u00edtulo=\u201dplanting-level-three\u201d _builder_version=\u201d4.21.0\u2033 _module_preset=\u201dpredeterminado\u201d Informaci\u00f3n global de colores = &quot;{}&quot;][\/et_pb_image][\/et_pb_column][et_pb_column type=&quot;1_2\u2033 _builder_version=&quot;4.21.0\u2033 _module_preset=&quot;default&quot; Informaci\u00f3n global de colores = &quot;{}&quot;][et_pb_text _builder_version=&quot;4.21.0\u2033 _module_preset=&quot;default&quot; Informaci\u00f3n global de colores = &quot;{}&quot;]<\/p>\n<h4>Nivel tres<\/h4>\n<p>Si se le otorga la aprobaci\u00f3n completa para proceder como plantador de iglesias con la Iglesia Metodista Libre, sus pr\u00f3ximos pasos ser\u00e1n:<\/p>\n<ul>\n<li aria-level=\"1\">Programa para ser parte del Intensivo de Plantaci\u00f3n de Iglesias<\/li>\n<li aria-level=\"1\">Se le asignar\u00e1 un entrenador de plantaci\u00f3n de iglesias.<\/li>\n<li aria-level=\"1\">Completar una propuesta de plantaci\u00f3n de iglesias y un plan de gastos<\/li>\n<li aria-level=\"1\">Env\u00ede su propuesta de plantaci\u00f3n de iglesias al Grupo de Multiplicaci\u00f3n del Reino<\/li>\n<li aria-level=\"1\">Env\u00ede su solicitud oficial de ministerio a la Junta de Educaci\u00f3n y Orientaci\u00f3n Ministerial (MEG).\u00a0<\/li>\n<li aria-level=\"1\">Trabajar con la conferencia para la designaci\u00f3n del Comit\u00e9 de Nombramientos Ministeriales (MAC).\u00a0<\/li>\n<li aria-level=\"1\">Contin\u00faa tu desarrollo con tu Coach de Comunidades Multiplicadoras y avanza hacia el estatus de sociedad plena.<\/li>\n<\/ul>\n<p>[\/et_pb_text][\/et_pb_column][\/et_pb_row][\/et_pb_section]<\/p>","protected":false},"excerpt":{"rendered":"<p>Evaluaci\u00f3n Cu\u00e1ntica de Plantaci\u00f3n de Iglesias. \u00bfQu\u00e9 pasar\u00eda si\u2026 cada iglesia local pudiera convertirse en una comunidad fruct\u00edfera y comprometida de disc\u00edpulos que aman a Dios, aman a los dem\u00e1s y hacen m\u00e1s disc\u00edpulos dondequiera que van? Cada l\u00edder pastoral sab\u00eda qui\u00e9n era en Cristo, sab\u00eda a qu\u00e9 estaba llamado a servirle, ten\u00eda las habilidades para lograrlo, y el car\u00e1cter [\u2026]<\/p>","protected":false},"author":1,"featured_media":0,"parent":51347,"menu_order":2,"comment_status":"closed","ping_status":"closed","template":"","meta":{"_acf_changed":false,"_et_pb_use_builder":"on","_et_pb_old_content":"","_et_gb_content_width":"","content-type":"","footnotes":"","_links_to":"","_links_to_target":""},"class_list":["post-54654","page","type-page","status-publish","hentry"],"acf":[],"yoast_head":"<!-- This site is optimized with the Yoast SEO plugin v27.3 - https:\/\/yoast.com\/product\/yoast-seo-wordpress\/ -->\n<title>Church Planting - Free Methodist Church in Southern California<\/title>\n<meta name=\"robots\" content=\"index, follow, max-snippet:-1, max-image-preview:large, max-video-preview:-1\" \/>\n<link rel=\"canonical\" href=\"https:\/\/fmcsc.org\/es\/training\/planting\/\" \/>\n<meta property=\"og:locale\" content=\"es_MX\" \/>\n<meta property=\"og:type\" content=\"article\" \/>\n<meta property=\"og:title\" content=\"Church Planting - Free Methodist Church in Southern California\" \/>\n<meta property=\"og:description\" content=\"Quantum Church Planting AssessmentWhat if\u2026 Every local church could become a fruitful, committed community of disciples who loved God, loved others, and made more disciples everywhere they went? Every pastoral leader knew who they were in Christ, knew what they were called to do for Him, had the skills to pull it off\u2014AND the character [&hellip;]\" \/>\n<meta property=\"og:url\" content=\"https:\/\/fmcsc.org\/es\/wp-json\/wp\/v2\/pages\/54654\" \/>\n<meta property=\"og:site_name\" content=\"Free Methodist Church in Southern California\" \/>\n<meta property=\"article:publisher\" content=\"https:\/\/www.facebook.com\/FMCSC\" \/>\n<meta property=\"article:modified_time\" content=\"2023-08-11T17:27:51+00:00\" \/>\n<meta name=\"twitter:card\" content=\"summary_large_image\" \/>\n<meta name=\"twitter:site\" content=\"@fmcsc\" \/>\n<meta name=\"twitter:label1\" content=\"Tiempo de lectura\" \/>\n\t<meta name=\"twitter:data1\" content=\"5 minutos\" \/>\n<script type=\"application\/ld+json\" class=\"yoast-schema-graph\">{\"@context\":\"https:\\\/\\\/schema.org\",\"@graph\":[{\"@type\":\"WebPage\",\"@id\":\"https:\\\/\\\/fmcsc.org\\\/training\\\/planting\\\/\",\"url\":\"https:\\\/\\\/fmcsc.org\\\/training\\\/planting\\\/\",\"name\":\"Church Planting - Free Methodist Church in Southern California\",\"isPartOf\":{\"@id\":\"https:\\\/\\\/fmcsc.org\\\/#website\"},\"datePublished\":\"2023-06-27T15:49:28+00:00\",\"dateModified\":\"2023-08-11T17:27:51+00:00\",\"breadcrumb\":{\"@id\":\"https:\\\/\\\/fmcsc.org\\\/training\\\/planting\\\/#breadcrumb\"},\"inLanguage\":\"es\",\"potentialAction\":[{\"@type\":\"ReadAction\",\"target\":[\"https:\\\/\\\/fmcsc.org\\\/training\\\/planting\\\/\"]}]},{\"@type\":\"BreadcrumbList\",\"@id\":\"https:\\\/\\\/fmcsc.org\\\/training\\\/planting\\\/#breadcrumb\",\"itemListElement\":[{\"@type\":\"ListItem\",\"position\":1,\"name\":\"Home\",\"item\":\"https:\\\/\\\/fmcsc.org\\\/\"},{\"@type\":\"ListItem\",\"position\":2,\"name\":\"Ministry Training &#038; Classes\",\"item\":\"https:\\\/\\\/fmcsc.org\\\/training\\\/\"},{\"@type\":\"ListItem\",\"position\":3,\"name\":\"Church Planting\"}]},{\"@type\":\"WebSite\",\"@id\":\"https:\\\/\\\/fmcsc.org\\\/#website\",\"url\":\"https:\\\/\\\/fmcsc.org\\\/\",\"name\":\"Free Methodist Church in Southern California\",\"description\":\"Love God. Love People. Make Disciples.\",\"publisher\":{\"@id\":\"https:\\\/\\\/fmcsc.org\\\/#organization\"},\"potentialAction\":[{\"@type\":\"SearchAction\",\"target\":{\"@type\":\"EntryPoint\",\"urlTemplate\":\"https:\\\/\\\/fmcsc.org\\\/?s={search_term_string}\"},\"query-input\":{\"@type\":\"PropertyValueSpecification\",\"valueRequired\":true,\"valueName\":\"search_term_string\"}}],\"inLanguage\":\"es\"},{\"@type\":\"Organization\",\"@id\":\"https:\\\/\\\/fmcsc.org\\\/#organization\",\"name\":\"Free Methodist Church in Southern California\",\"url\":\"https:\\\/\\\/fmcsc.org\\\/\",\"logo\":{\"@type\":\"ImageObject\",\"inLanguage\":\"es\",\"@id\":\"https:\\\/\\\/fmcsc.org\\\/#\\\/schema\\\/logo\\\/image\\\/\",\"url\":\"https:\\\/\\\/fmcsc.org\\\/wp-content\\\/uploads\\\/2021\\\/06\\\/logo-color.png\",\"contentUrl\":\"https:\\\/\\\/fmcsc.org\\\/wp-content\\\/uploads\\\/2021\\\/06\\\/logo-color.png\",\"width\":166,\"height\":144,\"caption\":\"Free Methodist Church in Southern California\"},\"image\":{\"@id\":\"https:\\\/\\\/fmcsc.org\\\/#\\\/schema\\\/logo\\\/image\\\/\"},\"sameAs\":[\"https:\\\/\\\/www.facebook.com\\\/FMCSC\",\"https:\\\/\\\/x.com\\\/fmcsc\",\"https:\\\/\\\/www.youtube.com\\\/channel\\\/UCCLhk49k4p6RkJbqYMr0SEQ\"]}]}<\/script>\n<!-- \/ Yoast SEO plugin. -->","yoast_head_json":{"title":"Plantaci\u00f3n de iglesias - Iglesia Metodista Libre del Sur de California","robots":{"index":"index","follow":"follow","max-snippet":"max-snippet:-1","max-image-preview":"max-image-preview:large","max-video-preview":"max-video-preview:-1"},"canonical":"https:\/\/fmcsc.org\/es\/training\/planting\/","og_locale":"es_MX","og_type":"article","og_title":"Church Planting - Free Methodist Church in Southern California","og_description":"Quantum Church Planting AssessmentWhat if\u2026 Every local church could become a fruitful, committed community of disciples who loved God, loved others, and made more disciples everywhere they went? Every pastoral leader knew who they were in Christ, knew what they were called to do for Him, had the skills to pull it off\u2014AND the character [&hellip;]","og_url":"https:\/\/fmcsc.org\/es\/wp-json\/wp\/v2\/pages\/54654","og_site_name":"Free Methodist Church in Southern California","article_publisher":"https:\/\/www.facebook.com\/FMCSC","article_modified_time":"2023-08-11T17:27:51+00:00","twitter_card":"summary_large_image","twitter_site":"@fmcsc","twitter_misc":{"Tiempo de lectura":"5 minutos"},"schema":{"@context":"https:\/\/schema.org","@graph":[{"@type":"WebPage","@id":"https:\/\/fmcsc.org\/training\/planting\/","url":"https:\/\/fmcsc.org\/training\/planting\/","name":"Plantaci\u00f3n de iglesias - Iglesia Metodista Libre del Sur de California","isPartOf":{"@id":"https:\/\/fmcsc.org\/#website"},"datePublished":"2023-06-27T15:49:28+00:00","dateModified":"2023-08-11T17:27:51+00:00","breadcrumb":{"@id":"https:\/\/fmcsc.org\/training\/planting\/#breadcrumb"},"inLanguage":"es","potentialAction":[{"@type":"ReadAction","target":["https:\/\/fmcsc.org\/training\/planting\/"]}]},{"@type":"BreadcrumbList","@id":"https:\/\/fmcsc.org\/training\/planting\/#breadcrumb","itemListElement":[{"@type":"ListItem","position":1,"name":"Home","item":"https:\/\/fmcsc.org\/"},{"@type":"ListItem","position":2,"name":"Ministry Training &#038; Classes","item":"https:\/\/fmcsc.org\/training\/"},{"@type":"ListItem","position":3,"name":"Church Planting"}]},{"@type":"WebSite","@id":"https:\/\/fmcsc.org\/#website","url":"https:\/\/fmcsc.org\/","name":"Iglesia Metodista Libre en el Sur de California","description":"Ama a Dios. Ama a la gente. Haz disc\u00edpulos.","publisher":{"@id":"https:\/\/fmcsc.org\/#organization"},"potentialAction":[{"@type":"SearchAction","target":{"@type":"EntryPoint","urlTemplate":"https:\/\/fmcsc.org\/?s={search_term_string}"},"query-input":{"@type":"PropertyValueSpecification","valueRequired":true,"valueName":"search_term_string"}}],"inLanguage":"es"},{"@type":"Organization","@id":"https:\/\/fmcsc.org\/#organization","name":"Iglesia Metodista Libre en el Sur de California","url":"https:\/\/fmcsc.org\/","logo":{"@type":"ImageObject","inLanguage":"es","@id":"https:\/\/fmcsc.org\/#\/schema\/logo\/image\/","url":"https:\/\/fmcsc.org\/wp-content\/uploads\/2021\/06\/logo-color.png","contentUrl":"https:\/\/fmcsc.org\/wp-content\/uploads\/2021\/06\/logo-color.png","width":166,"height":144,"caption":"Free Methodist Church in Southern California"},"image":{"@id":"https:\/\/fmcsc.org\/#\/schema\/logo\/image\/"},"sameAs":["https:\/\/www.facebook.com\/FMCSC","https:\/\/x.com\/fmcsc","https:\/\/www.youtube.com\/channel\/UCCLhk49k4p6RkJbqYMr0SEQ"]}]}},"jetpack_sharing_enabled":true,"_links":{"self":[{"href":"https:\/\/fmcsc.org\/es\/wp-json\/wp\/v2\/pages\/54654","targetHints":{"allow":["GET"]}}],"collection":[{"href":"https:\/\/fmcsc.org\/es\/wp-json\/wp\/v2\/pages"}],"about":[{"href":"https:\/\/fmcsc.org\/es\/wp-json\/wp\/v2\/types\/page"}],"author":[{"embeddable":true,"href":"https:\/\/fmcsc.org\/es\/wp-json\/wp\/v2\/users\/1"}],"replies":[{"embeddable":true,"href":"https:\/\/fmcsc.org\/es\/wp-json\/wp\/v2\/comments?post=54654"}],"version-history":[{"count":0,"href":"https:\/\/fmcsc.org\/es\/wp-json\/wp\/v2\/pages\/54654\/revisions"}],"up":[{"embeddable":true,"href":"https:\/\/fmcsc.org\/es\/wp-json\/wp\/v2\/pages\/51347"}],"wp:attachment":[{"href":"https:\/\/fmcsc.org\/es\/wp-json\/wp\/v2\/media?parent=54654"}],"curies":[{"name":"gracias","href":"https:\/\/api.w.org\/{rel}","templated":true}]}}