{"id":54415,"date":"2023-03-14T15:16:54","date_gmt":"2023-03-14T22:16:54","guid":{"rendered":"https:\/\/fmcsc.org\/?page_id=54415"},"modified":"2023-03-14T17:31:36","modified_gmt":"2023-03-15T00:31:36","slug":"survey","status":"publish","type":"page","link":"https:\/\/fmcsc.org\/es\/survey\/","title":{"rendered":"Encuesta para pastores"},"content":{"rendered":"<p>[et_pb_section fb_built=\u201d1\u2033 _builder_version=\u201d4.20.2\u2033 _module_preset=\u201dpredeterminado\u201d background_color=\u201drgba(0,0,0,0.45)\u201d background_image=\u201dhttps:\/\/fmcsc.org\/wp-content\/uploads\/2023\/03\/hcfwew744z4.jpg\u201d background_blend=\u201dmultiplicar\u201d custom_padding=\u201d150px||57px||false|false\u201d global_colors_info=\u201d{}\u201d][et_pb_row _builder_version=\u201d4.20.2\u2033 _module_preset=\u201d11f3522d-3ed7-4fa2-8fcf-bb73f19c80b2\u2033 global_colors_info=\u201d{}\u201d][et_pb_column tipo=\u201d4_4\u2033 _builder_version=\u201d4.16\u2033 _module_preset=\u201d1959b601-9003-4bfb-9e5d-a162186b7575\u2033 global_colors_info=\u201d{}\u201d][et_pb_text _builder_version=\u201d4.20.2\u2033 _module_preset=\u201ddefault\u201d background_layout=\u201ddark\u201d global_colors_info=\u201d{}\u201d]<\/p>\n<h1>Encuesta sobre la conexi\u00f3n pastoral<\/h1>\n<p>[glt language=\u201dEspa\u00f1ol\u201d label=\u201dVer esta p\u00e1gina en espa\u00f1ol\u201d text=\u201dyes\u201d]<\/p>\n<p>[\/et_pb_text][\/et_pb_column][\/et_pb_row][\/et_pb_section][et_pb_section fb_built=\u201d1\u2033 _builder_version=\u201d4.20.2\u2033 _module_preset=\u201ddefault\u201d background_color=\u201d#EEEDEC\u201d global_colors_info=\u201d{}\u201d][et_pb_row column_structure=\u201d1_2,1_2\u2033 _builder_version=\u201d4.20.2\u2033 _module_preset=\u201ddefault\u201d global_colors_info=\u201d{}\u201d][et_pb_column type=\u201d1_2\u2033 _builder_version=\u201d4.20.2\u2033 _module_preset=\u201ddefault\u201d global_colors_info=\u201d{}\u201d][et_pb_text _builder_version=\u201d4.20.2\u2033 _module_preset=\u201dpredeterminado\u201d informaci\u00f3n_de_colores_globales=\u201d{}\u201d]<\/p>\n<p>Durante el oto\u00f1o de 2021, en preparaci\u00f3n para las nominaciones y la transici\u00f3n de los superintendentes, el Comit\u00e9 de nominaciones de superintendentes organiz\u00f3 una serie de grupos de escucha dentro de la FMCSC. Como parte de estos grupos, o mediante una encuesta por correo electr\u00f3nico, se les pidi\u00f3 a nuestros l\u00edderes que brindaran comentarios sobre comunicaci\u00f3n, cultura, diversidad y equidad racial y de g\u00e9nero, apoyo a la iglesia local, conexi\u00f3n comunitaria y m\u00e1s.<\/p>\n<p>En respuesta a los comentarios que nos han enviado a trav\u00e9s de estos grupos, ya hemos implementado una serie de cambios. Los superintendentes de campo ahora trabajan directamente con los pastores principales, lo que brinda un enfoque nuevo al liderazgo, la responsabilidad y la comunidad. Tambi\u00e9n hemos apuntado a una comunicaci\u00f3n m\u00e1s consistente y clara a trav\u00e9s de correos electr\u00f3nicos regulares, actualizaciones en las redes sociales y destacados en la web, y estamos ampliando continuamente las oportunidades disponibles para que usted encuentre recursos y conexiones dentro de la familia FMCSC. Adem\u00e1s, actualmente estamos en el proceso de estandarizaci\u00f3n en lo que respecta a nuestros procedimientos y juntas.<\/p>\n<p><strong>Nuestra esperanza es que, casi 18 meses despu\u00e9s, usted haya notado o experimentado un cambio positivo en al menos algunas de estas \u00e1reas.<\/strong><\/p>\n<p>La Junta de Administraci\u00f3n de la FMCSC ha puesto ahora su atenci\u00f3n en desarrollar una lista de recursos y apoyo que les ser\u00e1n de gran utilidad a ustedes, nuestros pastores y l\u00edderes, durante el a\u00f1o que comienza. Sus respuestas reflexivas a las siguientes 6 preguntas son importantes para que podamos lograrlo, y esta encuesta no deber\u00eda tomar m\u00e1s de 5 a 10 minutos de su tiempo.<\/p>\n<p>Tenga en cuenta que esta es una encuesta a ciegas y sus respuestas permanecer\u00e1n confidenciales a menos que elija incluir su nombre al finalizar la encuesta.<\/p>\n<p>[\/et_pb_text][\/et_pb_column][et_pb_column type=\u201d1_2\u2033 _builder_version=\u201d4.20.2\u2033 _module_preset=\u201ddefault\u201d global_colors_info=\u201d{}\u201d][et_pb_video src=\u201dhttps:\/\/youtu.be\/Z1aHYB8nf5s\u201d image_src=\u201d\/\/i.ytimg.com\/vi\/Z1aHYB8nf5s\/hqdefault.jpg\u201d _builder_version=\u201d4.20.2\u2033 _module_preset=\u201ddefault\u201d global_colors_info=\u201d{}\u201d][\/et_pb_video][et_pb_text _builder_version=\u201d4.20.2\u2033 _m\u00f3dulo_preestablecido=\u201d4a96c51d-acdc-4581-a7ba-34fcf5b7188e\u201d informaci\u00f3n_global_colores=\u201d{}\u201d]<\/p>\n<p><em>Haga clic en el v\u00eddeo de arriba para obtener informaci\u00f3n sobre esta encuesta.<\/em><\/p>\n<p>[\/et_pb_text][\/et_pb_column][\/et_pb_row][\/et_pb_section][et_pb_section fb_built=\u201d1\u2033 _builder_version=\u201d4.20.0\u2033 _module_preset=\u201dpredeterminado\u201d background_enable_color=\u201doff\u201d global_colors_info=\u201d{}\u201d][et_pb_row _builder_version=\u201d4.20.0\u2033 _module_preset=\u201dpredeterminado\u201d global_colors_info=\u201d{}\u201d][et_pb_column type=\u201d4_4\u2033 _builder_version=\u201d4.20.0\u2033 _module_preset=\u201dpredeterminado\u201d global_colors_info=\u201d{}\u201d][et_pb_text _builder_version=\u201d4.20.2\u2033 _module_preset=\u201dpredeterminado\u201d informaci\u00f3n_global_colores=\u201d{}\u201d]<\/p>\n<h2>Responda la encuesta<\/h2>\n<p>[\/et_pb_text][ws_form_divi form_id=\u201d9\u2033 admin_label=\u201dFormulario WS\u201d _builder_version=\u201d4.20.2\u2033 _module_preset=\u201ddefault\u201d global_colors_info=\u201d{}\u201d][\/ws_form_divi][\/et_pb_column][\/et_pb_row][\/et_pb_section]<\/p>","protected":false},"excerpt":{"rendered":"<p>Encuesta de Conexi\u00f3n Pastoral [glt language=\u201dSpanish\u201d label=\u201dVer esta p\u00e1gina en espa\u00f1ol\u201d text=\u201dyes\u201d]Durante el oto\u00f1o de 2021, en preparaci\u00f3n para las nominaciones y la transici\u00f3n de los superintendentes, el Comit\u00e9 de Nominaci\u00f3n de Superintendentes organiz\u00f3 una serie de grupos de escucha dentro del FMCSC. Como parte de estos grupos, o mediante una encuesta por correo electr\u00f3nico, se solicit\u00f3 a nuestros l\u00edderes que compartieran sus comentarios sobre la comunicaci\u00f3n, la cultura, [\u2026]<\/p>","protected":false},"author":1,"featured_media":0,"parent":0,"menu_order":3,"comment_status":"closed","ping_status":"closed","template":"","meta":{"_acf_changed":false,"_et_pb_use_builder":"on","_et_pb_old_content":"","_et_gb_content_width":"","content-type":"","footnotes":"","_links_to":"","_links_to_target":""},"class_list":["post-54415","page","type-page","status-publish","hentry"],"acf":[],"yoast_head":"<!-- This site is optimized with the Yoast SEO plugin v27.3 - https:\/\/yoast.com\/product\/yoast-seo-wordpress\/ -->\n<title>Pastor Survey - Free Methodist Church in Southern California<\/title>\n<meta name=\"robots\" content=\"index, follow, max-snippet:-1, max-image-preview:large, max-video-preview:-1\" \/>\n<link rel=\"canonical\" href=\"https:\/\/fmcsc.org\/es\/survey\/\" \/>\n<meta property=\"og:locale\" content=\"es_MX\" \/>\n<meta property=\"og:type\" content=\"article\" \/>\n<meta property=\"og:title\" content=\"Pastor Survey - Free Methodist Church in Southern California\" \/>\n<meta property=\"og:description\" content=\"Pastoral Connection Survey [glt language=&quot;Spanish&quot; label=&quot;Ver esta p\u00e1gina en espa\u00f1ol&quot; text=&quot;yes&quot;]During the Fall of 2021, in preparation for Superintendent nominations and transition, the Superintendent Nominating Committee held a series of listening groups within the FMCSC. As part of these groups, or through an email survey, our leaders were asked to give feedback on communication, culture, [&hellip;]\" \/>\n<meta property=\"og:url\" content=\"https:\/\/fmcsc.org\/es\/wp-json\/wp\/v2\/pages\/54415\" \/>\n<meta property=\"og:site_name\" content=\"Free Methodist Church in Southern California\" \/>\n<meta property=\"article:publisher\" content=\"https:\/\/www.facebook.com\/FMCSC\" \/>\n<meta property=\"article:modified_time\" content=\"2023-03-15T00:31:36+00:00\" \/>\n<meta name=\"twitter:card\" content=\"summary_large_image\" \/>\n<meta name=\"twitter:site\" content=\"@fmcsc\" \/>\n<meta name=\"twitter:label1\" content=\"Tiempo de lectura\" \/>\n\t<meta name=\"twitter:data1\" content=\"2 minutos\" \/>\n<script type=\"application\/ld+json\" class=\"yoast-schema-graph\">{\"@context\":\"https:\\\/\\\/schema.org\",\"@graph\":[{\"@type\":\"WebPage\",\"@id\":\"https:\\\/\\\/fmcsc.org\\\/survey\\\/\",\"url\":\"https:\\\/\\\/fmcsc.org\\\/survey\\\/\",\"name\":\"Pastor Survey - Free Methodist Church in Southern California\",\"isPartOf\":{\"@id\":\"https:\\\/\\\/fmcsc.org\\\/#website\"},\"datePublished\":\"2023-03-14T22:16:54+00:00\",\"dateModified\":\"2023-03-15T00:31:36+00:00\",\"breadcrumb\":{\"@id\":\"https:\\\/\\\/fmcsc.org\\\/survey\\\/#breadcrumb\"},\"inLanguage\":\"es\",\"potentialAction\":[{\"@type\":\"ReadAction\",\"target\":[\"https:\\\/\\\/fmcsc.org\\\/survey\\\/\"]}]},{\"@type\":\"BreadcrumbList\",\"@id\":\"https:\\\/\\\/fmcsc.org\\\/survey\\\/#breadcrumb\",\"itemListElement\":[{\"@type\":\"ListItem\",\"position\":1,\"name\":\"Home\",\"item\":\"https:\\\/\\\/fmcsc.org\\\/\"},{\"@type\":\"ListItem\",\"position\":2,\"name\":\"Pastor Survey\"}]},{\"@type\":\"WebSite\",\"@id\":\"https:\\\/\\\/fmcsc.org\\\/#website\",\"url\":\"https:\\\/\\\/fmcsc.org\\\/\",\"name\":\"Free Methodist Church in Southern California\",\"description\":\"Love God. Love People. Make Disciples.\",\"publisher\":{\"@id\":\"https:\\\/\\\/fmcsc.org\\\/#organization\"},\"potentialAction\":[{\"@type\":\"SearchAction\",\"target\":{\"@type\":\"EntryPoint\",\"urlTemplate\":\"https:\\\/\\\/fmcsc.org\\\/?s={search_term_string}\"},\"query-input\":{\"@type\":\"PropertyValueSpecification\",\"valueRequired\":true,\"valueName\":\"search_term_string\"}}],\"inLanguage\":\"es\"},{\"@type\":\"Organization\",\"@id\":\"https:\\\/\\\/fmcsc.org\\\/#organization\",\"name\":\"Free Methodist Church in Southern California\",\"url\":\"https:\\\/\\\/fmcsc.org\\\/\",\"logo\":{\"@type\":\"ImageObject\",\"inLanguage\":\"es\",\"@id\":\"https:\\\/\\\/fmcsc.org\\\/#\\\/schema\\\/logo\\\/image\\\/\",\"url\":\"https:\\\/\\\/fmcsc.org\\\/wp-content\\\/uploads\\\/2021\\\/06\\\/logo-color.png\",\"contentUrl\":\"https:\\\/\\\/fmcsc.org\\\/wp-content\\\/uploads\\\/2021\\\/06\\\/logo-color.png\",\"width\":166,\"height\":144,\"caption\":\"Free Methodist Church in Southern California\"},\"image\":{\"@id\":\"https:\\\/\\\/fmcsc.org\\\/#\\\/schema\\\/logo\\\/image\\\/\"},\"sameAs\":[\"https:\\\/\\\/www.facebook.com\\\/FMCSC\",\"https:\\\/\\\/x.com\\\/fmcsc\",\"https:\\\/\\\/www.youtube.com\\\/channel\\\/UCCLhk49k4p6RkJbqYMr0SEQ\"]}]}<\/script>\n<!-- \/ Yoast SEO plugin. -->","yoast_head_json":{"title":"Encuesta para pastores - Iglesia Metodista Libre del Sur de California","robots":{"index":"index","follow":"follow","max-snippet":"max-snippet:-1","max-image-preview":"max-image-preview:large","max-video-preview":"max-video-preview:-1"},"canonical":"https:\/\/fmcsc.org\/es\/survey\/","og_locale":"es_MX","og_type":"article","og_title":"Pastor Survey - Free Methodist Church in Southern California","og_description":"Pastoral Connection Survey [glt language=\"Spanish\" label=\"Ver esta p\u00e1gina en espa\u00f1ol\" text=\"yes\"]During the Fall of 2021, in preparation for Superintendent nominations and transition, the Superintendent Nominating Committee held a series of listening groups within the FMCSC. As part of these groups, or through an email survey, our leaders were asked to give feedback on communication, culture, [&hellip;]","og_url":"https:\/\/fmcsc.org\/es\/wp-json\/wp\/v2\/pages\/54415","og_site_name":"Free Methodist Church in Southern California","article_publisher":"https:\/\/www.facebook.com\/FMCSC","article_modified_time":"2023-03-15T00:31:36+00:00","twitter_card":"summary_large_image","twitter_site":"@fmcsc","twitter_misc":{"Tiempo de lectura":"2 minutos"},"schema":{"@context":"https:\/\/schema.org","@graph":[{"@type":"WebPage","@id":"https:\/\/fmcsc.org\/survey\/","url":"https:\/\/fmcsc.org\/survey\/","name":"Encuesta para pastores - Iglesia Metodista Libre del Sur de California","isPartOf":{"@id":"https:\/\/fmcsc.org\/#website"},"datePublished":"2023-03-14T22:16:54+00:00","dateModified":"2023-03-15T00:31:36+00:00","breadcrumb":{"@id":"https:\/\/fmcsc.org\/survey\/#breadcrumb"},"inLanguage":"es","potentialAction":[{"@type":"ReadAction","target":["https:\/\/fmcsc.org\/survey\/"]}]},{"@type":"BreadcrumbList","@id":"https:\/\/fmcsc.org\/survey\/#breadcrumb","itemListElement":[{"@type":"ListItem","position":1,"name":"Home","item":"https:\/\/fmcsc.org\/"},{"@type":"ListItem","position":2,"name":"Pastor Survey"}]},{"@type":"WebSite","@id":"https:\/\/fmcsc.org\/#website","url":"https:\/\/fmcsc.org\/","name":"Iglesia Metodista Libre en el Sur de California","description":"Ama a Dios. Ama a la gente. Haz disc\u00edpulos.","publisher":{"@id":"https:\/\/fmcsc.org\/#organization"},"potentialAction":[{"@type":"SearchAction","target":{"@type":"EntryPoint","urlTemplate":"https:\/\/fmcsc.org\/?s={search_term_string}"},"query-input":{"@type":"PropertyValueSpecification","valueRequired":true,"valueName":"search_term_string"}}],"inLanguage":"es"},{"@type":"Organization","@id":"https:\/\/fmcsc.org\/#organization","name":"Iglesia Metodista Libre en el Sur de California","url":"https:\/\/fmcsc.org\/","logo":{"@type":"ImageObject","inLanguage":"es","@id":"https:\/\/fmcsc.org\/#\/schema\/logo\/image\/","url":"https:\/\/fmcsc.org\/wp-content\/uploads\/2021\/06\/logo-color.png","contentUrl":"https:\/\/fmcsc.org\/wp-content\/uploads\/2021\/06\/logo-color.png","width":166,"height":144,"caption":"Free Methodist Church in Southern California"},"image":{"@id":"https:\/\/fmcsc.org\/#\/schema\/logo\/image\/"},"sameAs":["https:\/\/www.facebook.com\/FMCSC","https:\/\/x.com\/fmcsc","https:\/\/www.youtube.com\/channel\/UCCLhk49k4p6RkJbqYMr0SEQ"]}]}},"jetpack_sharing_enabled":true,"_links":{"self":[{"href":"https:\/\/fmcsc.org\/es\/wp-json\/wp\/v2\/pages\/54415","targetHints":{"allow":["GET"]}}],"collection":[{"href":"https:\/\/fmcsc.org\/es\/wp-json\/wp\/v2\/pages"}],"about":[{"href":"https:\/\/fmcsc.org\/es\/wp-json\/wp\/v2\/types\/page"}],"author":[{"embeddable":true,"href":"https:\/\/fmcsc.org\/es\/wp-json\/wp\/v2\/users\/1"}],"replies":[{"embeddable":true,"href":"https:\/\/fmcsc.org\/es\/wp-json\/wp\/v2\/comments?post=54415"}],"version-history":[{"count":0,"href":"https:\/\/fmcsc.org\/es\/wp-json\/wp\/v2\/pages\/54415\/revisions"}],"wp:attachment":[{"href":"https:\/\/fmcsc.org\/es\/wp-json\/wp\/v2\/media?parent=54415"}],"curies":[{"name":"gracias","href":"https:\/\/api.w.org\/{rel}","templated":true}]}}