{"id":54353,"date":"2023-02-17T14:12:02","date_gmt":"2023-02-17T22:12:02","guid":{"rendered":"https:\/\/fmcsc.org\/?page_id=54353"},"modified":"2023-02-28T14:40:53","modified_gmt":"2023-02-28T22:40:53","slug":"delegates","status":"publish","type":"page","link":"https:\/\/fmcsc.org\/es\/delegates\/","title":{"rendered":"Informes de delegados"},"content":{"rendered":"<p>[et_pb_section fb_built=\u201d1\u2033 _builder_version=\u201d4.20.0\u2033 _module_preset=\u201dpredeterminado\u201d background_color=\u201drgba(0,0,0,0.45)\u201d background_image=\u201dhttps:\/\/fmcsc.org\/wp-content\/uploads\/2023\/02\/bd7gnnwjbku-1.jpg\u201d background_blend=\u201dmultiplicar\u201d custom_padding=\u201d150px||57px||false|false\u201d global_colors_info=\u201d{}\u201d][et_pb_row column_structure=\u201d2_3,1_3\u2033 _builder_version=\u201d4.16\u2033 _module_preset=\u201d11f3522d-3ed7-4fa2-8fcf-bb73f19c80b2\u2033 Informaci\u00f3n global de colores = &quot;{}&quot;] [Tipo de columna et_pb = &quot;2_3&quot;] _versi\u00f3n del constructor = &quot;4.16&quot;] _ajuste preestablecido del m\u00f3dulo = &quot;1959b601-9003-4bfb-9e5d-a162186b7575&quot; Informaci\u00f3n global de colores = &quot;{}&quot;] [Texto et_pb _versi\u00f3n del constructor = &quot;4.20.0&quot;] _ajuste preestablecido del m\u00f3dulo = &quot;predeterminado&quot;] Dise\u00f1o de fondo = &quot;oscuro&quot;]<\/p>\n<h1>Informes de delegados<\/h1>\n<p>[glt language=\u201dEspa\u00f1ol\u201d label=\u201dVer esta p\u00e1gina en espa\u00f1ol\u201d text=\u201dyes\u201d]<\/p>\n<p>[\/et_pb_text][\/et_pb_column][et_pb_column tipo=\u201d1_3\u2033 _builder_version=\u201d4.16\u2033 _module_preset=\u201d1959b601-9003-4bfb-9e5d-a162186b7575\u2033 global_colors_info=\u201d{}\u201d][\/et_pb_column][\/et_pb_row][\/et_pb_section][et_pb_section fb_built=\u201d1\u2033 specialty=\u201don\u201d _builder_version=\u201d4.20.0\u2033 _module_preset=\u201ddefault\u201d background_color=\u201d#EEEDEC\u201d global_colors_info=\u201d{}\u201d][et_pb_column tipo=\u201d3_4\u2033 specialty_columns=\u201d3\u2033 _builder_version=\u201d4.16\u2033 custom_padding=\u201d|||\u201d global_colors_info=\u201d{}\u201d custom_padding__hover=\u201d|||\u201d][et_pb_row_inner _builder_version=\u201d4.20.0\u2033 _module_preset=\u201ddefault\u201d global_colors_info=\u201d{}\u201d][et_pb_column_inner saved_specialty_column_type=\u201d3_4\u2033 _builder_version=\u201d4.20.0\u2033 _module_preset=\u201ddefault\u201d global_colors_info=\u201d{}\u201d][et_pb_text _builder_version=\u201d4.20.0\u2033 _module_preset=\u201ddefault\u201d global_colors_info=\u201d{}\u201d]<\/p>\n<p>Desde la fundaci\u00f3n de la Iglesia Metodista Libre, escuchar las voces de nuestros miembros y l\u00edderes ha sido un valor importante. Para garantizar que cada sociedad est\u00e9 plenamente representada, les pedimos que proporcionen un informe completo de sus delegados electos cada a\u00f1o. <strong>Para comenzar, revise algunas reglas importantes a continuaci\u00f3n.<\/strong><\/p>\n<p>[\/et_pb_text][\/et_pb_column_inner][\/et_pb_row_inner][et_pb_row_inner estructura_columna=\u201d1_3,1_3,1_3\u2033 _builder_version=\u201d4.20.0\u2033 _module_preset=\u201dpredeterminado\u201d relleno_personalizado=\u201d0px||||falso|falso\u201d informaci\u00f3n_colores_globales=\u201d{}\u201d][et_pb_column_inner tipo=\u201d1_3\u2033 tipo_columna_especialidad_guardada=\u201d3_4\u2033 _builder_version=\u201d4.20.0\u2033 _module_preset=\u201dpredeterminado\u201d informaci\u00f3n_colores_globales=\u201d{}\u201d][et_pb_text _builder_version=\u201d4.20.0\u2033 _m\u00f3dulo_preestablecido=\u201d4a96c51d-acdc-4581-a7ba-34fcf5b7188e\u201d informaci\u00f3n_global_colores=\u201d{}\u201d]<\/p>\n<h5>No es inscripci\u00f3n a la conferencia anual<\/h5>\n<p>Si bien registrarse como delegado es el primer paso para asistir a la Conferencia Anual, esto no se considera registro para el evento.<\/p>\n<p><strong>Cada delegado deber\u00e1 registrarse en una fecha posterior.<\/strong><\/p>\n<p>[\/et_pb_text][\/et_pb_column_inner][et_pb_column_inner tipo=\u201d1_3\u2033 tipo_columna_especial_guardada=\u201d3_4\u2033 _builder_version=\u201d4.20.0\u2033 _module_preset=\u201dpredeterminado\u201d informaci\u00f3n_global_colores=\u201d{}\u201d][et_pb_text _builder_version=\u201d4.20.0\u2033 _module_preset=\u201d4a96c51d-acdc-4581-a7ba-34fcf5b7188e\u201d informaci\u00f3n_global_colores=\u201d{}\u201d]<\/p>\n<h5>Cada delegado debe tener informaci\u00f3n \u00fanica<\/h5>\n<p>Entendemos que los delegados de su iglesia pueden no querer proporcionar su direcci\u00f3n de correo electr\u00f3nico a lo que perciben como un tercero. Sin embargo, es esencial para la votaci\u00f3n en l\u00ednea que cada delegado tenga una direcci\u00f3n de correo electr\u00f3nico personal y \u00fanica que podamos usar para comunicarnos con ellos directamente.<\/p>\n<p>[\/et_pb_text][\/et_pb_column_inner][et_pb_column_inner tipo=\u201d1_3\u2033 tipo_columna_especial_guardada=\u201d3_4\u2033 _builder_version=\u201d4.20.0\u2033 _module_preset=\u201dpredeterminado\u201d informaci\u00f3n_global_colores=\u201d{}\u201d][et_pb_text _builder_version=\u201d4.20.0\u2033 _module_preset=\u201d4a96c51d-acdc-4581-a7ba-34fcf5b7188e\u201d informaci\u00f3n_global_colores=\u201d{}\u201d]<\/p>\n<h5>No utilice la informaci\u00f3n de contacto de la Iglesia para los delegados<\/h5>\n<p>Si no tiene informaci\u00f3n de contacto personal de sus delegados, comun\u00edquese con ellos para obtener esa informaci\u00f3n antes de completar este informe. Si utiliza una direcci\u00f3n de correo electr\u00f3nico, un n\u00famero de tel\u00e9fono o una direcci\u00f3n postal de la iglesia, es posible que ese delegado sea rechazado en nuestro sistema.<\/p>\n<p>[\/et_pb_text][\/et_pb_column_inner][\/et_pb_row_inner][\/et_pb_column][et_pb_column tipo=\u201d1_4\u2033 _builder_version=\u201d4.16\u2033 relleno_personalizado=\u201d|||\u201d Informaci\u00f3n global de colores = &quot;{}&quot; relleno_personalizado__hover = &quot;|||&quot;][et_pb_image src = &quot;https:\/\/fmcsc.org\/wp-content\/uploads\/2022\/04\/220420-votaci\u00f3n-con-foto-por-correo.jpg&quot; texto_del_t\u00edtulo = &quot;220420-votaci\u00f3n-con-foto-por-correo&quot; _versi\u00f3n_del_constructor = &quot;4.20.0&quot; _ajuste_predeterminado_del_m\u00f3dulo = &quot;predeterminado&quot; Informaci\u00f3n global de colores = &quot;{}&quot;][\/et_pb_image][\/et_pb_column][\/et_pb_section][et_pb_section fb_built = &quot;1&quot; _versi\u00f3n_del_constructor = &quot;4.20.0&quot; _ajuste_predeterminado_del_m\u00f3dulo = &quot;predeterminado&quot; Color_de_fondo_habilitado = &quot;desactivado&quot; Informaci\u00f3n global de colores = &quot;{}&quot;][et_pb_row _builder_version=\u201d4.20.0\u2033 _module_preset=\u201dpredeterminado\u201d global_colors_info=\u201d{}\u201d][et_pb_column type=\u201d4_4\u2033 _builder_version=\u201d4.20.0\u2033 _module_preset=\u201dpredeterminado\u201d global_colors_info=\u201d{}\u201d][et_pb_text _builder_version=\u201d4.20.0\u2033 _module_preset=\u201dpredeterminado\u201d global_colors_info=\u201d{}\u201d]<\/p>\n<h3>Formulario de informe de delegados<\/h3>\n<p>[\/et_pb_text][\/et_pb_column][\/et_pb_row][et_pb_row estructura_columna=\u201d3_4,1_4\u2033 _builder_version=\u201d4.20.0\u2033 _module_preset=\u201dpredeterminado\u201d informaci\u00f3n_global_colors=\u201d{}\u201d][et_pb_column tipo=\u201d3_4\u2033 _builder_version=\u201d4.20.0\u2033 _module_preset=\u201dpredeterminado\u201d informaci\u00f3n_global_colors=\u201d{}\u201d][ws_form_divi id_form=\u201d8\u2033 _builder_version=\u201d4.20.0\u2033 _module_preset=\u201dpredeterminado\u201d informaci\u00f3n_global_colors=\u201d{}\u201d][\/ws_form_divi][\/et_pb_column][et_pb_column tipo=\u201d1_4\u2033 _builder_version=\u201d4.20.0\u2033 _module_preset=\u201dpredeterminado\u201d global_colors_info=\u201d{}\u201d][et_pb_text _builder_version=\u201d4.20.0\u2033 _module_preset=\u201d8835ef0f-c009-430e-8574-a76f07b4f536\u2033 global_colors_info=\u201d{}\u201d]<\/p>\n<h5>\u00bfNecesitar ayuda?<\/h5>\n<p>\u00bfTiene preguntas sobre este formulario o necesita ayuda con su informe? Estaremos encantados de ayudarle. Env\u00edenos un correo electr\u00f3nico a <a href=\"mailto:info@fmcsc.org\">info@fmcsc.org<\/a> y nos pondremos en contacto con usted lo antes posible.<\/p>\n<p>[\/et_pb_text][\/et_pb_column][\/et_pb_row][\/et_pb_section]<\/p>","protected":false},"excerpt":{"rendered":"<p>Informe de Delegados [glt language=\u201dSpanish\u201d label=\u201dVer esta p\u00e1gina en espa\u00f1ol\u201d text=\u201dyes\u201d]Desde la fundaci\u00f3n de la Iglesia Metodista Libre, escuchar las voces de nuestros miembros y l\u00edderes ha sido un valor fundamental. Para garantizar que cada sociedad est\u00e9 plenamente representada, les solicitamos que proporcionen un informe completo de sus delegados electos cada a\u00f1o. Para comenzar, [\u2026]<\/p>","protected":false},"author":1,"featured_media":0,"parent":0,"menu_order":4,"comment_status":"closed","ping_status":"closed","template":"","meta":{"_acf_changed":false,"_et_pb_use_builder":"on","_et_pb_old_content":"","_et_gb_content_width":"","content-type":"","footnotes":"","_links_to":"","_links_to_target":""},"class_list":["post-54353","page","type-page","status-publish","hentry"],"acf":[],"yoast_head":"<!-- This site is optimized with the Yoast SEO plugin v27.4 - https:\/\/yoast.com\/product\/yoast-seo-wordpress\/ -->\n<title>Delegate Reporting - Free Methodist Church in Southern California<\/title>\n<meta name=\"robots\" content=\"index, follow, max-snippet:-1, max-image-preview:large, max-video-preview:-1\" \/>\n<link rel=\"canonical\" href=\"https:\/\/fmcsc.org\/es\/delegates\/\" \/>\n<meta property=\"og:locale\" content=\"es_MX\" \/>\n<meta property=\"og:type\" content=\"article\" \/>\n<meta property=\"og:title\" content=\"Delegate Reporting - Free Methodist Church in Southern California\" \/>\n<meta property=\"og:description\" content=\"Delegate Reporting [glt language=&quot;Spanish&quot; label=&quot;Ver esta p\u00e1gina en espa\u00f1ol&quot; text=&quot;yes&quot;]From the founding of the Free Methodist Church, hearing the voices of our members and leaders has been an important value. To ensure that each society is fully represented we ask that they provide a complete reporting of their elected delegates each year. To get started, [&hellip;]\" \/>\n<meta property=\"og:url\" content=\"https:\/\/fmcsc.org\/es\/wp-json\/wp\/v2\/pages\/54353\" \/>\n<meta property=\"og:site_name\" content=\"Free Methodist Church in Southern California\" \/>\n<meta property=\"article:publisher\" content=\"https:\/\/www.facebook.com\/FMCSC\" \/>\n<meta property=\"article:modified_time\" content=\"2023-02-28T22:40:53+00:00\" \/>\n<meta name=\"twitter:card\" content=\"summary_large_image\" \/>\n<meta name=\"twitter:site\" content=\"@fmcsc\" \/>\n<meta name=\"twitter:label1\" content=\"Tiempo de lectura\" \/>\n\t<meta name=\"twitter:data1\" content=\"2 minutos\" \/>\n<script type=\"application\/ld+json\" class=\"yoast-schema-graph\">{\"@context\":\"https:\\\/\\\/schema.org\",\"@graph\":[{\"@type\":\"WebPage\",\"@id\":\"https:\\\/\\\/fmcsc.org\\\/delegates\\\/\",\"url\":\"https:\\\/\\\/fmcsc.org\\\/delegates\\\/\",\"name\":\"Delegate Reporting - Free Methodist Church in Southern California\",\"isPartOf\":{\"@id\":\"https:\\\/\\\/fmcsc.org\\\/#website\"},\"datePublished\":\"2023-02-17T22:12:02+00:00\",\"dateModified\":\"2023-02-28T22:40:53+00:00\",\"breadcrumb\":{\"@id\":\"https:\\\/\\\/fmcsc.org\\\/delegates\\\/#breadcrumb\"},\"inLanguage\":\"es\",\"potentialAction\":[{\"@type\":\"ReadAction\",\"target\":[\"https:\\\/\\\/fmcsc.org\\\/delegates\\\/\"]}]},{\"@type\":\"BreadcrumbList\",\"@id\":\"https:\\\/\\\/fmcsc.org\\\/delegates\\\/#breadcrumb\",\"itemListElement\":[{\"@type\":\"ListItem\",\"position\":1,\"name\":\"Home\",\"item\":\"https:\\\/\\\/fmcsc.org\\\/\"},{\"@type\":\"ListItem\",\"position\":2,\"name\":\"Delegate Reporting\"}]},{\"@type\":\"WebSite\",\"@id\":\"https:\\\/\\\/fmcsc.org\\\/#website\",\"url\":\"https:\\\/\\\/fmcsc.org\\\/\",\"name\":\"Free Methodist Church in Southern California\",\"description\":\"Love God. Love People. Make Disciples.\",\"publisher\":{\"@id\":\"https:\\\/\\\/fmcsc.org\\\/#organization\"},\"potentialAction\":[{\"@type\":\"SearchAction\",\"target\":{\"@type\":\"EntryPoint\",\"urlTemplate\":\"https:\\\/\\\/fmcsc.org\\\/?s={search_term_string}\"},\"query-input\":{\"@type\":\"PropertyValueSpecification\",\"valueRequired\":true,\"valueName\":\"search_term_string\"}}],\"inLanguage\":\"es\"},{\"@type\":\"Organization\",\"@id\":\"https:\\\/\\\/fmcsc.org\\\/#organization\",\"name\":\"Free Methodist Church in Southern California\",\"url\":\"https:\\\/\\\/fmcsc.org\\\/\",\"logo\":{\"@type\":\"ImageObject\",\"inLanguage\":\"es\",\"@id\":\"https:\\\/\\\/fmcsc.org\\\/#\\\/schema\\\/logo\\\/image\\\/\",\"url\":\"https:\\\/\\\/fmcsc.org\\\/wp-content\\\/uploads\\\/2021\\\/06\\\/logo-color.png\",\"contentUrl\":\"https:\\\/\\\/fmcsc.org\\\/wp-content\\\/uploads\\\/2021\\\/06\\\/logo-color.png\",\"width\":166,\"height\":144,\"caption\":\"Free Methodist Church in Southern California\"},\"image\":{\"@id\":\"https:\\\/\\\/fmcsc.org\\\/#\\\/schema\\\/logo\\\/image\\\/\"},\"sameAs\":[\"https:\\\/\\\/www.facebook.com\\\/FMCSC\",\"https:\\\/\\\/x.com\\\/fmcsc\",\"https:\\\/\\\/www.youtube.com\\\/channel\\\/UCCLhk49k4p6RkJbqYMr0SEQ\"]}]}<\/script>\n<!-- \/ Yoast SEO plugin. -->","yoast_head_json":{"title":"Informes de los delegados - Iglesia Metodista Libre del Sur de California","robots":{"index":"index","follow":"follow","max-snippet":"max-snippet:-1","max-image-preview":"max-image-preview:large","max-video-preview":"max-video-preview:-1"},"canonical":"https:\/\/fmcsc.org\/es\/delegates\/","og_locale":"es_MX","og_type":"article","og_title":"Delegate Reporting - Free Methodist Church in Southern California","og_description":"Delegate Reporting [glt language=\"Spanish\" label=\"Ver esta p\u00e1gina en espa\u00f1ol\" text=\"yes\"]From the founding of the Free Methodist Church, hearing the voices of our members and leaders has been an important value. To ensure that each society is fully represented we ask that they provide a complete reporting of their elected delegates each year. To get started, [&hellip;]","og_url":"https:\/\/fmcsc.org\/es\/wp-json\/wp\/v2\/pages\/54353","og_site_name":"Free Methodist Church in Southern California","article_publisher":"https:\/\/www.facebook.com\/FMCSC","article_modified_time":"2023-02-28T22:40:53+00:00","twitter_card":"summary_large_image","twitter_site":"@fmcsc","twitter_misc":{"Tiempo de lectura":"2 minutos"},"schema":{"@context":"https:\/\/schema.org","@graph":[{"@type":"WebPage","@id":"https:\/\/fmcsc.org\/delegates\/","url":"https:\/\/fmcsc.org\/delegates\/","name":"Informes de los delegados - Iglesia Metodista Libre del Sur de California","isPartOf":{"@id":"https:\/\/fmcsc.org\/#website"},"datePublished":"2023-02-17T22:12:02+00:00","dateModified":"2023-02-28T22:40:53+00:00","breadcrumb":{"@id":"https:\/\/fmcsc.org\/delegates\/#breadcrumb"},"inLanguage":"es","potentialAction":[{"@type":"ReadAction","target":["https:\/\/fmcsc.org\/delegates\/"]}]},{"@type":"BreadcrumbList","@id":"https:\/\/fmcsc.org\/delegates\/#breadcrumb","itemListElement":[{"@type":"ListItem","position":1,"name":"Home","item":"https:\/\/fmcsc.org\/"},{"@type":"ListItem","position":2,"name":"Delegate Reporting"}]},{"@type":"WebSite","@id":"https:\/\/fmcsc.org\/#website","url":"https:\/\/fmcsc.org\/","name":"Iglesia Metodista Libre en el Sur de California","description":"Ama a Dios. Ama a la gente. Haz disc\u00edpulos.","publisher":{"@id":"https:\/\/fmcsc.org\/#organization"},"potentialAction":[{"@type":"SearchAction","target":{"@type":"EntryPoint","urlTemplate":"https:\/\/fmcsc.org\/?s={search_term_string}"},"query-input":{"@type":"PropertyValueSpecification","valueRequired":true,"valueName":"search_term_string"}}],"inLanguage":"es"},{"@type":"Organization","@id":"https:\/\/fmcsc.org\/#organization","name":"Iglesia Metodista Libre en el Sur de California","url":"https:\/\/fmcsc.org\/","logo":{"@type":"ImageObject","inLanguage":"es","@id":"https:\/\/fmcsc.org\/#\/schema\/logo\/image\/","url":"https:\/\/fmcsc.org\/wp-content\/uploads\/2021\/06\/logo-color.png","contentUrl":"https:\/\/fmcsc.org\/wp-content\/uploads\/2021\/06\/logo-color.png","width":166,"height":144,"caption":"Free Methodist Church in Southern California"},"image":{"@id":"https:\/\/fmcsc.org\/#\/schema\/logo\/image\/"},"sameAs":["https:\/\/www.facebook.com\/FMCSC","https:\/\/x.com\/fmcsc","https:\/\/www.youtube.com\/channel\/UCCLhk49k4p6RkJbqYMr0SEQ"]}]}},"jetpack_sharing_enabled":true,"_links":{"self":[{"href":"https:\/\/fmcsc.org\/es\/wp-json\/wp\/v2\/pages\/54353","targetHints":{"allow":["GET"]}}],"collection":[{"href":"https:\/\/fmcsc.org\/es\/wp-json\/wp\/v2\/pages"}],"about":[{"href":"https:\/\/fmcsc.org\/es\/wp-json\/wp\/v2\/types\/page"}],"author":[{"embeddable":true,"href":"https:\/\/fmcsc.org\/es\/wp-json\/wp\/v2\/users\/1"}],"replies":[{"embeddable":true,"href":"https:\/\/fmcsc.org\/es\/wp-json\/wp\/v2\/comments?post=54353"}],"version-history":[{"count":0,"href":"https:\/\/fmcsc.org\/es\/wp-json\/wp\/v2\/pages\/54353\/revisions"}],"wp:attachment":[{"href":"https:\/\/fmcsc.org\/es\/wp-json\/wp\/v2\/media?parent=54353"}],"curies":[{"name":"gracias","href":"https:\/\/api.w.org\/{rel}","templated":true}]}}