{"id":54332,"date":"2023-02-17T07:24:32","date_gmt":"2023-02-17T15:24:32","guid":{"rendered":"https:\/\/fmcsc.org\/?page_id=54332"},"modified":"2024-12-17T14:02:33","modified_gmt":"2024-12-17T22:02:33","slug":"celebration","status":"publish","type":"page","link":"https:\/\/fmcsc.org\/es\/celebration\/","title":{"rendered":"Celebraci\u00f3n de los Pastores 2025"},"content":{"rendered":"<p>[et_pb_section fb_built=\u201d1\u2033 _builder_version=\u201d4.27.3\u2033 _module_preset=\u201ddefault\u201d background_color=\u201drgba(10,10,10,0)\u201d background_image=\u201dhttps:\/\/fmcsc.org\/wp-content\/uploads\/2024\/11\/PE25_WEB_Header_01_EN.jpg\u201d background_blend=\u201dmultiply\u201d custom_padding=\u201d150px||57px||false|false\u201d background_color_tablet=\u201drgba(10,10,10,0.4)\u201d background_last_edited=\u201don|tablet\u201d background_enable_color_tablet=\u201don\u201d Imagen de fondo_tableta=\u201dhttps:\/\/fmcsc.org\/wp-content\/uploads\/2024\/11\/PE25_WEB_HeaderMobile_01_EN@2x.jpg\u201d Imagen de fondo_tableta_habilitada=\u201dactivada\u201d Posici\u00f3n de fondo_tableta=\u201darriba_centro\u201d Informaci\u00f3n global de colores=\u201d{}\u201d][et_pb_row Estructura de columna=\u201d2_3,1_3\u2033 Versi\u00f3n del generador=\u201d4.16\u2033 Ajuste preestablecido del m\u00f3dulo=\u201d11f3522d-3ed7-4fa2-8fcf-bb73f19c80b2\u2033 Informaci\u00f3n global de colores=\u201d{}\u201d][et_pb_column Tipo=\u201d2_3\u2033 Versi\u00f3n del generador=\u201d4.16\u2033 _module_preset=\u201d1959b601-9003-4bfb-9e5d-a162186b7575\u2033 global_colors_info=\u201d{}\u201d][et_pb_image src=\u201dhttps:\/\/fmcsc.org\/wp-content\/uploads\/2024\/11\/PE25_WEB_Logo_01_EN@2x.png\u201d alt=\u201dAceite fresco, unci\u00f3n fresca\u201d title_text=\u201dPE25_WEB_Logo_01_EN@2x\u201d align_tablet=\u201dcenter\u201d align_phone=\u201dcenter\u201d align_last_edited=\u201don|desktop\u201d _builder_version=\u201d4.27.3\u2033 _module_preset=\u201ddefault\u201d max_height=\u201d240px\u201d Informaci\u00f3n global de colores = &quot;{}&quot;][\/et_pb_image][et_pb_text _builder_version = &quot;4.27.3&quot; _module_preset = &quot;predeterminado&quot; fuente del enlace = &quot;||||on|||#EEEDEC|&quot; color del texto del enlace = &quot;#EEEDEC&quot; dise\u00f1o de fondo = &quot;oscuro&quot; orientaci\u00f3n del texto en la tableta = &quot;centro&quot; orientaci\u00f3n del texto en el tel\u00e9fono = &quot;centro&quot; orientaci\u00f3n del texto por \u00faltima edici\u00f3n = &quot;on|phone&quot; Informaci\u00f3n global de colores = &quot;{}&quot;]<\/p>\n<p><span>[glt language=\u201dEspa\u00f1ol\u201d label=\u201dVer esta p\u00e1gina en espa\u00f1ol\u201d text=\u201dyes\u201d]<\/span><\/p>\n<p>[\/et_pb_text][\/et_pb_column][et_pb_column tipo=\u201d1_3\u2033 _builder_version=\u201d4.16\u2033 _module_preset=\u201d1959b601-9003-4bfb-9e5d-a162186b7575\u2033 global_colors_info=\u201d{}\u201d][\/et_pb_column][\/et_pb_row][\/et_pb_section][et_pb_section fb_built=\u201d1\u2033 especialidad=\u201dactivado\u201d padding_top_bottom_link_1=\u201dfalso\u201d padding_top_bottom_link_2=\u201dfalso\u201d padding_left_right_link_1=\u201dfalso\u201d padding_left_right_link_2=\u201dfalso\u201d _builder_version=\u201d4.19.4\u2033 _module_preset=\u201dpredeterminado\u201d custom_margin=\u201d||||falso|falso\u201d custom_padding=\u201d||||falso|falso\u201d global_colors_info=\u201d{}\u201d][et_pb_column type=\u201d2_3\u2033 speciality_columns=\u201d2\u2033 _builder_version=\u201d4.16\u2033 custom_padding=\u201d|||\u201d Informaci\u00f3n global de colores = &quot;{}&quot; relleno_personalizado__hover = &quot;|||&quot;][et_pb_row_inner _builder_version = &quot;4.19.4&quot; _module_preset = &quot;predeterminado&quot; relleno_personalizado = &quot;||0px||false|false&quot; Informaci\u00f3n global de colores = &quot;{}&quot;][et_pb_column_inner tipo_columna_especialidad_guardada = &quot;2_3&quot; _builder_version = &quot;4.19.4&quot; _module_preset = &quot;predeterminado&quot; Informaci\u00f3n global de colores = &quot;{}&quot;][et_pb_text _builder_version = &quot;4.27.3&quot; _module_preset = &quot;predeterminado&quot; Informaci\u00f3n global de colores = &quot;{}&quot;]<\/p>\n<p>El ministerio a menudo puede resultar aislante y abrumador. Enfrentar los desaf\u00edos de la fe, el liderazgo y las limitaciones de recursos puede hacer que muchos l\u00edderes se sientan abrumados. En medio del servicio a los dem\u00e1s, es vital encontrar momentos de descanso y alimento espiritual para usted y sus seres queridos. Es por eso que estamos encantados de invitarlo a unirse a su familia Metodista Libre para un momento especial de <strong>Adoraci\u00f3n, compa\u00f1erismo y renovaci\u00f3n<\/strong> en nuestro Evento de Pastores 2025.<\/p>\n<p>Juntos, participaremos en conexiones significativas, haremos tiempo para compartir historias y recibiremos herramientas de equipamiento para prosperar en el ministerio en esta reuni\u00f3n especial en persona.<\/p>\n<p><strong>Tenga en cuenta que este es un evento privado para pastores invitados y personal de la Iglesia Metodista Libre en el Sur de California.<\/strong><\/p>\n<p>[\/et_pb_text][\/et_pb_column_inner][\/et_pb_row_inner][et_pb_row_inner estructura_columna=\u201d1_2,1_2\u2033 _builder_version=\u201d4.19.4\u2033 _module_preset=\u201dpredeterminado\u201d informaci\u00f3n_global_colors=\u201d{}\u201d][et_pb_column_inner tipo=\u201d1_2\u2033 tipo_columna_especialidad_guardada=\u201d2_3\u2033 _builder_version=\u201d4.19.4\u2033 _module_preset=\u201dpredeterminado\u201d informaci\u00f3n_global_colors=\u201d{}\u201d][et_pb_text _builder_version=\u201d4.20.0\u2033 _module_preset=\u201dpredeterminado\u201d informaci\u00f3n_global_colors=\u201d{}\u201d]<\/p>\n<h4>Ubicaci\u00f3n<\/h4>\n<p>Primera Iglesia del Nazareno de Pasadena<br \/>Capilla Lee <br \/>3700 East Sierra Madre Boulevard<br \/>Pasadena, California 91107<\/p>\n<p>[\/et_pb_text][et_pb_button button_url=\u201dhttps:\/\/goo.gl\/maps\/ukuVT4Jo2Cd5EpJL9\u2033 url_new_window=\u201don\u201d button_text=\u201dInstrucciones\u201d _builder_version=\u201d4.20.0\u2033 _module_preset=\u201ddefault\u201d button_rel=\u201doff|on|off|off|off\u201d global_colors_info=\u201d{}\u201d][\/et_pb_button][\/et_pb_column_inner][et_pb_column_inner type=\u201d1_2\u2033 saved_specialty_column_type=\u201d2_3\u2033 _builder_version=\u201d4.19.4\u2033 _module_preset=\u201ddefault\u201d global_colors_info=\u201d{}\u201d][et_pb_text _builder_version=\u201d4.27.3\u2033 _module_preset=\u201ddefault\u201d global_colors_info=\u201d{}\u201d]<\/p>\n<h4>Horarios y detalles<\/h4>\n<p><strong>S\u00e1bado 22 de febrero de 2025<\/strong> <br \/>9:30 am \u2013 Caf\u00e9, bocadillos y compa\u00f1erismo <br \/>10:00 am \u2013 12:00 pm \u2013 Programa<br \/>12:00pm \u2013 1:00pm \u2013 Almuerzo incluido<\/p>\n<p>[\/et_pb_text][\/et_pb_column_inner][\/et_pb_row_inner][\/et_pb_column][et_pb_column tipo=\u201d1_3\u2033 _builder_version=\u201d4.16\u2033 relleno_personalizado=\u201d|||\u201d Informaci\u00f3n global de colores = &quot;{}&quot; Relleno personalizado__hover = &quot;|||&quot;][Origen de la imagen de et_pb = &quot;https:\/\/fmcsc.org\/wp-content\/uploads\/2024\/11\/PE25_EM_Photo_01_EN@2x.jpg&quot; Texto del t\u00edtulo = &quot;PE25_EM_Photo_01_EN@2x&quot; _Versi\u00f3n del constructor = &quot;4.27.3&quot; _Ajuste predefinido del m\u00f3dulo = &quot;Predeterminado&quot; Informaci\u00f3n global de colores = &quot;{}&quot;][\/Imagen de et_pb][\/Columna de et_pb][\/Secci\u00f3n de et_pb][Secci\u00f3n de et_pb fb_built = &quot;1&quot; Activado por deshabilitado = &quot;Desactivado | Desactivado | Desactivado&quot; _Versi\u00f3n del constructor = &quot;4.27.4&quot; _Ajuste predefinido del m\u00f3dulo = &quot;Predeterminado&quot; Color de fondo = &quot;#EEEDEC&quot; hover_enabled=\u201d0\u2033 global_colors_info=\u201d{}\u201d sticky_enabled=\u201d0\u2033][et_pb_row _builder_version=\u201d4.20.0\u2033 _module_preset=\u201dpredeterminado\u201d global_colors_info=\u201d{}\u201d][et_pb_column type=\u201d4_4\u2033 _builder_version=\u201d4.20.0\u2033 _module_preset=\u201dpredeterminado\u201d global_colors_info=\u201d{}\u201d][et_pb_text _builder_version=\u201d4.20.0\u2033 _module_preset=\u201dpredeterminado\u201d global_colors_info=\u201d{}\u201d]<\/p>\n<h3>Confirme su asistencia hoy<\/h3>\n<p>[\/et_pb_text][\/et_pb_column][\/et_pb_row][et_pb_row estructura_columna=\u201d3_4,1_4\u2033 _builder_version=\u201d4.20.0\u2033 _module_preset=\u201dpredeterminado\u201d informaci\u00f3n_global_colors=\u201d{}\u201d][et_pb_column tipo=\u201d3_4\u2033 _builder_version=\u201d4.20.0\u2033 _module_preset=\u201dpredeterminado\u201d informaci\u00f3n_global_colors=\u201d{}\u201d][ws_form_divi id_form=\u201d12\u2033 _builder_version=\u201d4.27.3\u2033 _module_preset=\u201dpredeterminado\u201d informaci\u00f3n_global_colors=\u201d{}\u201d][\/ws_form_divi][\/et_pb_column][et_pb_column tipo=\u201d1_4\u2033 _builder_version=\u201d4.20.0\u2033 _module_preset=\u201dpredeterminado\u201d global_colors_info=\u201d{}\u201d][et_pb_text _builder_version=\u201d4.20.0\u2033 _module_preset=\u201dpredeterminado\u201d global_colors_info=\u201d{}\u201d]<\/p>\n<h4>\u00bfNecesitar ayuda?<\/h4>\n<p>\u00bfTienes preguntas sobre este evento o necesitas ayuda para registrarte? Estaremos encantados de ayudarte. Env\u00edanos un correo electr\u00f3nico a <a href=\"mailto:info@fmcsc.org\">info@fmcsc.org<\/a> y nos pondremos en contacto con usted lo antes posible.<\/p>\n<p>[\/et_pb_text][\/et_pb_column][\/et_pb_row][\/et_pb_section]<\/p>","protected":false},"excerpt":{"rendered":"<p>El ministerio a menudo puede resultar aislado y abrumador. Lidiar con los desaf\u00edos de la fe, el liderazgo y las limitaciones de recursos puede dejar a muchos l\u00edderes sinti\u00e9ndose abrumados. En medio del servicio a los dem\u00e1s, es vital encontrar momentos de descanso y alimento espiritual para ti y tus seres queridos. Por eso estamos [\u2026]<\/p>","protected":false},"author":1,"featured_media":0,"parent":0,"menu_order":5,"comment_status":"closed","ping_status":"closed","template":"","meta":{"_acf_changed":false,"_et_pb_use_builder":"on","_et_pb_old_content":"","_et_gb_content_width":"","content-type":"","footnotes":"","_links_to":"","_links_to_target":""},"class_list":["post-54332","page","type-page","status-publish","hentry"],"acf":[],"yoast_head":"<!-- This site is optimized with the Yoast SEO plugin v27.4 - https:\/\/yoast.com\/product\/yoast-seo-wordpress\/ -->\n<title>Pastors Celebration 2025 - Free Methodist Church in Southern California<\/title>\n<meta name=\"robots\" content=\"index, follow, max-snippet:-1, max-image-preview:large, max-video-preview:-1\" \/>\n<link rel=\"canonical\" href=\"https:\/\/fmcsc.org\/es\/celebration\/\" \/>\n<meta property=\"og:locale\" content=\"es_MX\" \/>\n<meta property=\"og:type\" content=\"article\" \/>\n<meta property=\"og:title\" content=\"Pastors Celebration 2025 - Free Methodist Church in Southern California\" \/>\n<meta property=\"og:description\" content=\"[glt language=&quot;Spanish&quot; label=&quot;Ver esta p\u00e1gina en espa\u00f1ol&quot; text=&quot;yes&quot;]Ministry can often feel isolating and overwhelming. Navigating the challenges of faith, leadership, and resource limitations can leave many leaders feeling stretched thin. In the midst of serving others, it&#039;s vital to find moments of rest and spiritual nourishment for yourself and your loved ones. That&#039;s why we&#039;re [&hellip;]\" \/>\n<meta property=\"og:url\" content=\"https:\/\/fmcsc.org\/es\/wp-json\/wp\/v2\/pages\/54332\" \/>\n<meta property=\"og:site_name\" content=\"Free Methodist Church in Southern California\" \/>\n<meta property=\"article:publisher\" content=\"https:\/\/www.facebook.com\/FMCSC\" \/>\n<meta property=\"article:modified_time\" content=\"2024-12-17T22:02:33+00:00\" \/>\n<meta name=\"twitter:card\" content=\"summary_large_image\" \/>\n<meta name=\"twitter:site\" content=\"@fmcsc\" \/>\n<meta name=\"twitter:label1\" content=\"Tiempo de lectura\" \/>\n\t<meta name=\"twitter:data1\" content=\"2 minutos\" \/>\n<script type=\"application\/ld+json\" class=\"yoast-schema-graph\">{\"@context\":\"https:\\\/\\\/schema.org\",\"@graph\":[{\"@type\":\"WebPage\",\"@id\":\"https:\\\/\\\/fmcsc.org\\\/celebration\\\/\",\"url\":\"https:\\\/\\\/fmcsc.org\\\/celebration\\\/\",\"name\":\"Pastors Celebration 2025 - Free Methodist Church in Southern California\",\"isPartOf\":{\"@id\":\"https:\\\/\\\/fmcsc.org\\\/#website\"},\"datePublished\":\"2023-02-17T15:24:32+00:00\",\"dateModified\":\"2024-12-17T22:02:33+00:00\",\"breadcrumb\":{\"@id\":\"https:\\\/\\\/fmcsc.org\\\/celebration\\\/#breadcrumb\"},\"inLanguage\":\"es\",\"potentialAction\":[{\"@type\":\"ReadAction\",\"target\":[\"https:\\\/\\\/fmcsc.org\\\/celebration\\\/\"]}]},{\"@type\":\"BreadcrumbList\",\"@id\":\"https:\\\/\\\/fmcsc.org\\\/celebration\\\/#breadcrumb\",\"itemListElement\":[{\"@type\":\"ListItem\",\"position\":1,\"name\":\"Home\",\"item\":\"https:\\\/\\\/fmcsc.org\\\/\"},{\"@type\":\"ListItem\",\"position\":2,\"name\":\"Pastors Celebration 2025\"}]},{\"@type\":\"WebSite\",\"@id\":\"https:\\\/\\\/fmcsc.org\\\/#website\",\"url\":\"https:\\\/\\\/fmcsc.org\\\/\",\"name\":\"Free Methodist Church in Southern California\",\"description\":\"Love God. Love People. Make Disciples.\",\"publisher\":{\"@id\":\"https:\\\/\\\/fmcsc.org\\\/#organization\"},\"potentialAction\":[{\"@type\":\"SearchAction\",\"target\":{\"@type\":\"EntryPoint\",\"urlTemplate\":\"https:\\\/\\\/fmcsc.org\\\/?s={search_term_string}\"},\"query-input\":{\"@type\":\"PropertyValueSpecification\",\"valueRequired\":true,\"valueName\":\"search_term_string\"}}],\"inLanguage\":\"es\"},{\"@type\":\"Organization\",\"@id\":\"https:\\\/\\\/fmcsc.org\\\/#organization\",\"name\":\"Free Methodist Church in Southern California\",\"url\":\"https:\\\/\\\/fmcsc.org\\\/\",\"logo\":{\"@type\":\"ImageObject\",\"inLanguage\":\"es\",\"@id\":\"https:\\\/\\\/fmcsc.org\\\/#\\\/schema\\\/logo\\\/image\\\/\",\"url\":\"https:\\\/\\\/fmcsc.org\\\/wp-content\\\/uploads\\\/2021\\\/06\\\/logo-color.png\",\"contentUrl\":\"https:\\\/\\\/fmcsc.org\\\/wp-content\\\/uploads\\\/2021\\\/06\\\/logo-color.png\",\"width\":166,\"height\":144,\"caption\":\"Free Methodist Church in Southern California\"},\"image\":{\"@id\":\"https:\\\/\\\/fmcsc.org\\\/#\\\/schema\\\/logo\\\/image\\\/\"},\"sameAs\":[\"https:\\\/\\\/www.facebook.com\\\/FMCSC\",\"https:\\\/\\\/x.com\\\/fmcsc\",\"https:\\\/\\\/www.youtube.com\\\/channel\\\/UCCLhk49k4p6RkJbqYMr0SEQ\"]}]}<\/script>\n<!-- \/ Yoast SEO plugin. -->","yoast_head_json":{"title":"Celebraci\u00f3n de Pastores 2025 - Iglesia Metodista Libre del Sur de California","robots":{"index":"index","follow":"follow","max-snippet":"max-snippet:-1","max-image-preview":"max-image-preview:large","max-video-preview":"max-video-preview:-1"},"canonical":"https:\/\/fmcsc.org\/es\/celebration\/","og_locale":"es_MX","og_type":"article","og_title":"Pastors Celebration 2025 - Free Methodist Church in Southern California","og_description":"[glt language=\"Spanish\" label=\"Ver esta p\u00e1gina en espa\u00f1ol\" text=\"yes\"]Ministry can often feel isolating and overwhelming. Navigating the challenges of faith, leadership, and resource limitations can leave many leaders feeling stretched thin. In the midst of serving others, it's vital to find moments of rest and spiritual nourishment for yourself and your loved ones. That's why we're [&hellip;]","og_url":"https:\/\/fmcsc.org\/es\/wp-json\/wp\/v2\/pages\/54332","og_site_name":"Free Methodist Church in Southern California","article_publisher":"https:\/\/www.facebook.com\/FMCSC","article_modified_time":"2024-12-17T22:02:33+00:00","twitter_card":"summary_large_image","twitter_site":"@fmcsc","twitter_misc":{"Tiempo de lectura":"2 minutos"},"schema":{"@context":"https:\/\/schema.org","@graph":[{"@type":"WebPage","@id":"https:\/\/fmcsc.org\/celebration\/","url":"https:\/\/fmcsc.org\/celebration\/","name":"Celebraci\u00f3n de Pastores 2025 - Iglesia Metodista Libre del Sur de California","isPartOf":{"@id":"https:\/\/fmcsc.org\/#website"},"datePublished":"2023-02-17T15:24:32+00:00","dateModified":"2024-12-17T22:02:33+00:00","breadcrumb":{"@id":"https:\/\/fmcsc.org\/celebration\/#breadcrumb"},"inLanguage":"es","potentialAction":[{"@type":"ReadAction","target":["https:\/\/fmcsc.org\/celebration\/"]}]},{"@type":"BreadcrumbList","@id":"https:\/\/fmcsc.org\/celebration\/#breadcrumb","itemListElement":[{"@type":"ListItem","position":1,"name":"Home","item":"https:\/\/fmcsc.org\/"},{"@type":"ListItem","position":2,"name":"Pastors Celebration 2025"}]},{"@type":"WebSite","@id":"https:\/\/fmcsc.org\/#website","url":"https:\/\/fmcsc.org\/","name":"Iglesia Metodista Libre en el Sur de California","description":"Ama a Dios. Ama a la gente. Haz disc\u00edpulos.","publisher":{"@id":"https:\/\/fmcsc.org\/#organization"},"potentialAction":[{"@type":"SearchAction","target":{"@type":"EntryPoint","urlTemplate":"https:\/\/fmcsc.org\/?s={search_term_string}"},"query-input":{"@type":"PropertyValueSpecification","valueRequired":true,"valueName":"search_term_string"}}],"inLanguage":"es"},{"@type":"Organization","@id":"https:\/\/fmcsc.org\/#organization","name":"Iglesia Metodista Libre en el Sur de California","url":"https:\/\/fmcsc.org\/","logo":{"@type":"ImageObject","inLanguage":"es","@id":"https:\/\/fmcsc.org\/#\/schema\/logo\/image\/","url":"https:\/\/fmcsc.org\/wp-content\/uploads\/2021\/06\/logo-color.png","contentUrl":"https:\/\/fmcsc.org\/wp-content\/uploads\/2021\/06\/logo-color.png","width":166,"height":144,"caption":"Free Methodist Church in Southern California"},"image":{"@id":"https:\/\/fmcsc.org\/#\/schema\/logo\/image\/"},"sameAs":["https:\/\/www.facebook.com\/FMCSC","https:\/\/x.com\/fmcsc","https:\/\/www.youtube.com\/channel\/UCCLhk49k4p6RkJbqYMr0SEQ"]}]}},"jetpack_sharing_enabled":true,"_links":{"self":[{"href":"https:\/\/fmcsc.org\/es\/wp-json\/wp\/v2\/pages\/54332","targetHints":{"allow":["GET"]}}],"collection":[{"href":"https:\/\/fmcsc.org\/es\/wp-json\/wp\/v2\/pages"}],"about":[{"href":"https:\/\/fmcsc.org\/es\/wp-json\/wp\/v2\/types\/page"}],"author":[{"embeddable":true,"href":"https:\/\/fmcsc.org\/es\/wp-json\/wp\/v2\/users\/1"}],"replies":[{"embeddable":true,"href":"https:\/\/fmcsc.org\/es\/wp-json\/wp\/v2\/comments?post=54332"}],"version-history":[{"count":0,"href":"https:\/\/fmcsc.org\/es\/wp-json\/wp\/v2\/pages\/54332\/revisions"}],"wp:attachment":[{"href":"https:\/\/fmcsc.org\/es\/wp-json\/wp\/v2\/media?parent=54332"}],"curies":[{"name":"gracias","href":"https:\/\/api.w.org\/{rel}","templated":true}]}}