{"id":52987,"date":"2023-01-15T18:46:12","date_gmt":"2023-01-16T02:46:12","guid":{"rendered":"https:\/\/fmcsc.org\/?page_id=52987"},"modified":"2023-01-16T14:15:52","modified_gmt":"2023-01-16T22:15:52","slug":"justice","status":"publish","type":"page","link":"https:\/\/fmcsc.org\/es\/justice\/","title":{"rendered":"Justicia impulsada por el amor"},"content":{"rendered":"<p>[et_pb_section fb_built=\u201d1\u2033 _builder_version=\u201d4.19.4\u2033 _module_preset=\u201dpredeterminado\u201d background_color=\u201drgba(0,0,0,0.45)\u201d background_image=\u201dhttps:\/\/fmcsc.org\/wp-content\/uploads\/2021\/08\/register-header.jpg\u201d background_blend=\u201dmultiplicar\u201d custom_padding=\u201d150px||57px||false|false\u201d global_colors_info=\u201d{}\u201d][et_pb_row column_structure=\u201d2_3,1_3\u2033 _builder_version=\u201d4.16\u2033 _module_preset=\u201d11f3522d-3ed7-4fa2-8fcf-bb73f19c80b2\u2033 Informaci\u00f3n global de colores = &quot;{}&quot;] [Tipo de columna et_pb = &quot;2_3&quot;] _versi\u00f3n del constructor = &quot;4.16&quot; _ajuste preestablecido del m\u00f3dulo = &quot;1959b601-9003-4bfb-9e5d-a162186b7575&quot; Informaci\u00f3n global de colores = &quot;{}&quot;] [Texto et_pb _versi\u00f3n del constructor = &quot;4.19.4&quot; _ajuste preestablecido del m\u00f3dulo = &quot;predeterminado&quot; Dise\u00f1o de fondo = &quot;oscuro&quot; Informaci\u00f3n global de colores = &quot;{}&quot;]<\/p>\n<h1>Justicia impulsada por el amor<\/h1>\n<p>[\/et_pb_text][\/et_pb_column][et_pb_column tipo=\u201d1_3\u2033 _builder_version=\u201d4.16\u2033 _module_preset=\u201d1959b601-9003-4bfb-9e5d-a162186b7575\u2033 global_colors_info=\u201d{}\u201d][\/et_pb_column][\/et_pb_row][\/et_pb_section][et_pb_section fb_built=\u201d1\u2033 especialidad=\u201dactivado\u201d padding_top_bottom_link_1=\u201dfalso\u201d padding_top_bottom_link_2=\u201dfalso\u201d padding_left_right_link_1=\u201dfalso\u201d padding_left_right_link_2=\u201dfalso\u201d _builder_version=\u201d4.19.4\u2033 _module_preset=\u201dpredeterminado\u201d custom_margin=\u201d||||falso|falso\u201d custom_padding=\u201d||||falso|falso\u201d global_colors_info=\u201d{}\u201d][et_pb_column type=\u201d2_3\u2033 speciality_columns=\u201d2\u2033 _builder_version=\u201d4.16\u2033 custom_padding=\u201d|||\u201d Informaci\u00f3n global de colores = &quot;{}&quot; relleno_personalizado__hover = &quot;|||&quot;][et_pb_row_inner _builder_version = &quot;4.19.4&quot; _module_preset = &quot;predeterminado&quot; relleno_personalizado = &quot;||0px||false|false&quot; Informaci\u00f3n global de colores = &quot;{}&quot;][et_pb_column_inner tipo_columna_especialidad_guardada = &quot;2_3&quot; _builder_version = &quot;4.19.4&quot; _module_preset = &quot;predeterminado&quot; Informaci\u00f3n global de colores = &quot;{}&quot;][et_pb_text _builder_version = &quot;4.19.4&quot; _module_preset = &quot;predeterminado&quot; Informaci\u00f3n global de colores = &quot;{}&quot;]<\/p>\n<p>De la misma manera que el amor y el odio no son simplemente emociones, sino tambi\u00e9n acciones, la justicia es m\u00e1s que una idea. Es una forma de vida, una elecci\u00f3n de ver a las personas como Dios las ve: imperfectas, vulnerables y profundamente amadas por su Creador.<\/p>\n<p>Cuando Jes\u00fas dijo: \u201cSiempre tendr\u00e9is pobres con vosotros\u201d, (<a href=\"https:\/\/www.biblegateway.com\/passage\/?search=Matthew%2026%3A11&amp;version=NIV\">Mateo 26:11<\/a>) Jes\u00fas no estaba sugiriendo que sus seguidores deb\u00edan resignarse al mundo tal como es. Jes\u00fas estaba recordando a cada persona que elige seguirlo que la obra de la justicia (la voluntad de Dios) es constante y siempre est\u00e1 con nosotros.<\/p>\n<p>Mientras busca descubrir c\u00f3mo se manifiesta la voluntad de Dios en su vida, aqu\u00ed hay algunas excelentes maneras de \u201chacer justicia\u201d (<a href=\"https:\/\/www.biblegateway.com\/passage\/?search=Micah%206%3A8&amp;version=ESV\">Miqueas 6:8<\/a>):<\/p>\n<p>[\/et_pb_text][\/et_pb_column_inner][\/et_pb_row_inner][et_pb_row_inner estructura_columna=\u201d1_2,1_2\u2033 _builder_version=\u201d4.19.4\u2033 _module_preset=\u201dpredeterminado\u201d informaci\u00f3n_global_colors=\u201d{}\u201d][et_pb_column_inner tipo=\u201d1_2\u2033 tipo_columna_especialidad_guardada=\u201d2_3\u2033 _builder_version=\u201d4.19.4\u2033 _module_preset=\u201dpredeterminado\u201d informaci\u00f3n_global_colors=\u201d{}\u201d][et_pb_text _builder_version=\u201d4.19.4\u2033 _module_preset=\u201dpredeterminado\u201d informaci\u00f3n_global_colors=\u201d{}\u201d]<\/p>\n<ul>\n<li aria-level=\"1\"><a href=\"https:\/\/fmcusa.org\/love-driven\">Estudia la importancia b\u00edblica<\/a> de Justicia y Misericordia.<\/li>\n<li aria-level=\"1\"><a href=\"https:\/\/secure.egsnetwork.com\/donate\/DFAC7822D093414\">Apoyar una organizaci\u00f3n<\/a> que lucha por la justicia racial a nivel local o global.<\/li>\n<li aria-level=\"1\">Aprenda m\u00e1s sobre el tema del racismo, la supremac\u00eda y la opresi\u00f3n sist\u00e9mica. Recomendamos \u201c<a href=\"https:\/\/freemethodistbooks.com\/product\/the-love-required-of-us\">El amor que se nos exige<\/a>&quot; por Liz Cornell.<\/li>\n<\/ul>\n<p>[\/et_pb_text][\/et_pb_column_inner][et_pb_column_inner tipo=\u201d1_2\u2033 tipo_columna_especial_guardada=\u201d2_3\u2033 _builder_version=\u201d4.19.4\u2033 _module_preset=\u201ddefault\u201d informaci\u00f3n_de_colores_globales=\u201d{}\u201d][et_pb_text _builder_version=\u201d4.19.4\u2033 _module_preset=\u201ddefault\u201d informaci\u00f3n_de_colores_globales=\u201d{}\u201d]<\/p>\n<ul>\n<li aria-level=\"1\"><span style=\"font-size: 15px;\">Apoye una empresa propiedad de una minor\u00eda en su comunidad.<\/span><\/li>\n<li aria-level=\"1\">Oremos para que el <a href=\"https:\/\/www.si.edu\/spotlight\/mlk?page=4&amp;iframe=true\">El arco del universo moral contin\u00faa inclin\u00e1ndose hacia la justicia<\/a> en nuestra naci\u00f3n y alrededor del mundo.<\/li>\n<li aria-level=\"1\">Realice un acto de bondad al azar\u2026 \u00a1hoy!<\/li>\n<\/ul>\n<p>[\/et_pb_text][\/et_pb_column_inner][\/et_pb_row_inner][\/et_pb_column][et_pb_column tipo=\u201d1_3\u2033 _builder_version=\u201d4.16\u2033 relleno_personalizado=\u201d|||\u201d Informaci\u00f3n global de colores = &quot;{}&quot; relleno_personalizado__hover = &quot;|||&quot;][et_pb_image src = &quot;http:\/\/fmcsc.org\/wp-content\/uploads\/2021\/08\/freedoms-racial.jpg&quot; texto_del_t\u00edtulo = &quot;freedoms-racial&quot; _versi\u00f3n_del_constructor = &quot;4.16&quot; _ajuste_predeterminado_del_m\u00f3dulo = &quot;predeterminado&quot; Informaci\u00f3n global de colores = &quot;{}&quot;][\/et_pb_image][\/et_pb_column][\/et_pb_section][et_pb_section fb_built = &quot;1&quot; _versi\u00f3n_del_constructor = &quot;4.19.4&quot; _ajuste_predeterminado_del_m\u00f3dulo = &quot;predeterminado&quot; color_de_fondo = &quot;#EEEDEC&quot; Informaci\u00f3n global de colores = &quot;{}&quot;][et_pb_row Estructura_de_columna = &quot;2_5,3_5&quot; _builder_version=\u201d4.19.4\u2033 _module_preset=\u201dpredeterminado\u201d global_colors_info=\u201d{}\u201d][et_pb_column type=\u201d2_5\u2033 _builder_version=\u201d4.19.4\u2033 _module_preset=\u201dpredeterminado\u201d global_colors_info=\u201d{}\u201d][et_pb_text _builder_version=\u201d4.19.4\u2033 _module_preset=\u201dpredeterminado\u201d global_colors_info=\u201d{}\u201d]<\/p>\n<h3>Asumiendo el <br \/>Manto de justicia<\/h3>\n<h5>Recordando la vida y obra del Dr. Martin Luther King Jr.<\/h5>\n<p>Los l\u00edderes de la Iglesia Metodista Libre, el reverendo E. Kenneth Martin y el reverendo Dr. Fraser Venter, se reunieron para hablar sobre el \u201cManto de Justicia\u201d, la idea de que cuando seguimos a Cristo, \u00c9l nos cubre con su amor por todas las personas. Analizaron la vida y la obra del Dr. Martin Luther King Jr. y c\u00f3mo su compromiso de amar tanto el cuerpo como el alma impacta su propio trabajo hoy en el campo de la Justicia Impulsada por el Amor.<\/p>\n<p>[\/et_pb_text][\/et_pb_column][et_pb_column type=\u201d3_5\u2033 _builder_version=\u201d4.19.4\u2033 _module_preset=\u201ddefault\u201d global_colors_info=\u201d{}\u201d][et_pb_video src=\u201dhttps:\/\/youtu.be\/qEMrwtmSO6c\u201d image_src=\u201d\/\/i.ytimg.com\/vi\/qEMrwtmSO6c\/hqdefault.jpg\u201d _builder_version=\u201d4.19.4\u2033 _module_preset=\u201ddefault\u201d global_colors_info=\u201d{}\u201d][\/et_pb_video][\/et_pb_column][\/et_pb_row][\/et_pb_section][et_pb_section fb_built=\u201d1\u2033 _builder_version=\u201d4.19.4\u2033 _module_preset=\u201dpredeterminado\u201d global_colors_info=\u201d{}\u201d][et_pb_row _builder_version=\u201d4.19.4\u2033 _module_preset=\u201dpredeterminado\u201d border_width_bottom=\u201d5px\u201d border_color_bottom=\u201d#EEEDEC\u201d global_colors_info=\u201d{}\u201d][et_pb_column type=\u201d4_4\u2033 _builder_version=\u201d4.19.4\u2033 _module_preset=\u201dpredeterminado\u201d global_colors_info=\u201d{}\u201d][et_pb_text _builder_version=\u201d4.19.4\u2033 _module_preset=\u201dpredeterminado\u201d text_orientation=\u201dcenter\u201d global_colors_info=\u201d{}\u201d]<\/p>\n<h3>El legado del Dr. Martin Luther King Jr.<\/h3>\n<p>[\/et_pb_text][\/et_pb_column][\/et_pb_row][et_pb_row estructura_columna=\u201d1_2,1_2\u2033 _builder_version=\u201d4.19.4\u2033 _module_preset=\u201dpredeterminado\u201d informaci\u00f3n_global_colors=\u201d{}\u201d][et_pb_column tipo=\u201d1_2\u2033 _builder_version=\u201d4.19.4\u2033 _module_preset=\u201dpredeterminado\u201d informaci\u00f3n_global_colors=\u201d{}\u201d][et_pb_text _builder_version=\u201d4.19.4\u2033 _module_preset=\u201dpredeterminado\u201d informaci\u00f3n_global_colors=\u201d{}\u201d]<\/p>\n<h4>Formas de celebrar el D\u00eda de Martin Luther King<\/h4>\n<ul>\n<li aria-level=\"1\"><a href=\"https:\/\/kinginstitute.stanford.edu\/\">Conozca m\u00e1s sobre la persona y el impacto<\/a> de la obra del Dr. Martin Luther King Jr. (Consulte la lista de lecturas a continuaci\u00f3n para obtener m\u00e1s enlaces)<\/li>\n<li aria-level=\"1\">Preg\u00fanteles a los miembros mayores de su familia o a sus amigos c\u00f3mo recuerdan al Dr. King. Ens\u00e9\u00f1eles a los ni\u00f1os m\u00e1s peque\u00f1os los valores por los que celebramos este d\u00eda.<\/li>\n<li aria-level=\"1\">Haz algo creativo: escribe, pinta, baila, toma fotograf\u00edas o haz m\u00fasica que promueva el amor sobre el odio y la indiferencia.<\/li>\n<li aria-level=\"1\">Haz un plan para visitar el <a href=\"https:\/\/www.si.edu\/museums\/african-american-museum\">Museo Nacional Smithsonian de Historia Afroamericana, Museo del Legado<\/a> o un recorrido virtual por el <a href=\"https:\/\/www.civilrightsmuseum.org\/\">Museo Nacional de los Derechos Civiles<\/a>.<\/li>\n<li aria-level=\"1\"><a href=\"https:\/\/www.youtube.com\/results?search_query=martin+luther+king+jr\">Mira un video<\/a> sobre la vida del Dr. King.<\/li>\n<li aria-level=\"1\">Sea intencional al celebrar juntos.<\/li>\n<\/ul>\n<p>[\/et_pb_text][\/et_pb_column][et_pb_column tipo=\u201d1_2\u2033 _builder_version=\u201d4.19.4\u2033 _module_preset=\u201dpredeterminado\u201d informaci\u00f3n_global_colors=\u201d{}\u201d][et_pb_text _builder_version=\u201d4.19.4\u2033 _module_preset=\u201dpredeterminado\u201d informaci\u00f3n_global_colors=\u201d{}\u201d]<\/p>\n<h4>Lea m\u00e1s sobre el Dr. King<\/h4>\n<h5>Libros<\/h5>\n<ul>\n<li aria-level=\"1\"><a href=\"https:\/\/www.amazon.com\/Behind-Public-Veil-Humanness-Martin\/dp\/1506405614\">Detr\u00e1s del velo p\u00fablico: la humanidad de Martin Luther King Jr.<\/a><\/li>\n<li aria-level=\"1\"><a href=\"https:\/\/www.amazon.com\/Autobiography-Martin-Luther-King-Jr\/dp\/0446676500\">La autobiograf\u00eda de Martin Luther King, Jr. de Clayborne Carson<\/a> (Editor)<\/li>\n<li aria-level=\"1\"><a href=\"https:\/\/www.amazon.com\/Strength-Love-Martin-Luther-King\/dp\/0800697405\">Fuerza para amar de Martin Luther King Jr.<\/a><\/li>\n<li aria-level=\"1\"><a href=\"https:\/\/www.amazon.com\/Stride-Toward-Freedom-Montgomery-Story\/dp\/0062504908\">Un paso hacia la libertad: la historia de Montgomery por Martin Luther King Jr.<\/a><\/li>\n<li aria-level=\"1\"><a href=\"https:\/\/www.amazon.com\/Where-Do-We-Here-Community\/dp\/0807000671\">\u00bfHacia d\u00f3nde nos dirigimos a partir de aqu\u00ed: caos o comunidad? por Martin Luther King Jr.<\/a><\/li>\n<li aria-level=\"1\"><a href=\"https:\/\/www.amazon.com\/Behind-Dream-Making-Speech-Transformed\/dp\/0230103685\">Detr\u00e1s del sue\u00f1o: la creaci\u00f3n del discurso que transform\u00f3 una naci\u00f3n, de Clarence B. Jones y Stuart Connelly<\/a><\/li>\n<li aria-level=\"1\"><a href=\"https:\/\/www.amazon.com\/Why-Cant-Wait-Signet-Classics\/dp\/0451527534\">Por qu\u00e9 no podemos esperar por Martin Luther King Jr.<\/a><\/li>\n<\/ul>\n<h5>Letras<\/h5>\n<ul>\n<li aria-level=\"1\"><a href=\"https:\/\/www.africa.upenn.edu\/Articles_Gen\/Letter_Birmingham.html\">Desde una c\u00e1rcel de Birmingham por el Dr. Martin Luther King Jr.\u00a0<\/a><\/li>\n<li aria-level=\"1\"><a href=\"https:\/\/www.amazon.com\/Life-Martin-Luther-King-Jr\/dp\/080502445X\">Mi vida con Martin Luther King, Jr. por Coretta Scott King<\/a><\/li>\n<\/ul>\n<p>[\/et_pb_text][\/et_pb_column][\/et_pb_row][\/et_pb_section]<\/p>","protected":false},"excerpt":{"rendered":"<p>Descubra formas de vivir la justicia impulsada por el amor de Dios en el mundo que le rodea.<\/p>","protected":false},"author":1,"featured_media":0,"parent":0,"menu_order":6,"comment_status":"closed","ping_status":"closed","template":"","meta":{"_acf_changed":false,"_et_pb_use_builder":"on","_et_pb_old_content":"","_et_gb_content_width":"","content-type":"","footnotes":"","_links_to":"","_links_to_target":""},"class_list":["post-52987","page","type-page","status-publish","hentry"],"acf":[],"yoast_head":"<!-- This site is optimized with the Yoast SEO plugin v27.3 - https:\/\/yoast.com\/product\/yoast-seo-wordpress\/ -->\n<title>Love-Driven Justice - Free Methodist Church in Southern California<\/title>\n<meta name=\"robots\" content=\"index, follow, max-snippet:-1, max-image-preview:large, max-video-preview:-1\" \/>\n<link rel=\"canonical\" href=\"https:\/\/fmcsc.org\/es\/justice\/\" \/>\n<meta property=\"og:locale\" content=\"es_MX\" \/>\n<meta property=\"og:type\" content=\"article\" \/>\n<meta property=\"og:title\" content=\"Love-Driven Justice - Free Methodist Church in Southern California\" \/>\n<meta property=\"og:description\" content=\"Discover ways to live out God\u2019s love-driven justice in the world around you.\" \/>\n<meta property=\"og:url\" content=\"https:\/\/fmcsc.org\/es\/wp-json\/wp\/v2\/pages\/52987\" \/>\n<meta property=\"og:site_name\" content=\"Free Methodist Church in Southern California\" \/>\n<meta property=\"article:publisher\" content=\"https:\/\/www.facebook.com\/FMCSC\" \/>\n<meta property=\"article:modified_time\" content=\"2023-01-16T22:15:52+00:00\" \/>\n<meta name=\"twitter:card\" content=\"summary_large_image\" \/>\n<meta name=\"twitter:site\" content=\"@fmcsc\" \/>\n<meta name=\"twitter:label1\" content=\"Tiempo de lectura\" \/>\n\t<meta name=\"twitter:data1\" content=\"4 minutos\" \/>\n<script type=\"application\/ld+json\" class=\"yoast-schema-graph\">{\"@context\":\"https:\\\/\\\/schema.org\",\"@graph\":[{\"@type\":\"WebPage\",\"@id\":\"https:\\\/\\\/fmcsc.org\\\/justice\\\/\",\"url\":\"https:\\\/\\\/fmcsc.org\\\/justice\\\/\",\"name\":\"Love-Driven Justice - Free Methodist Church in Southern California\",\"isPartOf\":{\"@id\":\"https:\\\/\\\/fmcsc.org\\\/#website\"},\"datePublished\":\"2023-01-16T02:46:12+00:00\",\"dateModified\":\"2023-01-16T22:15:52+00:00\",\"breadcrumb\":{\"@id\":\"https:\\\/\\\/fmcsc.org\\\/justice\\\/#breadcrumb\"},\"inLanguage\":\"es\",\"potentialAction\":[{\"@type\":\"ReadAction\",\"target\":[\"https:\\\/\\\/fmcsc.org\\\/justice\\\/\"]}]},{\"@type\":\"BreadcrumbList\",\"@id\":\"https:\\\/\\\/fmcsc.org\\\/justice\\\/#breadcrumb\",\"itemListElement\":[{\"@type\":\"ListItem\",\"position\":1,\"name\":\"Home\",\"item\":\"https:\\\/\\\/fmcsc.org\\\/\"},{\"@type\":\"ListItem\",\"position\":2,\"name\":\"Love-Driven Justice\"}]},{\"@type\":\"WebSite\",\"@id\":\"https:\\\/\\\/fmcsc.org\\\/#website\",\"url\":\"https:\\\/\\\/fmcsc.org\\\/\",\"name\":\"Free Methodist Church in Southern California\",\"description\":\"Love God. Love People. Make Disciples.\",\"publisher\":{\"@id\":\"https:\\\/\\\/fmcsc.org\\\/#organization\"},\"potentialAction\":[{\"@type\":\"SearchAction\",\"target\":{\"@type\":\"EntryPoint\",\"urlTemplate\":\"https:\\\/\\\/fmcsc.org\\\/?s={search_term_string}\"},\"query-input\":{\"@type\":\"PropertyValueSpecification\",\"valueRequired\":true,\"valueName\":\"search_term_string\"}}],\"inLanguage\":\"es\"},{\"@type\":\"Organization\",\"@id\":\"https:\\\/\\\/fmcsc.org\\\/#organization\",\"name\":\"Free Methodist Church in Southern California\",\"url\":\"https:\\\/\\\/fmcsc.org\\\/\",\"logo\":{\"@type\":\"ImageObject\",\"inLanguage\":\"es\",\"@id\":\"https:\\\/\\\/fmcsc.org\\\/#\\\/schema\\\/logo\\\/image\\\/\",\"url\":\"https:\\\/\\\/fmcsc.org\\\/wp-content\\\/uploads\\\/2021\\\/06\\\/logo-color.png\",\"contentUrl\":\"https:\\\/\\\/fmcsc.org\\\/wp-content\\\/uploads\\\/2021\\\/06\\\/logo-color.png\",\"width\":166,\"height\":144,\"caption\":\"Free Methodist Church in Southern California\"},\"image\":{\"@id\":\"https:\\\/\\\/fmcsc.org\\\/#\\\/schema\\\/logo\\\/image\\\/\"},\"sameAs\":[\"https:\\\/\\\/www.facebook.com\\\/FMCSC\",\"https:\\\/\\\/x.com\\\/fmcsc\",\"https:\\\/\\\/www.youtube.com\\\/channel\\\/UCCLhk49k4p6RkJbqYMr0SEQ\"]}]}<\/script>\n<!-- \/ Yoast SEO plugin. -->","yoast_head_json":{"title":"Justicia impulsada por el amor - Iglesia Metodista Libre del Sur de California","robots":{"index":"index","follow":"follow","max-snippet":"max-snippet:-1","max-image-preview":"max-image-preview:large","max-video-preview":"max-video-preview:-1"},"canonical":"https:\/\/fmcsc.org\/es\/justice\/","og_locale":"es_MX","og_type":"article","og_title":"Love-Driven Justice - Free Methodist Church in Southern California","og_description":"Discover ways to live out God\u2019s love-driven justice in the world around you.","og_url":"https:\/\/fmcsc.org\/es\/wp-json\/wp\/v2\/pages\/52987","og_site_name":"Free Methodist Church in Southern California","article_publisher":"https:\/\/www.facebook.com\/FMCSC","article_modified_time":"2023-01-16T22:15:52+00:00","twitter_card":"summary_large_image","twitter_site":"@fmcsc","twitter_misc":{"Tiempo de lectura":"4 minutos"},"schema":{"@context":"https:\/\/schema.org","@graph":[{"@type":"WebPage","@id":"https:\/\/fmcsc.org\/justice\/","url":"https:\/\/fmcsc.org\/justice\/","name":"Justicia impulsada por el amor - Iglesia Metodista Libre del Sur de California","isPartOf":{"@id":"https:\/\/fmcsc.org\/#website"},"datePublished":"2023-01-16T02:46:12+00:00","dateModified":"2023-01-16T22:15:52+00:00","breadcrumb":{"@id":"https:\/\/fmcsc.org\/justice\/#breadcrumb"},"inLanguage":"es","potentialAction":[{"@type":"ReadAction","target":["https:\/\/fmcsc.org\/justice\/"]}]},{"@type":"BreadcrumbList","@id":"https:\/\/fmcsc.org\/justice\/#breadcrumb","itemListElement":[{"@type":"ListItem","position":1,"name":"Home","item":"https:\/\/fmcsc.org\/"},{"@type":"ListItem","position":2,"name":"Love-Driven Justice"}]},{"@type":"WebSite","@id":"https:\/\/fmcsc.org\/#website","url":"https:\/\/fmcsc.org\/","name":"Iglesia Metodista Libre en el Sur de California","description":"Ama a Dios. Ama a la gente. Haz disc\u00edpulos.","publisher":{"@id":"https:\/\/fmcsc.org\/#organization"},"potentialAction":[{"@type":"SearchAction","target":{"@type":"EntryPoint","urlTemplate":"https:\/\/fmcsc.org\/?s={search_term_string}"},"query-input":{"@type":"PropertyValueSpecification","valueRequired":true,"valueName":"search_term_string"}}],"inLanguage":"es"},{"@type":"Organization","@id":"https:\/\/fmcsc.org\/#organization","name":"Iglesia Metodista Libre en el Sur de California","url":"https:\/\/fmcsc.org\/","logo":{"@type":"ImageObject","inLanguage":"es","@id":"https:\/\/fmcsc.org\/#\/schema\/logo\/image\/","url":"https:\/\/fmcsc.org\/wp-content\/uploads\/2021\/06\/logo-color.png","contentUrl":"https:\/\/fmcsc.org\/wp-content\/uploads\/2021\/06\/logo-color.png","width":166,"height":144,"caption":"Free Methodist Church in Southern California"},"image":{"@id":"https:\/\/fmcsc.org\/#\/schema\/logo\/image\/"},"sameAs":["https:\/\/www.facebook.com\/FMCSC","https:\/\/x.com\/fmcsc","https:\/\/www.youtube.com\/channel\/UCCLhk49k4p6RkJbqYMr0SEQ"]}]}},"jetpack_sharing_enabled":true,"_links":{"self":[{"href":"https:\/\/fmcsc.org\/es\/wp-json\/wp\/v2\/pages\/52987","targetHints":{"allow":["GET"]}}],"collection":[{"href":"https:\/\/fmcsc.org\/es\/wp-json\/wp\/v2\/pages"}],"about":[{"href":"https:\/\/fmcsc.org\/es\/wp-json\/wp\/v2\/types\/page"}],"author":[{"embeddable":true,"href":"https:\/\/fmcsc.org\/es\/wp-json\/wp\/v2\/users\/1"}],"replies":[{"embeddable":true,"href":"https:\/\/fmcsc.org\/es\/wp-json\/wp\/v2\/comments?post=52987"}],"version-history":[{"count":0,"href":"https:\/\/fmcsc.org\/es\/wp-json\/wp\/v2\/pages\/52987\/revisions"}],"wp:attachment":[{"href":"https:\/\/fmcsc.org\/es\/wp-json\/wp\/v2\/media?parent=52987"}],"curies":[{"name":"gracias","href":"https:\/\/api.w.org\/{rel}","templated":true}]}}