{"id":51869,"date":"2021-08-03T13:06:39","date_gmt":"2021-08-03T20:06:39","guid":{"rendered":"https:\/\/fmcsc.org\/?page_id=51869"},"modified":"2024-11-05T13:01:27","modified_gmt":"2024-11-05T21:01:27","slug":"register","status":"publish","type":"page","link":"https:\/\/fmcsc.org\/es\/training\/register\/","title":{"rendered":"Inscribirse para clases"},"content":{"rendered":"<p>[et_pb_section fb_built=\u201d1\u2033 _builder_version=\u201d4.16\u2033 _module_preset=\u201dpredeterminado\u201d background_color=\u201drgba(0,0,0,0.45)\u201d background_image=\u201dhttp:\/\/fmcsc.org\/wp-content\/uploads\/2021\/08\/register-header.jpg\u201d background_blend=\u201dmultiplicar\u201d custom_padding=\u201d150px||57px||false|false\u201d global_colors_info=\u201d{}\u201d][et_pb_row column_structure=\u201d2_3,1_3\u2033 _builder_version=\u201d4.16\u2033 _module_preset=\u201d11f3522d-3ed7-4fa2-8fcf-bb73f19c80b2\u2033 Informaci\u00f3n global de colores = &quot;{}&quot;] [Tipo de columna et_pb = &quot;2_3&quot;] _versi\u00f3n del constructor = &quot;4.16&quot; _ajuste preestablecido del m\u00f3dulo = &quot;1959b601-9003-4bfb-9e5d-a162186b7575&quot; Informaci\u00f3n global de colores = &quot;{}&quot;] [Texto et_pb _versi\u00f3n del constructor = &quot;4.16&quot; _ajuste preestablecido del m\u00f3dulo = &quot;predeterminado&quot; Dise\u00f1o de fondo = &quot;oscuro&quot; Informaci\u00f3n global de colores = &quot;{}&quot;]<\/p>\n<h1>Capacitaci\u00f3n Ministerial<\/h1>\n<p>La Iglesia Metodista Libre est\u00e1 comprometida a formar nuevos l\u00edderes dentro de la iglesia que busquen construir nuevas congregaciones, hacer crecer ministerios que impacten a las comunidades y capacitar a la pr\u00f3xima generaci\u00f3n de l\u00edderes que sirvan con ellos.<\/p>\n<p>[\/et_pb_text][\/et_pb_column][et_pb_column type=\u201d1_3\u2033 _builder_version=\u201d4.16\u2033 _module_preset=\u201d1959b601-9003-4bfb-9e5d-a162186b7575\u2033 global_colors_info=\u201d{}\u201d][et_pb_button button_url=\u201d\/entrenamiento\/\u201d button_text=\u201dVolver al entrenamiento\u201d button_alignment=\u201dderecha\u201d _builder_version=\u201d4.16\u2033 _module_preset=\u201dc988ec08-0052-44e5-80e0-6d6842fb8cf9\u2033 global_colors_info=\u201d{}\u201d][\/et_pb_button][\/et_pb_column][\/et_pb_row][\/et_pb_section][et_pb_section fb_built=\u201d1\u2033 _builder_version=\u201d4.16\u2033 _module_preset=\u201dpredeterminado\u201d global_colors_info=\u201d{}\u201d][et_pb_row column_structure=\u201d2_3,1_3\u2033 _builder_version=\u201d4.16\u2033 _module_preset=\u201dpredeterminado\u201d global_colors_info=\u201d{}\u201d][et_pb_column type=\u201d2_3\u2033 _builder_version=\u201d4.16\u2033 _module_preset=\u201dpredeterminado\u201d global_colors_info=\u201d{}\u201d][et_pb_text _builder_version=\u201d4.16\u2033 _module_preset=\u201dpredeterminado\u201d informaci\u00f3n_de_colores_globales=\u201d{}\u201d]<\/p>\n<h2>Inscribirse para clases<\/h2>\n<p>Si est\u00e1 buscando iniciar el proceso para involucrarse en su iglesia local, aumentar la productividad de su ministerio o simplemente obtener m\u00e1s informaci\u00f3n sobre la Iglesia Metodista Libre, ha llegado al lugar correcto.<\/p>\n<p>[\/et_pb_text][ws_form_divi form_id=\u201d4\u2033 _builder_version=\u201d4.22.0\u2033 _module_preset=\u201ddefault\u201d global_colors_info=\u201d{}\u201d][\/ws_form_divi][\/et_pb_column][et_pb_column type=\u201d1_3\u2033 _builder_version=\u201d4.16\u2033 _module_preset=\u201ddefault\u201d global_colors_info=\u201d{}\u201d][et_pb_text _builder_version=\u201d4.27.2\u2033 _module_preset=\u201d8835ef0f-c009-430e-8574-a76f07b4f536\u2033 hover_enabled=\u201d0\u2033 global_colors_info=\u201d{}\u201d sticky_enabled=\u201d0\u2033]<\/p>\n<h5>\u00bfTienes preguntas?<\/h5>\n<p>Si bien intentamos que el proceso de inscripci\u00f3n a las clases sea sencillo para todos, sabemos que a\u00fan puede tener preguntas. No dude en <a href=\"mailto:info@fmcsc.org\">Cont\u00e1ctenos por correo electr\u00f3nico<\/a>.<\/p>\n<p>[\/et_pb_text][\/et_pb_column][\/et_pb_row][\/et_pb_section]<\/p>","protected":false},"excerpt":{"rendered":"<p>Capacitaci\u00f3n Ministerial La Iglesia Metodista Libre est\u00e1 comprometida a formar nuevos l\u00edderes dentro de la iglesia que busquen construir nuevas congregaciones, hacer crecer ministerios que impacten a las comunidades y capacitar a la pr\u00f3xima generaci\u00f3n de l\u00edderes que sirvan con ellos. Reg\u00edstrese para las clases Si est\u00e1 buscando comenzar el proceso para involucrarse en su iglesia local, aumentar la [\u2026]<\/p>","protected":false},"author":1,"featured_media":0,"parent":51347,"menu_order":15,"comment_status":"closed","ping_status":"closed","template":"","meta":{"_acf_changed":false,"_et_pb_use_builder":"on","_et_pb_old_content":"","_et_gb_content_width":"","content-type":"","footnotes":"","_links_to":"","_links_to_target":""},"class_list":["post-51869","page","type-page","status-publish","hentry"],"acf":[],"yoast_head":"<!-- This site is optimized with the Yoast SEO plugin v27.3 - https:\/\/yoast.com\/product\/yoast-seo-wordpress\/ -->\n<title>Register for Classes - Free Methodist Church in Southern California<\/title>\n<meta name=\"robots\" content=\"index, follow, max-snippet:-1, max-image-preview:large, max-video-preview:-1\" \/>\n<link rel=\"canonical\" href=\"https:\/\/fmcsc.org\/es\/training\/register\/\" \/>\n<meta property=\"og:locale\" content=\"es_MX\" \/>\n<meta property=\"og:type\" content=\"article\" \/>\n<meta property=\"og:title\" content=\"Register for Classes - Free Methodist Church in Southern California\" \/>\n<meta property=\"og:description\" content=\"Ministerial Training The Free Methodist Church is committed to raising up new leaders within the church that seek to build new congregations, grow ministries that impact communities, and train the next generation of leaders serving with them.Register for Classes If you\u2019re looking to start the process toward getting involved at your local church, increase the [&hellip;]\" \/>\n<meta property=\"og:url\" content=\"https:\/\/fmcsc.org\/es\/wp-json\/wp\/v2\/pages\/51869\" \/>\n<meta property=\"og:site_name\" content=\"Free Methodist Church in Southern California\" \/>\n<meta property=\"article:publisher\" content=\"https:\/\/www.facebook.com\/FMCSC\" \/>\n<meta property=\"article:modified_time\" content=\"2024-11-05T21:01:27+00:00\" \/>\n<meta name=\"twitter:card\" content=\"summary_large_image\" \/>\n<meta name=\"twitter:site\" content=\"@fmcsc\" \/>\n<meta name=\"twitter:label1\" content=\"Tiempo de lectura\" \/>\n\t<meta name=\"twitter:data1\" content=\"1 minuto\" \/>\n<script type=\"application\/ld+json\" class=\"yoast-schema-graph\">{\"@context\":\"https:\\\/\\\/schema.org\",\"@graph\":[{\"@type\":\"WebPage\",\"@id\":\"https:\\\/\\\/fmcsc.org\\\/training\\\/register\\\/\",\"url\":\"https:\\\/\\\/fmcsc.org\\\/training\\\/register\\\/\",\"name\":\"Register for Classes - Free Methodist Church in Southern California\",\"isPartOf\":{\"@id\":\"https:\\\/\\\/fmcsc.org\\\/#website\"},\"datePublished\":\"2021-08-03T20:06:39+00:00\",\"dateModified\":\"2024-11-05T21:01:27+00:00\",\"breadcrumb\":{\"@id\":\"https:\\\/\\\/fmcsc.org\\\/training\\\/register\\\/#breadcrumb\"},\"inLanguage\":\"es\",\"potentialAction\":[{\"@type\":\"ReadAction\",\"target\":[\"https:\\\/\\\/fmcsc.org\\\/training\\\/register\\\/\"]}]},{\"@type\":\"BreadcrumbList\",\"@id\":\"https:\\\/\\\/fmcsc.org\\\/training\\\/register\\\/#breadcrumb\",\"itemListElement\":[{\"@type\":\"ListItem\",\"position\":1,\"name\":\"Home\",\"item\":\"https:\\\/\\\/fmcsc.org\\\/\"},{\"@type\":\"ListItem\",\"position\":2,\"name\":\"Ministry Training &#038; Classes\",\"item\":\"https:\\\/\\\/fmcsc.org\\\/training\\\/\"},{\"@type\":\"ListItem\",\"position\":3,\"name\":\"Register for Classes\"}]},{\"@type\":\"WebSite\",\"@id\":\"https:\\\/\\\/fmcsc.org\\\/#website\",\"url\":\"https:\\\/\\\/fmcsc.org\\\/\",\"name\":\"Free Methodist Church in Southern California\",\"description\":\"Love God. Love People. Make Disciples.\",\"publisher\":{\"@id\":\"https:\\\/\\\/fmcsc.org\\\/#organization\"},\"potentialAction\":[{\"@type\":\"SearchAction\",\"target\":{\"@type\":\"EntryPoint\",\"urlTemplate\":\"https:\\\/\\\/fmcsc.org\\\/?s={search_term_string}\"},\"query-input\":{\"@type\":\"PropertyValueSpecification\",\"valueRequired\":true,\"valueName\":\"search_term_string\"}}],\"inLanguage\":\"es\"},{\"@type\":\"Organization\",\"@id\":\"https:\\\/\\\/fmcsc.org\\\/#organization\",\"name\":\"Free Methodist Church in Southern California\",\"url\":\"https:\\\/\\\/fmcsc.org\\\/\",\"logo\":{\"@type\":\"ImageObject\",\"inLanguage\":\"es\",\"@id\":\"https:\\\/\\\/fmcsc.org\\\/#\\\/schema\\\/logo\\\/image\\\/\",\"url\":\"https:\\\/\\\/fmcsc.org\\\/wp-content\\\/uploads\\\/2021\\\/06\\\/logo-color.png\",\"contentUrl\":\"https:\\\/\\\/fmcsc.org\\\/wp-content\\\/uploads\\\/2021\\\/06\\\/logo-color.png\",\"width\":166,\"height\":144,\"caption\":\"Free Methodist Church in Southern California\"},\"image\":{\"@id\":\"https:\\\/\\\/fmcsc.org\\\/#\\\/schema\\\/logo\\\/image\\\/\"},\"sameAs\":[\"https:\\\/\\\/www.facebook.com\\\/FMCSC\",\"https:\\\/\\\/x.com\\\/fmcsc\",\"https:\\\/\\\/www.youtube.com\\\/channel\\\/UCCLhk49k4p6RkJbqYMr0SEQ\"]}]}<\/script>\n<!-- \/ Yoast SEO plugin. -->","yoast_head_json":{"title":"Inscr\u00edbase en las clases - Iglesia Metodista Gratuita del Sur de California","robots":{"index":"index","follow":"follow","max-snippet":"max-snippet:-1","max-image-preview":"max-image-preview:large","max-video-preview":"max-video-preview:-1"},"canonical":"https:\/\/fmcsc.org\/es\/training\/register\/","og_locale":"es_MX","og_type":"article","og_title":"Register for Classes - Free Methodist Church in Southern California","og_description":"Ministerial Training The Free Methodist Church is committed to raising up new leaders within the church that seek to build new congregations, grow ministries that impact communities, and train the next generation of leaders serving with them.Register for Classes If you\u2019re looking to start the process toward getting involved at your local church, increase the [&hellip;]","og_url":"https:\/\/fmcsc.org\/es\/wp-json\/wp\/v2\/pages\/51869","og_site_name":"Free Methodist Church in Southern California","article_publisher":"https:\/\/www.facebook.com\/FMCSC","article_modified_time":"2024-11-05T21:01:27+00:00","twitter_card":"summary_large_image","twitter_site":"@fmcsc","twitter_misc":{"Tiempo de lectura":"1 minuto"},"schema":{"@context":"https:\/\/schema.org","@graph":[{"@type":"WebPage","@id":"https:\/\/fmcsc.org\/training\/register\/","url":"https:\/\/fmcsc.org\/training\/register\/","name":"Inscr\u00edbase en las clases - Iglesia Metodista Gratuita del Sur de California","isPartOf":{"@id":"https:\/\/fmcsc.org\/#website"},"datePublished":"2021-08-03T20:06:39+00:00","dateModified":"2024-11-05T21:01:27+00:00","breadcrumb":{"@id":"https:\/\/fmcsc.org\/training\/register\/#breadcrumb"},"inLanguage":"es","potentialAction":[{"@type":"ReadAction","target":["https:\/\/fmcsc.org\/training\/register\/"]}]},{"@type":"BreadcrumbList","@id":"https:\/\/fmcsc.org\/training\/register\/#breadcrumb","itemListElement":[{"@type":"ListItem","position":1,"name":"Home","item":"https:\/\/fmcsc.org\/"},{"@type":"ListItem","position":2,"name":"Ministry Training &#038; Classes","item":"https:\/\/fmcsc.org\/training\/"},{"@type":"ListItem","position":3,"name":"Register for Classes"}]},{"@type":"WebSite","@id":"https:\/\/fmcsc.org\/#website","url":"https:\/\/fmcsc.org\/","name":"Iglesia Metodista Libre en el Sur de California","description":"Ama a Dios. Ama a la gente. Haz disc\u00edpulos.","publisher":{"@id":"https:\/\/fmcsc.org\/#organization"},"potentialAction":[{"@type":"SearchAction","target":{"@type":"EntryPoint","urlTemplate":"https:\/\/fmcsc.org\/?s={search_term_string}"},"query-input":{"@type":"PropertyValueSpecification","valueRequired":true,"valueName":"search_term_string"}}],"inLanguage":"es"},{"@type":"Organization","@id":"https:\/\/fmcsc.org\/#organization","name":"Iglesia Metodista Libre en el Sur de California","url":"https:\/\/fmcsc.org\/","logo":{"@type":"ImageObject","inLanguage":"es","@id":"https:\/\/fmcsc.org\/#\/schema\/logo\/image\/","url":"https:\/\/fmcsc.org\/wp-content\/uploads\/2021\/06\/logo-color.png","contentUrl":"https:\/\/fmcsc.org\/wp-content\/uploads\/2021\/06\/logo-color.png","width":166,"height":144,"caption":"Free Methodist Church in Southern California"},"image":{"@id":"https:\/\/fmcsc.org\/#\/schema\/logo\/image\/"},"sameAs":["https:\/\/www.facebook.com\/FMCSC","https:\/\/x.com\/fmcsc","https:\/\/www.youtube.com\/channel\/UCCLhk49k4p6RkJbqYMr0SEQ"]}]}},"jetpack_sharing_enabled":true,"_links":{"self":[{"href":"https:\/\/fmcsc.org\/es\/wp-json\/wp\/v2\/pages\/51869","targetHints":{"allow":["GET"]}}],"collection":[{"href":"https:\/\/fmcsc.org\/es\/wp-json\/wp\/v2\/pages"}],"about":[{"href":"https:\/\/fmcsc.org\/es\/wp-json\/wp\/v2\/types\/page"}],"author":[{"embeddable":true,"href":"https:\/\/fmcsc.org\/es\/wp-json\/wp\/v2\/users\/1"}],"replies":[{"embeddable":true,"href":"https:\/\/fmcsc.org\/es\/wp-json\/wp\/v2\/comments?post=51869"}],"version-history":[{"count":0,"href":"https:\/\/fmcsc.org\/es\/wp-json\/wp\/v2\/pages\/51869\/revisions"}],"up":[{"embeddable":true,"href":"https:\/\/fmcsc.org\/es\/wp-json\/wp\/v2\/pages\/51347"}],"wp:attachment":[{"href":"https:\/\/fmcsc.org\/es\/wp-json\/wp\/v2\/media?parent=51869"}],"curies":[{"name":"gracias","href":"https:\/\/api.w.org\/{rel}","templated":true}]}}