{"id":51349,"date":"2021-07-01T09:13:32","date_gmt":"2021-07-01T16:13:32","guid":{"rendered":"https:\/\/fmcsc.org\/?page_id=51349"},"modified":"2025-04-22T14:05:25","modified_gmt":"2025-04-22T21:05:25","slug":"events","status":"publish","type":"page","link":"https:\/\/fmcsc.org\/es\/events\/","title":{"rendered":"Pr\u00f3ximos eventos"},"content":{"rendered":"<p>[et_pb_section fb_built=\u201d1\u2033 _builder_version=\u201d4.16\u2033 _module_preset=\u201dpredeterminado\u201d background_color=\u201drgba(0,0,0,0.45)\u201d background_image=\u201dhttp:\/\/fmcsc.org\/wp-content\/uploads\/2021\/08\/events-header.jpg\u201d background_blend=\u201dmultiplicar\u201d custom_padding=\u201d150px||57px||false|false\u201d global_colors_info=\u201d{}\u201d][et_pb_row column_structure=\u201d2_3,1_3\u2033 _builder_version=\u201d4.16\u2033 _module_preset=\u201d11f3522d-3ed7-4fa2-8fcf-bb73f19c80b2\u2033 Informaci\u00f3n global de colores = &quot;{}&quot;] [Tipo de columna et_pb = &quot;2_3&quot;] _versi\u00f3n del constructor = &quot;4.16&quot; _ajuste preestablecido del m\u00f3dulo = &quot;1959b601-9003-4bfb-9e5d-a162186b7575&quot; Informaci\u00f3n global de colores = &quot;{}&quot;] [Texto et_pb _versi\u00f3n del constructor = &quot;4.16&quot; _ajuste preestablecido del m\u00f3dulo = &quot;predeterminado&quot; Dise\u00f1o de fondo = &quot;oscuro&quot; Informaci\u00f3n global de colores = &quot;{}&quot;]<\/p>\n<h1>Pr\u00f3ximos eventos<\/h1>\n<p>Cada a\u00f1o, la Iglesia Metodista Libre del Sur de California ofrece oportunidades de conexi\u00f3n, capacitaci\u00f3n y desarrollo ministerial tanto en entornos de grupos grandes como en aulas m\u00e1s peque\u00f1as. Si te interesa descubrir qu\u00e9 significa pertenecer, estos eventos son un excelente lugar para comenzar.<\/p>\n<p>[\/et_pb_text][\/et_pb_column][et_pb_column type=\u201d1_3\u2033 _builder_version=\u201d4.16\u2033 _module_preset=\u201d1959b601-9003-4bfb-9e5d-a162186b7575\u2033 global_colors_info=\u201d{}\u201d][et_pb_button button_url=\u201d\/training\/\u201d button_text=\u201dCapacitaci\u00f3n Ministerial\u201d _builder_version=\u201d4.18.0\u2033 _module_preset=\u201dc988ec08-0052-44e5-80e0-6d6842fb8cf9\u2033 Informaci\u00f3n global de colores = &quot;{}&quot;][\/et_pb_button][\/et_pb_column][\/et_pb_row][\/et_pb_section][et_pb_section fb_built = &quot;1&quot; deshabilitado = &quot;activado | activado | activado&quot; _versi\u00f3n del generador = &quot;4.27.4&quot; _ajuste preestablecido del m\u00f3dulo = &quot;predeterminado&quot; deshabilitado = &quot;activado&quot; Informaci\u00f3n global de colores = &quot;{}&quot;][et_pb_row estructura de columna = &quot;1_4,3_4&quot; _versi\u00f3n del generador = &quot;4.18.0&quot; _ajuste preestablecido del m\u00f3dulo = &quot;predeterminado&quot; margen personalizado = &quot;0px ||0px ||falso | falso&quot; relleno personalizado = &quot;0px ||0px ||falso | falso&quot; Informaci\u00f3n global de colores = &quot;{}&quot;][et_pb_column tipo = &quot;1_4&quot; _builder_version=\u201d4.18.0\u2033 _module_preset=\u201dpredeterminado\u201d global_colors_info=\u201d{}\u201d][et_pb_text _builder_version=\u201d4.18.0\u2033 _module_preset=\u201dpredeterminado\u201d global_colors_info=\u201d{}\u201d]<\/p>\n<p>Si su iglesia o ministerio est\u00e1 organizando un evento que necesitamos conocer, queremos saber de usted. \u00a1Cont\u00e1ctenos hoy!<\/p>\n<p><em>Cada evento tiene informaci\u00f3n adicional que se muestra al hacer clic.<\/em><\/p>\n<p>[\/et_pb_text][et_pb_button button_url=\u201d\/contact\/\u201d button_text=\u201dComparte tu evento\u201d _builder_version=\u201d4.18.0\u2033 _module_preset=\u201dpredeterminado\u201d global_colors_info=\u201d{}\u201d][\/et_pb_button][\/et_pb_column][et_pb_column type=\u201d3_4\u2033 _builder_version=\u201d4.18.0\u2033 _module_preset=\u201dpredeterminado\u201d global_colors_info=\u201d{}\u201d][et_pb_text admin_label=\u201dCalendario (ICS)\u201d _builder_version=\u201d4.18.0\u2033 _module_preset=\u201dpredeterminado\u201d header_3_font_size=\u201d1.56em\u201d header_4_font_size=\u201d1.25em\u201d margen_personalizado=\u201d0px||0px||falso|falso\u201d relleno_personalizado=\u201d0px||0px||falso|falso\u201d informaci\u00f3n_global_colores=\u201d{}\u201d]<\/p>\n<div class=\"r34ics-ajax-container loading\" id=\"r69d78105b363486\" data-view=\"list\" data-view-is-list-style=\"1\" data-view-is-list-long=\"1\" data-args=\"fc30ba2a9398011fe6c3ec1afd05a5bfbc355977\" data-js-args=\"{&quot;debug&quot;:null}\">&nbsp;<\/div>\n<p>[\/et_pb_text][et_pb_code admin_label=\u201dCalendario (CSS)\u201d _builder_version=\u201d4.18.0\u2033 _module_preset=\u201dpredeterminado\u201d background_enable_color=\u201ddesactivado\u201d global_colors_info=\u201d{}\u201d]<\/p>\n<style><!-- [et_pb_line_break_holder] -->\t.ics-calendar h3 { border-bottom: 1px solid #c0c2c4; }<!-- [et_pb_line_break_holder] --><!-- [et_pb_line_break_holder] --><\/style>\n<p>[\/et_pb_code][\/et_pb_column][\/et_pb_row][\/et_pb_section][et_pb_section fb_built=\u201d1\u2033 _builder_version=\u201d4.18.0\u2033 _module_preset=\u201ddefault\u201d background_color=\u201d#F6F5F2\u2033 global_colors_info=\u201d{}\u201d][et_pb_row column_structure=\u201d2_3,1_3\u2033 _builder_version=\u201d4.16\u2033 _module_preset=\u201ddefault\u201d global_colors_info=\u201d{}\u201d][et_pb_column type=\u201d2_3\u2033 _builder_version=\u201d4.16\u2033 _module_preset=\u201ddefault\u201d global_colors_info=\u201d{}\u201d][et_pb_text _builder_version=\u201d4.16\u2033 _module_preset=\u201dpredeterminado\u201d informaci\u00f3n_de_colores_globales=\u201d{}\u201d]<\/p>\n<h2>Conferencia anual<\/h2>\n<p>La Conferencia Anual es nuestra reuni\u00f3n anual de trabajo. A ella asisten todos nuestros pastores y candidatos ministeriales, as\u00ed como delegados laicos y representantes de nuestras iglesias locales. La Conferencia Anual concluye con un servicio de ordenaci\u00f3n inspirador en el que aquellos que han completado el proceso de acreditaci\u00f3n ministerial pasan a ser miembros plenos como ancianos de la conferencia.<\/p>\n<p>[\/et_pb_text][\/et_pb_column][et_pb_column type=\u201d1_3\u2033 _builder_version=\u201d4.16\u2033 _module_preset=\u201ddefault\u201d global_colors_info=\u201d{}\u201d][et_pb_image src=\u201dhttp:\/\/fmcsc.org\/wp-content\/uploads\/2021\/08\/eventos-conferencia-anual.jpg\u201d title_text=\u201deventos-conferencia-anual\u201d _builder_version=\u201d4.16\u2033 _module_preset=\u201ddefault\u201d global_colors_info=\u201d{}\u201d][\/et_pb_image][\/et_pb_column][\/et_pb_row][et_pb_row column_structure=\u201d1_3,1_3,1_3\u2033 _builder_version=\u201d4.16\u2033 _module_preset=\u201dpredeterminado\u201d informaci\u00f3n_global_colors=\u201d{}\u201d][et_pb_column type=\u201d1_3\u2033 _builder_version=\u201d4.16\u2033 _module_preset=\u201dpredeterminado\u201d informaci\u00f3n_global_colors=\u201d{}\u201d][et_pb_text _builder_version=\u201d4.24.3\u2033 _module_preset=\u201d4a96c51d-acdc-4581-a7ba-34fcf5b7188e\u201d informaci\u00f3n_global_colors=\u201d{}\u201d]<\/p>\n<h4>Conferencia anual 2025<\/h4>\n<p>La Conferencia Anual 2025 (AC25) se llevar\u00e1 a cabo el 17 de mayo en la Iglesia Centerpoint en Murrieta y tendr\u00e1 una noche de adoraci\u00f3n opcional para comenzar el viernes 16 de mayo. Es una oportunidad incre\u00edble para participar en sesiones interesantes, adoraci\u00f3n inspiradora y conversaciones org\u00e1nicas que inspiran nuevas formas de llegar a su comunidad para Cristo.<\/p>\n<p>Ya sea que usted sea un pastor que busca herramientas para prosperar o un miembro listo para amplificar sus dones, la Conferencia Anual lo equipar\u00e1, inspirar\u00e1 y le dar\u00e1 energ\u00eda para una nueva temporada de ministerio vibrante y creativo.<\/p>\n<p>[\/et_pb_text][et_pb_button button_url=\u201dhttps:\/\/ac25.fmcsc.org\/\u201d button_text=\u201dAsistir a la Conferencia Anual\u201d _builder_version=\u201d4.27.4\u2033 _module_preset=\u201ddefault\u201d hover_enabled=\u201d0\u2033 global_colors_info=\u201d{}\u201d sticky_enabled=\u201d0\u2033][\/et_pb_button][\/et_pb_column][et_pb_column type=\u201d1_3\u2033 _builder_version=\u201d4.16\u2033 _module_preset=\u201ddefault\u201d global_colors_info=\u201d{}\u201d][et_pb_text _builder_version=\u201d4.23\u2033 _m\u00f3dulo_preestablecido=\u201d4a96c51d-acdc-4581-a7ba-34fcf5b7188e\u201d informaci\u00f3n_global_colores=\u201d{}\u201d]<\/p>\n<h4>Conferencia anual 2024<\/h4>\n<p>El a\u00f1o pasado, el 18 de mayo de 2024, nos unimos a la Conferencia Japonesa de la Costa del Pac\u00edfico para celebrar lo que Dios ha hecho en medio de nosotros durante el \u00faltimo a\u00f1o. Con el tema de la plenitud, el fomento de la renovaci\u00f3n personal, el crecimiento relacional y el ministerio innovador, fue una oportunidad incre\u00edble para conectarnos con nuevos socios ministeriales y amigos de toda la vida.<\/p>\n<p>[\/et_pb_text][et_pb_button button_url=\u201dhttps:\/\/www.youtube.com\/playlist?list=PL28rnyZQWTXnjceL6BkSZoL3W75QLVKPI\u201d button_text=\u201dConferencia Anual 2024 Medios\u201d _builder_version=\u201d4.27.4\u2033 _module_preset=\u201ddefault\u201d global_colors_info=\u201d{}\u201d][\/et_pb_button][\/et_pb_column][et_pb_column type=\u201d1_3\u2033 _builder_version=\u201d4.16\u2033 _module_preset=\u201ddefault\u201d global_colors_info=\u201d{}\u201d][et_pb_text _builder_version=\u201d4.23\u2033 _m\u00f3dulo_preestablecido=\u201d4a96c51d-acdc-4581-a7ba-34fcf5b7188e\u201d informaci\u00f3n_global_colores=\u201d{}\u201d]<\/p>\n<h4>A\u00f1os anteriores<\/h4>\n<p>Cada Conferencia Anual es una instant\u00e1nea de c\u00f3mo Dios se ha movido dentro de la Iglesia Metodista Libre ese a\u00f1o. Como recordatorio de la bondad de Dios, ponemos a disposici\u00f3n en l\u00ednea nuestro contenido anterior.<\/p>\n<p>[\/et_pb_text][et_pb_text _builder_version=\u201d4.27.4\u2033 _module_preset=\u201d4a96c51d-acdc-4581-a7ba-34fcf5b7188e\u201d global_colors_info=\u201d{}\u201d]<\/p>\n<ul>\n<li aria-level=\"1\"><a href=\"https:\/\/www.youtube.com\/playlist?list=PL28rnyZQWTXmk6wwx8GmdwDo4KzRW7uBk\">Conferencia anual 2023<\/a><\/li>\n<li aria-level=\"1\"><a href=\"https:\/\/ac22.fmcsc.org\">Conferencia anual 2022<\/a><\/li>\n<li aria-level=\"1\"><a href=\"https:\/\/ac21.fmcsc.org\">Conferencia anual 2021<\/a><\/li>\n<li><a href=\"https:\/\/ac20.fmcsc.org\">Conferencia anual 2020<\/a><\/li>\n<li><a href=\"https:\/\/ac19.fmcsc.org\">Conferencia anual 2019<\/a><\/li>\n<li><a href=\"https:\/\/ac18.fmcsc.org\">Conferencia anual 2018<\/a><\/li>\n<li><a href=\"https:\/\/ac17.fmcsc.org\">Conferencia anual 2017<\/a><\/li>\n<\/ul>\n<p>[\/et_pb_text][\/et_pb_column][\/et_pb_row][\/et_pb_section]<\/p>","protected":false},"excerpt":{"rendered":"<p>Pr\u00f3ximos eventos. Cada a\u00f1o, la Iglesia Metodista Libre del Sur de California ofrece oportunidades de conexi\u00f3n, capacitaci\u00f3n y desarrollo ministerial, tanto en grupos grandes como en aulas m\u00e1s peque\u00f1as. Si te interesa descubrir qu\u00e9 significa pertenecer, estos eventos son un excelente punto de partida. Si tu iglesia o ministerio organiza un evento [\u2026]<\/p>","protected":false},"author":1,"featured_media":0,"parent":0,"menu_order":18,"comment_status":"closed","ping_status":"closed","template":"","meta":{"_acf_changed":false,"_et_pb_use_builder":"on","_et_pb_old_content":"","_et_gb_content_width":"","content-type":"","footnotes":"","_links_to":"","_links_to_target":""},"class_list":["post-51349","page","type-page","status-publish","hentry"],"acf":[],"yoast_head":"<!-- This site is optimized with the Yoast SEO plugin v27.3 - https:\/\/yoast.com\/product\/yoast-seo-wordpress\/ -->\n<title>Upcoming Events - Free Methodist Church in Southern California<\/title>\n<meta name=\"robots\" content=\"index, follow, max-snippet:-1, max-image-preview:large, max-video-preview:-1\" \/>\n<link rel=\"canonical\" href=\"https:\/\/fmcsc.org\/es\/events\/\" \/>\n<meta property=\"og:locale\" content=\"es_MX\" \/>\n<meta property=\"og:type\" content=\"article\" \/>\n<meta property=\"og:title\" content=\"Upcoming Events - Free Methodist Church in Southern California\" \/>\n<meta property=\"og:description\" content=\"Upcoming Events Each year, the Free Methodist Church in Southern California provides opportunities for connection, training, and ministry development in both large group settings and smaller classroom experiences. If you\u2019re interested in finding out what it means to belong, these events are a great place to start.If your church or ministry is having an event [&hellip;]\" \/>\n<meta property=\"og:url\" content=\"https:\/\/fmcsc.org\/es\/wp-json\/wp\/v2\/pages\/51349\" \/>\n<meta property=\"og:site_name\" content=\"Free Methodist Church in Southern California\" \/>\n<meta property=\"article:publisher\" content=\"https:\/\/www.facebook.com\/FMCSC\" \/>\n<meta property=\"article:modified_time\" content=\"2025-04-22T21:05:25+00:00\" \/>\n<meta name=\"twitter:card\" content=\"summary_large_image\" \/>\n<meta name=\"twitter:site\" content=\"@fmcsc\" \/>\n<meta name=\"twitter:label1\" content=\"Tiempo de lectura\" \/>\n\t<meta name=\"twitter:data1\" content=\"2 minutos\" \/>\n<script type=\"application\/ld+json\" class=\"yoast-schema-graph\">{\"@context\":\"https:\\\/\\\/schema.org\",\"@graph\":[{\"@type\":\"WebPage\",\"@id\":\"https:\\\/\\\/fmcsc.org\\\/events\\\/\",\"url\":\"https:\\\/\\\/fmcsc.org\\\/events\\\/\",\"name\":\"Upcoming Events - Free Methodist Church in Southern California\",\"isPartOf\":{\"@id\":\"https:\\\/\\\/fmcsc.org\\\/#website\"},\"datePublished\":\"2021-07-01T16:13:32+00:00\",\"dateModified\":\"2025-04-22T21:05:25+00:00\",\"breadcrumb\":{\"@id\":\"https:\\\/\\\/fmcsc.org\\\/events\\\/#breadcrumb\"},\"inLanguage\":\"es\",\"potentialAction\":[{\"@type\":\"ReadAction\",\"target\":[\"https:\\\/\\\/fmcsc.org\\\/events\\\/\"]}]},{\"@type\":\"BreadcrumbList\",\"@id\":\"https:\\\/\\\/fmcsc.org\\\/events\\\/#breadcrumb\",\"itemListElement\":[{\"@type\":\"ListItem\",\"position\":1,\"name\":\"Home\",\"item\":\"https:\\\/\\\/fmcsc.org\\\/\"},{\"@type\":\"ListItem\",\"position\":2,\"name\":\"Upcoming Events\"}]},{\"@type\":\"WebSite\",\"@id\":\"https:\\\/\\\/fmcsc.org\\\/#website\",\"url\":\"https:\\\/\\\/fmcsc.org\\\/\",\"name\":\"Free Methodist Church in Southern California\",\"description\":\"Love God. Love People. Make Disciples.\",\"publisher\":{\"@id\":\"https:\\\/\\\/fmcsc.org\\\/#organization\"},\"potentialAction\":[{\"@type\":\"SearchAction\",\"target\":{\"@type\":\"EntryPoint\",\"urlTemplate\":\"https:\\\/\\\/fmcsc.org\\\/?s={search_term_string}\"},\"query-input\":{\"@type\":\"PropertyValueSpecification\",\"valueRequired\":true,\"valueName\":\"search_term_string\"}}],\"inLanguage\":\"es\"},{\"@type\":\"Organization\",\"@id\":\"https:\\\/\\\/fmcsc.org\\\/#organization\",\"name\":\"Free Methodist Church in Southern California\",\"url\":\"https:\\\/\\\/fmcsc.org\\\/\",\"logo\":{\"@type\":\"ImageObject\",\"inLanguage\":\"es\",\"@id\":\"https:\\\/\\\/fmcsc.org\\\/#\\\/schema\\\/logo\\\/image\\\/\",\"url\":\"https:\\\/\\\/fmcsc.org\\\/wp-content\\\/uploads\\\/2021\\\/06\\\/logo-color.png\",\"contentUrl\":\"https:\\\/\\\/fmcsc.org\\\/wp-content\\\/uploads\\\/2021\\\/06\\\/logo-color.png\",\"width\":166,\"height\":144,\"caption\":\"Free Methodist Church in Southern California\"},\"image\":{\"@id\":\"https:\\\/\\\/fmcsc.org\\\/#\\\/schema\\\/logo\\\/image\\\/\"},\"sameAs\":[\"https:\\\/\\\/www.facebook.com\\\/FMCSC\",\"https:\\\/\\\/x.com\\\/fmcsc\",\"https:\\\/\\\/www.youtube.com\\\/channel\\\/UCCLhk49k4p6RkJbqYMr0SEQ\"]}]}<\/script>\n<!-- \/ Yoast SEO plugin. -->","yoast_head_json":{"title":"Pr\u00f3ximos eventos - Iglesia Metodista Libre del Sur de California","robots":{"index":"index","follow":"follow","max-snippet":"max-snippet:-1","max-image-preview":"max-image-preview:large","max-video-preview":"max-video-preview:-1"},"canonical":"https:\/\/fmcsc.org\/es\/events\/","og_locale":"es_MX","og_type":"article","og_title":"Upcoming Events - Free Methodist Church in Southern California","og_description":"Upcoming Events Each year, the Free Methodist Church in Southern California provides opportunities for connection, training, and ministry development in both large group settings and smaller classroom experiences. If you\u2019re interested in finding out what it means to belong, these events are a great place to start.If your church or ministry is having an event [&hellip;]","og_url":"https:\/\/fmcsc.org\/es\/wp-json\/wp\/v2\/pages\/51349","og_site_name":"Free Methodist Church in Southern California","article_publisher":"https:\/\/www.facebook.com\/FMCSC","article_modified_time":"2025-04-22T21:05:25+00:00","twitter_card":"summary_large_image","twitter_site":"@fmcsc","twitter_misc":{"Tiempo de lectura":"2 minutos"},"schema":{"@context":"https:\/\/schema.org","@graph":[{"@type":"WebPage","@id":"https:\/\/fmcsc.org\/events\/","url":"https:\/\/fmcsc.org\/events\/","name":"Pr\u00f3ximos eventos - Iglesia Metodista Libre del Sur de California","isPartOf":{"@id":"https:\/\/fmcsc.org\/#website"},"datePublished":"2021-07-01T16:13:32+00:00","dateModified":"2025-04-22T21:05:25+00:00","breadcrumb":{"@id":"https:\/\/fmcsc.org\/events\/#breadcrumb"},"inLanguage":"es","potentialAction":[{"@type":"ReadAction","target":["https:\/\/fmcsc.org\/events\/"]}]},{"@type":"BreadcrumbList","@id":"https:\/\/fmcsc.org\/events\/#breadcrumb","itemListElement":[{"@type":"ListItem","position":1,"name":"Home","item":"https:\/\/fmcsc.org\/"},{"@type":"ListItem","position":2,"name":"Upcoming Events"}]},{"@type":"WebSite","@id":"https:\/\/fmcsc.org\/#website","url":"https:\/\/fmcsc.org\/","name":"Iglesia Metodista Libre en el Sur de California","description":"Ama a Dios. Ama a la gente. Haz disc\u00edpulos.","publisher":{"@id":"https:\/\/fmcsc.org\/#organization"},"potentialAction":[{"@type":"SearchAction","target":{"@type":"EntryPoint","urlTemplate":"https:\/\/fmcsc.org\/?s={search_term_string}"},"query-input":{"@type":"PropertyValueSpecification","valueRequired":true,"valueName":"search_term_string"}}],"inLanguage":"es"},{"@type":"Organization","@id":"https:\/\/fmcsc.org\/#organization","name":"Iglesia Metodista Libre en el Sur de California","url":"https:\/\/fmcsc.org\/","logo":{"@type":"ImageObject","inLanguage":"es","@id":"https:\/\/fmcsc.org\/#\/schema\/logo\/image\/","url":"https:\/\/fmcsc.org\/wp-content\/uploads\/2021\/06\/logo-color.png","contentUrl":"https:\/\/fmcsc.org\/wp-content\/uploads\/2021\/06\/logo-color.png","width":166,"height":144,"caption":"Free Methodist Church in Southern California"},"image":{"@id":"https:\/\/fmcsc.org\/#\/schema\/logo\/image\/"},"sameAs":["https:\/\/www.facebook.com\/FMCSC","https:\/\/x.com\/fmcsc","https:\/\/www.youtube.com\/channel\/UCCLhk49k4p6RkJbqYMr0SEQ"]}]}},"jetpack_sharing_enabled":true,"_links":{"self":[{"href":"https:\/\/fmcsc.org\/es\/wp-json\/wp\/v2\/pages\/51349","targetHints":{"allow":["GET"]}}],"collection":[{"href":"https:\/\/fmcsc.org\/es\/wp-json\/wp\/v2\/pages"}],"about":[{"href":"https:\/\/fmcsc.org\/es\/wp-json\/wp\/v2\/types\/page"}],"author":[{"embeddable":true,"href":"https:\/\/fmcsc.org\/es\/wp-json\/wp\/v2\/users\/1"}],"replies":[{"embeddable":true,"href":"https:\/\/fmcsc.org\/es\/wp-json\/wp\/v2\/comments?post=51349"}],"version-history":[{"count":0,"href":"https:\/\/fmcsc.org\/es\/wp-json\/wp\/v2\/pages\/51349\/revisions"}],"wp:attachment":[{"href":"https:\/\/fmcsc.org\/es\/wp-json\/wp\/v2\/media?parent=51349"}],"curies":[{"name":"gracias","href":"https:\/\/api.w.org\/{rel}","templated":true}]}}