{"id":51347,"date":"2021-07-01T09:13:31","date_gmt":"2021-07-01T16:13:31","guid":{"rendered":"https:\/\/fmcsc.org\/?page_id=51347"},"modified":"2024-10-21T10:12:28","modified_gmt":"2024-10-21T17:12:28","slug":"training","status":"publish","type":"page","link":"https:\/\/fmcsc.org\/es\/training\/","title":{"rendered":"Capacitaci\u00f3n y clases para el ministerio"},"content":{"rendered":"<p>[et_pb_section fb_built=\u201d1\u2033 _builder_version=\u201d4.16\u2033 _module_preset=\u201dpredeterminado\u201d background_color=\u201drgba(0,0,0,0.45)\u201d background_image=\u201dhttp:\/\/fmcsc.org\/wp-content\/uploads\/2021\/08\/training-header.jpg\u201d background_blend=\u201dmultiplicar\u201d custom_padding=\u201d150px||57px||false|false\u201d global_colors_info=\u201d{}\u201d][et_pb_row column_structure=\u201d3_4,1_4\u2033 _builder_version=\u201d4.16\u2033 _module_preset=\u201d11f3522d-3ed7-4fa2-8fcf-bb73f19c80b2\u2033 Informaci\u00f3n global de colores = &quot;{}&quot;] [Tipo de columna et_pb = &quot;3_4&quot;] _versi\u00f3n del constructor = &quot;4.16&quot;] _ajuste preestablecido del m\u00f3dulo = &quot;1959b601-9003-4bfb-9e5d-a162186b7575&quot; Informaci\u00f3n global de colores = &quot;{}&quot;] [Texto et_pb _versi\u00f3n del constructor = &quot;4.25.2&quot;] _ajuste preestablecido del m\u00f3dulo = &quot;predeterminado&quot;] Dise\u00f1o de fondo = &quot;oscuro&quot;]<\/p>\n<h1>Capacitaci\u00f3n y clases para el ministerio<\/h1>\n<p>La Iglesia Metodista Libre del Sur de California se ha asociado con la Escuela de Ministerio de Aldersgate para formar y equipar a l\u00edderes para ministerios de impacto y crecimiento congregacional. La amplia gama de cursos de Aldersgate atiende distintas etapas del desarrollo espiritual y ministerial, lo que garantiza que cada individuo est\u00e9 bien preparado para cumplir con el llamado de Dios.<\/p>\n<p>[\/et_pb_text][\/et_pb_column][et_pb_column tipo=\u201d1_4\u2033 _builder_version=\u201d4.16\u2033 _module_preset=\u201d1959b601-9003-4bfb-9e5d-a162186b7575\u2033 global_colors_info=\u201d{}\u201d][\/et_pb_column][\/et_pb_row][\/et_pb_section][et_pb_section fb_built=\u201d1\u2033 _builder_version=\u201d4.16\u2033 _module_preset=\u201ddefault\u201d global_colors_info=\u201d{}\u201d][et_pb_row _builder_version=\u201d4.16\u2033 _module_preset=\u201ddefault\u201d global_colors_info=\u201d{}\u201d][et_pb_column tipo=\u201d4_4\u2033 _builder_version=\u201d4.16\u2033 _module_preset=\u201dpredeterminado\u201d informaci\u00f3n_global_colors=\u201d{}\u201d][et_pb_text _builder_version=\u201d4.25.2\u2033 _module_preset=\u201dpredeterminado\u201d informaci\u00f3n_global_colors=\u201d{}\u201d]<\/p>\n<h2>Caminos del ministerio<\/h2>\n<p>Nuestros caminos ministeriales est\u00e1n dise\u00f1ados para guiarte en tu camino espiritual, ya sea que est\u00e9s explorando el ministerio en la iglesia local o buscando un rol m\u00e1s amplio dentro de la conferencia. Cada camino est\u00e1 dise\u00f1ado para informarte, inspirarte y prepararte para un ministerio eficaz.<\/p>\n<p>[\/et_pb_text][\/et_pb_column][\/et_pb_row][et_pb_row estructura_columna=\u201d1_4,1_4,1_4,1_4\u2033 uso_personalizado_gutter=\u201don\u201d ancho_gutter=\u201d2\u2033 _versi\u00f3n_constructora=\u201d4.26.1\u2033 _m\u00f3dulo_preestablecido=\u201dpredeterminado\u201d informaci\u00f3n_global_colores=\u201d{}\u201d][et_pb_column tipo=\u201d1_4\u2033 _versi\u00f3n_constructora=\u201d4.16\u2033 _m\u00f3dulo_preestablecido=\u201dpredeterminado\u201d informaci\u00f3n_global_colores=\u201d{}\u201d][et_pb_imagen src=\u201dhttps:\/\/fmcsc.org\/wp-content\/uploads\/2021\/08\/210819-featured.jpg\u201d t\u00edtulo_texto=\u201d210819-featured\u201d Versi\u00f3n del constructor: 4.25.2. Preajuste del m\u00f3dulo: predeterminado. Informaci\u00f3n global de colores: {}.<\/p>\n<h4>Candidato a Ministro Local (LMC)\u00a0<\/h4>\n<p>La candidatura ministerial local marca el comienzo para aquellos interesados en participar en el ministerio de la iglesia local como ministros laicos. Bajo la supervisi\u00f3n de su Junta de Administraci\u00f3n Local (LBOA), estos candidatos no ordenados colaboran con el personal de la iglesia para brindar un servicio valioso a su congregaci\u00f3n. A medida que crecen en su ministerio, pueden convertirse en Ministros Locales Licenciados e ingresar al proceso de Candidatura Ministerial de la Conferencia.<\/p>\n<p>[\/et_pb_text][\/et_pb_column][et_pb_column type=\u201d1_4\u2033 _builder_version=\u201d4.16\u2033 _module_preset=\u201ddefault\u201d global_colors_info=\u201d{}\u201d][et_pb_image src=\u201dhttp:\/\/fmcsc.org\/wp-content\/uploads\/2021\/08\/training-llp.jpg\u201d title_text=\u201dtraining-llp\u201d _builder_version=\u201d4.16\u2033 _module_preset=\u201ddefault\u201d global_colors_info=\u201d{}\u201d][\/et_pb_image][et_pb_text _builder_version=\u201d4.25.2\u2033 _module_preset=\u201d4a96c51d-acdc-4581-a7ba-34fcf5b7188e\u201d informaci\u00f3n_global_colores=\u201d{}\u201d]<\/p>\n<h4>Ministro local autorizado (LLM)<\/h4>\n<p>En respuesta al llamado de Dios, los ministros locales autorizados sirven como ministros laicos no ordenados que brindan liderazgo de servicio en \u00e1reas espec\u00edficas de la congregaci\u00f3n, aprovechando sus talentos divinos y habilidades perfeccionadas. Trabajando junto con los ancianos, apoyan la misi\u00f3n de la iglesia al guiar y capacitar a los miembros para llevar a cabo sus ministerios dentro de la comunidad y m\u00e1s all\u00e1.<\/p>\n<p>[\/et_pb_text][\/et_pb_column][et_pb_column type=\u201d1_4\u2033 _builder_version=\u201d4.16\u2033 _module_preset=\u201ddefault\u201d global_colors_info=\u201d{}\u201d][et_pb_image src=\u201dhttp:\/\/fmcsc.org\/wp-content\/uploads\/2021\/08\/training-cmc.jpg\u201d title_text=\u201dtraining-cmc\u201d _builder_version=\u201d4.16\u2033 _module_preset=\u201ddefault\u201d global_colors_info=\u201d{}\u201d][\/et_pb_image][et_pb_text _builder_version=\u201d4.25.2\u2033 _module_preset=\u201d4a96c51d-acdc-4581-a7ba-34fcf5b7188e\u201d informaci\u00f3n_global_colores=\u201d{}\u201d]<\/p>\n<h4>Candidato Ministerial de la Conferencia (CMC)<\/h4>\n<p>Los ministros locales autorizados que disciernen un llamado m\u00e1s profundo pueden embarcarse en el camino de la candidatura ministerial de la conferencia como ministros laicos. Este proceso, que se centra en el crecimiento personal, el desarrollo espiritual y las habilidades de liderazgo, nutre a l\u00edderes capacitados que encarnan las cualidades esenciales necesarias para expandir sus ministerios. Estos candidatos son designados, pero no ordenados.<\/p>\n<ul><\/ul>\n<p>[\/et_pb_text][\/et_pb_column][et_pb_column type=\u201d1_4\u2033 _builder_version=\u201d4.16\u2033 _module_preset=\u201ddefault\u201d global_colors_info=\u201d{}\u201d][et_pb_image src=\u201dhttp:\/\/fmcsc.org\/wp-content\/uploads\/2021\/08\/training-elder.jpg\u201d title_text=\u201dtraining-elder\u201d _builder_version=\u201d4.16\u2033 _module_preset=\u201ddefault\u201d global_colors_info=\u201d{}\u201d][\/et_pb_image][et_pb_text _builder_version=\u201d4.25.2\u2033 _module_preset=\u201d4a96c51d-acdc-4581-a7ba-34fcf5b7188e\u201d informaci\u00f3n_global_colores=\u201d{}\u201d]<\/p>\n<h4>Mayor<\/h4>\n<p>En la Iglesia Metodista Libre, los ancianos son ministros ordenados que demuestran un profundo llamado espiritual y dedicaci\u00f3n para servir, guiar y orientar a otros dentro de la iglesia. Si bien son designados para ministerios espec\u00edficos, su llamado principal es hacia la Iglesia en general. Invierten su tiempo y experiencia en fomentar el crecimiento y desarrollo de la comunidad m\u00e1s amplia de la Iglesia Metodista Libre.<\/p>\n<ul><\/ul>\n<p>[\/et_pb_text][\/et_pb_column][\/et_pb_row][\/et_pb_section][et_pb_section fb_built=\u201d1\u2033 _builder_version=\u201d4.25.2\u2033 _module_preset=\u201dpredeterminado\u201d color_de_fondo=\u201d#f6f5f2\u2033 informaci\u00f3n_de_colores_globales=\u201d{}\u201d][et_pb_row _builder_version=\u201d4.25.2\u2033 _module_preset=\u201dpredeterminado\u201d informaci\u00f3n_de_colores_globales=\u201d{}\u201d][et_pb_column type=\u201d4_4\u2033 _builder_version=\u201d4.25.2\u2033 _module_preset=\u201dpredeterminado\u201d informaci\u00f3n_de_colores_globales=\u201d{}\u201d][et_pb_text _builder_version=\u201d4.25.2\u2033 _module_preset=\u201dpredeterminado\u201d informaci\u00f3n_de_colores_globales=\u201d{}\u201d]<\/p>\n<h2 style=\"text-align: center;\">Certificado gratuito de ordenaci\u00f3n metodista \u2013 Escuela de Ministerio de Aldersgate\u00a0<\/h2>\n<p>[\/et_pb_text][et_pb_text _builder_version=\u201d4.25.2\u2033 _module_preset=\u201ddefault\u201d text_orientation=\u201dcenter\u201d global_colors_info=\u201d{}\u201d]<\/p>\n<p>A medida que se embarca en su camino hacia la ordenaci\u00f3n, el Certificado de Seguimiento de la Ordenaci\u00f3n Metodista Libre, ofrecido en asociaci\u00f3n con la Escuela de Ministerio de Aldersgate, proporciona un plan de estudios integral dise\u00f1ado para profundizar su comprensi\u00f3n de la historia, la pol\u00edtica y la teolog\u00eda wesleyana de la Iglesia Metodista Libre. A trav\u00e9s de cursos interesantes y experiencias pr\u00e1cticas en el ministerio, desarrollar\u00e1 las habilidades y el conocimiento necesarios para liderar de manera eficaz dentro de la Iglesia Metodista Libre.<\/p>\n<p>[\/et_pb_text][\/et_pb_column][\/et_pb_row][et_pb_row estructura_columna=\u201d1_2,1_2\u2033 _builder_version=\u201d4.25.2\u2033 _module_preset=\u201dpredeterminado\u201d informaci\u00f3n_global_colors=\u201d{}\u201d][et_pb_column tipo=\u201d1_2\u2033 _builder_version=\u201d4.25.2\u2033 _module_preset=\u201dpredeterminado\u201d informaci\u00f3n_global_colors=\u201d{}\u201d][et_pb_text _builder_version=\u201d4.25.2\u2033 _module_preset=\u201dpredeterminado\u201d informaci\u00f3n_global_colors=\u201d{}\u201d]<\/p>\n<p>Las \u00e1reas clave de estudio incluyen:<\/p>\n<ul>\n<li aria-level=\"1\">Historia y caracter\u00edsticas distintivas de la Iglesia Metodista Libre<\/li>\n<li aria-level=\"1\">La teolog\u00eda wesleyana y su aplicaci\u00f3n en el ministerio<\/li>\n<li aria-level=\"1\">Atenci\u00f3n pastoral y asesoramiento desde una perspectiva wesleyana<\/li>\n<li aria-level=\"1\">Desarrollo de liderazgo y administraci\u00f3n de la iglesia<\/li>\n<li aria-level=\"1\">Predicaci\u00f3n y ense\u00f1anza para la formaci\u00f3n espiritual<\/li>\n<li aria-level=\"1\">Evangelismo, discipulado y alcance comunitario<\/li>\n<\/ul>\n<p>[\/et_pb_text][\/et_pb_column][et_pb_column tipo=\u201d1_2\u2033 _builder_version=\u201d4.25.2\u2033 _module_preset=\u201dpredeterminado\u201d informaci\u00f3n_global_colors=\u201d{}\u201d][et_pb_text _builder_version=\u201d4.25.2\u2033 _module_preset=\u201dpredeterminado\u201d informaci\u00f3n_global_colors=\u201d{}\u201d]<\/p>\n<p>Nuestro experimentado cuerpo docente, compuesto por l\u00edderes y acad\u00e9micos metodistas libres experimentados, lo guiar\u00e1 a trav\u00e9s de esta experiencia educativa transformadora. Tendr\u00e1 oportunidades de conectarse con otros estudiantes, participar en debates significativos y aplicar su aprendizaje en contextos ministeriales del mundo real.<\/p>\n<p>Al completar el Certificado de Seguimiento de Ordenaci\u00f3n Metodista Libre, estar\u00e1 bien equipado para servir como un l\u00edder eficaz dentro de la Iglesia Metodista Libre, generando un impacto duradero en su congregaci\u00f3n y comunidad.<\/p>\n<p>[\/et_pb_text][et_pb_button button_url=\u201dhttps:\/\/www.aldersgatesom.com\/fmc\u201d button_text=\u201dRegistrarse en clases\u201d _builder_version=\u201d4.25.2\u2033 _module_preset=\u201dpredeterminado\u201d global_colors_info=\u201d{}\u201d][\/et_pb_button][\/et_pb_column][\/et_pb_row][\/et_pb_section][et_pb_section fb_built=\u201d1\u2033 _builder_version=\u201d4.25.2\u2033 _module_preset=\u201dpredeterminado\u201d background_color=\u201d#717F8D\u201d global_colors_info=\u201d{}\u201d][et_pb_row column_structure=\u201d1_2,1_2\u2033 _builder_version=\u201d4.25.2\u2033 _module_preset=\u201dpredeterminado\u201d informaci\u00f3n_global_colors=\u201d{}\u201d][et_pb_column type=\u201d1_2\u2033 _builder_version=\u201d4.25.2\u2033 _module_preset=\u201dpredeterminado\u201d informaci\u00f3n_global_colors=\u201d{}\u201d][et_pb_text _builder_version=\u201d4.25.2\u2033 _module_preset=\u201dpredeterminado\u201d color_texto=\u201d#FFFFFF\u201d color_texto_encabezado_4=\u201d#FFFFFF\u201d informaci\u00f3n_global_colors=\u201d{}\u201d]<\/p>\n<h4>Apoyo financiero<\/h4>\n<p>Entendemos la importancia de invertir en su educaci\u00f3n ministerial. Hay becas disponibles para los CMC y LMC de FMCSC con la aprobaci\u00f3n y recomendaci\u00f3n de su pastor principal y\/o el designado de la junta de MEG. Las clases tienen una tarifa fija de $300 cada una, pagadera a Aldersgate School of Ministry.<\/p>\n<p>[\/et_pb_text][\/et_pb_column][et_pb_column tipo=\u201d1_2\u2033 _builder_version=\u201d4.25.2\u2033 _module_preset=\u201dpredeterminado\u201d informaci\u00f3n_de_colores_globales=\u201d{}\u201d][et_pb_text _builder_version=\u201d4.25.2\u2033 _module_preset=\u201dpredeterminado\u201d dise\u00f1o_de_fondo=\u201doscuro\u201d informaci\u00f3n_de_colores_globales=\u201d{}\u201d]<\/p>\n<h4>Continuando tu educaci\u00f3n<\/h4>\n<p>Al finalizar su Certificado FMC, puede optar por continuar su educaci\u00f3n transfiri\u00e9ndose a uno de los programas de certificaci\u00f3n de 2 a\u00f1os de la Escuela de Ministerio de Aldersgate. Estos programas ofrecen un camino hacia la educaci\u00f3n en el seminario, y los graduados pueden obtener descuentos en la matr\u00edcula para t\u00edtulos de maestr\u00eda en seminarios selectos de EE. UU.<\/p>\n<p>[\/et_pb_text][\/et_pb_column][\/et_pb_row][\/et_pb_section][et_pb_section fb_built=\u201d1\u2033 _builder_version=\u201d4.16\u2033 _module_preset=\u201dpredeterminado\u201d global_colors_info=\u201d{}\u201d][et_pb_row _builder_version=\u201d4.16\u2033 _module_preset=\u201dpredeterminado\u201d custom_padding=\u201d||0px||false|false\u201d global_colors_info=\u201d{}\u201d][et_pb_column type=\u201d4_4\u2033 _builder_version=\u201d4.16\u2033 _module_preset=\u201dpredeterminado\u201d global_colors_info=\u201d{}\u201d][et_pb_text _builder_version=\u201d4.25.2\u2033 _module_preset=\u201dpredeterminado\u201d informaci\u00f3n_global_colores=\u201d{}\u201d]<\/p>\n<h2>Da el siguiente paso<\/h2>\n<p>Como l\u00edder actual de la iglesia FMC, usted desempe\u00f1a un papel vital en el crecimiento y desarrollo de la Iglesia Metodista Libre. Si se siente llamado a expandir su ministerio y profundizar su impacto, lo invitamos a explorar el Certificado de Ordenaci\u00f3n Metodista Libre. Comun\u00edquese con nosotros hoy para obtener m\u00e1s informaci\u00f3n sobre c\u00f3mo este programa puede ayudarlo a cumplir con su llamado y avanzar en su liderazgo dentro de la Iglesia Metodista Libre.<\/p>\n<p>[\/et_pb_text][\/et_pb_column][\/et_pb_row][et_pb_row estructura_columna=\u201d2_3,1_3\u2033 _versi\u00f3n_constructora=\u201d4.16\u2033 _m\u00f3dulo_preestablecido=\u201dpredeterminado\u201d informaci\u00f3n_colores_globales=\u201d{}\u201d][et_pb_column tipo=\u201d2_3\u2033 _versi\u00f3n_constructora=\u201d4.16\u2033 _m\u00f3dulo_preestablecido=\u201dpredeterminado\u201d informaci\u00f3n_colores_globales=\u201d{}\u201d][ws_form_divi _versi\u00f3n_constructora=\u201d4.27.2\u2033 _m\u00f3dulo_preestablecido=\u201dpredeterminado\u201d id_formulario=\u201d3\u2033 activado_flotar=\u201d0\u2033 activado_fijo=\u201d0\u2033][\/ws_form_divi][\/et_pb_column][et_pb_column tipo=\u201d1_3\u2033 _builder_version=\u201d4.16\u2033 _module_preset=\u201dpredeterminado\u201d informaci\u00f3n_global_colors=\u201d{}\u201d][et_pb_text _builder_version=\u201d4.16\u2033 _module_preset=\u201dpredeterminado\u201d informaci\u00f3n_global_colors=\u201d{}\u201d]<\/p>\n<p>Estamos entusiasmados por el papel que desempe\u00f1as en la familia de la Iglesia Metodista Libre. Si has experimentado el llamado de Dios al ministerio eclesial, queremos animarte y brindarte oportunidades para servir dentro de la Iglesia Metodista Libre. Cont\u00e1ctanos para saber c\u00f3mo puedes comenzar.<\/p>\n<p>[\/et_pb_text][\/et_pb_column][\/et_pb_row][\/et_pb_section]<\/p>","protected":false},"excerpt":{"rendered":"<p>Capacitaci\u00f3n y Clases Ministeriales. La Iglesia Metodista Libre del Sur de California se ha asociado con la Escuela de Ministerio de Aldersgate para nutrir y equipar a l\u00edderes para ministerios de impacto y crecimiento congregacional. La diversa gama de cursos de Aldersgate se adapta a las distintas etapas del desarrollo espiritual y ministerial, asegurando que cada persona est\u00e9 bien preparada para cumplir el llamado de Dios. Caminos Ministeriales. Nuestro [\u2026]<\/p>","protected":false},"author":1,"featured_media":0,"parent":0,"menu_order":16,"comment_status":"closed","ping_status":"closed","template":"","meta":{"_acf_changed":false,"_et_pb_use_builder":"on","_et_pb_old_content":"","_et_gb_content_width":"","content-type":"","footnotes":"","_links_to":"","_links_to_target":""},"class_list":["post-51347","page","type-page","status-publish","hentry"],"acf":[],"yoast_head":"<!-- This site is optimized with the Yoast SEO plugin v27.3 - https:\/\/yoast.com\/product\/yoast-seo-wordpress\/ -->\n<title>Ministry Training &amp; Classes - Free Methodist Church in Southern California<\/title>\n<meta name=\"robots\" content=\"index, follow, max-snippet:-1, max-image-preview:large, max-video-preview:-1\" \/>\n<link rel=\"canonical\" href=\"https:\/\/fmcsc.org\/es\/training\/\" \/>\n<meta property=\"og:locale\" content=\"es_MX\" \/>\n<meta property=\"og:type\" content=\"article\" \/>\n<meta property=\"og:title\" content=\"Ministry Training &amp; Classes - Free Methodist Church in Southern California\" \/>\n<meta property=\"og:description\" content=\"Ministry Training &amp; Classes The Free Methodist Church in Southern California has partnered with Aldersgate School of Ministry to nurture and equip leaders for impactful ministries and congregational growth. Aldersgate&#039;s diverse range of courses caters to varying stages of spiritual and ministerial development, ensuring that each individual is well-prepared to fulfill God&#039;s calling.Ministry Paths Our [&hellip;]\" \/>\n<meta property=\"og:url\" content=\"https:\/\/fmcsc.org\/es\/wp-json\/wp\/v2\/pages\/51347\" \/>\n<meta property=\"og:site_name\" content=\"Free Methodist Church in Southern California\" \/>\n<meta property=\"article:publisher\" content=\"https:\/\/www.facebook.com\/FMCSC\" \/>\n<meta property=\"article:modified_time\" content=\"2024-10-21T17:12:28+00:00\" \/>\n<meta name=\"twitter:card\" content=\"summary_large_image\" \/>\n<meta name=\"twitter:site\" content=\"@fmcsc\" \/>\n<meta name=\"twitter:label1\" content=\"Tiempo de lectura\" \/>\n\t<meta name=\"twitter:data1\" content=\"5 minutos\" \/>\n<script type=\"application\/ld+json\" class=\"yoast-schema-graph\">{\"@context\":\"https:\\\/\\\/schema.org\",\"@graph\":[{\"@type\":\"WebPage\",\"@id\":\"https:\\\/\\\/fmcsc.org\\\/training\\\/\",\"url\":\"https:\\\/\\\/fmcsc.org\\\/training\\\/\",\"name\":\"Ministry Training & Classes - Free Methodist Church in Southern California\",\"isPartOf\":{\"@id\":\"https:\\\/\\\/fmcsc.org\\\/#website\"},\"datePublished\":\"2021-07-01T16:13:31+00:00\",\"dateModified\":\"2024-10-21T17:12:28+00:00\",\"breadcrumb\":{\"@id\":\"https:\\\/\\\/fmcsc.org\\\/training\\\/#breadcrumb\"},\"inLanguage\":\"es\",\"potentialAction\":[{\"@type\":\"ReadAction\",\"target\":[\"https:\\\/\\\/fmcsc.org\\\/training\\\/\"]}]},{\"@type\":\"BreadcrumbList\",\"@id\":\"https:\\\/\\\/fmcsc.org\\\/training\\\/#breadcrumb\",\"itemListElement\":[{\"@type\":\"ListItem\",\"position\":1,\"name\":\"Home\",\"item\":\"https:\\\/\\\/fmcsc.org\\\/\"},{\"@type\":\"ListItem\",\"position\":2,\"name\":\"Ministry Training &#038; Classes\"}]},{\"@type\":\"WebSite\",\"@id\":\"https:\\\/\\\/fmcsc.org\\\/#website\",\"url\":\"https:\\\/\\\/fmcsc.org\\\/\",\"name\":\"Free Methodist Church in Southern California\",\"description\":\"Love God. Love People. Make Disciples.\",\"publisher\":{\"@id\":\"https:\\\/\\\/fmcsc.org\\\/#organization\"},\"potentialAction\":[{\"@type\":\"SearchAction\",\"target\":{\"@type\":\"EntryPoint\",\"urlTemplate\":\"https:\\\/\\\/fmcsc.org\\\/?s={search_term_string}\"},\"query-input\":{\"@type\":\"PropertyValueSpecification\",\"valueRequired\":true,\"valueName\":\"search_term_string\"}}],\"inLanguage\":\"es\"},{\"@type\":\"Organization\",\"@id\":\"https:\\\/\\\/fmcsc.org\\\/#organization\",\"name\":\"Free Methodist Church in Southern California\",\"url\":\"https:\\\/\\\/fmcsc.org\\\/\",\"logo\":{\"@type\":\"ImageObject\",\"inLanguage\":\"es\",\"@id\":\"https:\\\/\\\/fmcsc.org\\\/#\\\/schema\\\/logo\\\/image\\\/\",\"url\":\"https:\\\/\\\/fmcsc.org\\\/wp-content\\\/uploads\\\/2021\\\/06\\\/logo-color.png\",\"contentUrl\":\"https:\\\/\\\/fmcsc.org\\\/wp-content\\\/uploads\\\/2021\\\/06\\\/logo-color.png\",\"width\":166,\"height\":144,\"caption\":\"Free Methodist Church in Southern California\"},\"image\":{\"@id\":\"https:\\\/\\\/fmcsc.org\\\/#\\\/schema\\\/logo\\\/image\\\/\"},\"sameAs\":[\"https:\\\/\\\/www.facebook.com\\\/FMCSC\",\"https:\\\/\\\/x.com\\\/fmcsc\",\"https:\\\/\\\/www.youtube.com\\\/channel\\\/UCCLhk49k4p6RkJbqYMr0SEQ\"]}]}<\/script>\n<!-- \/ Yoast SEO plugin. -->","yoast_head_json":{"title":"Formaci\u00f3n y clases ministeriales - Iglesia Metodista Libre en el sur de California","robots":{"index":"index","follow":"follow","max-snippet":"max-snippet:-1","max-image-preview":"max-image-preview:large","max-video-preview":"max-video-preview:-1"},"canonical":"https:\/\/fmcsc.org\/es\/training\/","og_locale":"es_MX","og_type":"article","og_title":"Ministry Training & Classes - Free Methodist Church in Southern California","og_description":"Ministry Training &amp; Classes The Free Methodist Church in Southern California has partnered with Aldersgate School of Ministry to nurture and equip leaders for impactful ministries and congregational growth. Aldersgate's diverse range of courses caters to varying stages of spiritual and ministerial development, ensuring that each individual is well-prepared to fulfill God's calling.Ministry Paths Our [&hellip;]","og_url":"https:\/\/fmcsc.org\/es\/wp-json\/wp\/v2\/pages\/51347","og_site_name":"Free Methodist Church in Southern California","article_publisher":"https:\/\/www.facebook.com\/FMCSC","article_modified_time":"2024-10-21T17:12:28+00:00","twitter_card":"summary_large_image","twitter_site":"@fmcsc","twitter_misc":{"Tiempo de lectura":"5 minutos"},"schema":{"@context":"https:\/\/schema.org","@graph":[{"@type":"WebPage","@id":"https:\/\/fmcsc.org\/training\/","url":"https:\/\/fmcsc.org\/training\/","name":"Formaci\u00f3n y clases ministeriales - Iglesia Metodista Libre en el sur de California","isPartOf":{"@id":"https:\/\/fmcsc.org\/#website"},"datePublished":"2021-07-01T16:13:31+00:00","dateModified":"2024-10-21T17:12:28+00:00","breadcrumb":{"@id":"https:\/\/fmcsc.org\/training\/#breadcrumb"},"inLanguage":"es","potentialAction":[{"@type":"ReadAction","target":["https:\/\/fmcsc.org\/training\/"]}]},{"@type":"BreadcrumbList","@id":"https:\/\/fmcsc.org\/training\/#breadcrumb","itemListElement":[{"@type":"ListItem","position":1,"name":"Home","item":"https:\/\/fmcsc.org\/"},{"@type":"ListItem","position":2,"name":"Ministry Training &#038; Classes"}]},{"@type":"WebSite","@id":"https:\/\/fmcsc.org\/#website","url":"https:\/\/fmcsc.org\/","name":"Iglesia Metodista Libre en el Sur de California","description":"Ama a Dios. Ama a la gente. Haz disc\u00edpulos.","publisher":{"@id":"https:\/\/fmcsc.org\/#organization"},"potentialAction":[{"@type":"SearchAction","target":{"@type":"EntryPoint","urlTemplate":"https:\/\/fmcsc.org\/?s={search_term_string}"},"query-input":{"@type":"PropertyValueSpecification","valueRequired":true,"valueName":"search_term_string"}}],"inLanguage":"es"},{"@type":"Organization","@id":"https:\/\/fmcsc.org\/#organization","name":"Iglesia Metodista Libre en el Sur de California","url":"https:\/\/fmcsc.org\/","logo":{"@type":"ImageObject","inLanguage":"es","@id":"https:\/\/fmcsc.org\/#\/schema\/logo\/image\/","url":"https:\/\/fmcsc.org\/wp-content\/uploads\/2021\/06\/logo-color.png","contentUrl":"https:\/\/fmcsc.org\/wp-content\/uploads\/2021\/06\/logo-color.png","width":166,"height":144,"caption":"Free Methodist Church in Southern California"},"image":{"@id":"https:\/\/fmcsc.org\/#\/schema\/logo\/image\/"},"sameAs":["https:\/\/www.facebook.com\/FMCSC","https:\/\/x.com\/fmcsc","https:\/\/www.youtube.com\/channel\/UCCLhk49k4p6RkJbqYMr0SEQ"]}]}},"jetpack_sharing_enabled":true,"_links":{"self":[{"href":"https:\/\/fmcsc.org\/es\/wp-json\/wp\/v2\/pages\/51347","targetHints":{"allow":["GET"]}}],"collection":[{"href":"https:\/\/fmcsc.org\/es\/wp-json\/wp\/v2\/pages"}],"about":[{"href":"https:\/\/fmcsc.org\/es\/wp-json\/wp\/v2\/types\/page"}],"author":[{"embeddable":true,"href":"https:\/\/fmcsc.org\/es\/wp-json\/wp\/v2\/users\/1"}],"replies":[{"embeddable":true,"href":"https:\/\/fmcsc.org\/es\/wp-json\/wp\/v2\/comments?post=51347"}],"version-history":[{"count":0,"href":"https:\/\/fmcsc.org\/es\/wp-json\/wp\/v2\/pages\/51347\/revisions"}],"wp:attachment":[{"href":"https:\/\/fmcsc.org\/es\/wp-json\/wp\/v2\/media?parent=51347"}],"curies":[{"name":"gracias","href":"https:\/\/api.w.org\/{rel}","templated":true}]}}