{"id":51344,"date":"2021-07-01T09:13:31","date_gmt":"2021-07-01T16:13:31","guid":{"rendered":"https:\/\/fmcsc.org\/?page_id=51344"},"modified":"2024-10-28T11:44:04","modified_gmt":"2024-10-28T18:44:04","slug":"discipleship","status":"publish","type":"page","link":"https:\/\/fmcsc.org\/es\/discipleship\/","title":{"rendered":"Discipulado"},"content":{"rendered":"<p>[et_pb_section fb_built=\u201d1\u2033 _builder_version=\u201d4.16\u2033 _module_preset=\u201ddefault\u201d background_color=\u201drgba(0,0,0,0.45)\u201d background_image=\u201dhttp:\/\/fmcsc.org\/wp-content\/uploads\/2021\/08\/discipleship-header.jpg\u201d background_blend=\u201dmultiply\u201d custom_padding=\u201d150px||57px||false|false\u201d global_colors_info=\u201d{}\u201d][et_pb_row column_structure=\u201d2_3,1_3\u2033 _builder_version=\u201d4.16\u2033 _module_preset=\u201d11f3522d-3ed7-4fa2-8fcf-bb73f19c80b2\u2033 Informaci\u00f3n global de colores = &quot;{}&quot;] [Tipo de columna et_pb = &quot;2_3&quot;] _versi\u00f3n del constructor = &quot;4.16&quot; _ajuste preestablecido del m\u00f3dulo = &quot;1959b601-9003-4bfb-9e5d-a162186b7575&quot; Informaci\u00f3n global de colores = &quot;{}&quot;] [Texto et_pb _versi\u00f3n del constructor = &quot;4.16&quot; _ajuste preestablecido del m\u00f3dulo = &quot;predeterminado&quot; Dise\u00f1o de fondo = &quot;oscuro&quot; Informaci\u00f3n global de colores = &quot;{}&quot;]<\/p>\n<h1>Discipulado<\/h1>\n<p>El discipulado es m\u00e1s que un m\u00e9todo para encontrar la salvaci\u00f3n: es sintonizar nuestros corazones y mentes con el movimiento de Dios a nuestro alrededor y con el llamado del Esp\u00edritu Santo a seguir a Jes\u00fas en cada parte de nuestras vidas.<\/p>\n<p>[\/et_pb_text][\/et_pb_column][et_pb_column tipo=\u201d1_3\u2033 _builder_version=\u201d4.16\u2033 _module_preset=\u201d1959b601-9003-4bfb-9e5d-a162186b7575\u2033 global_colors_info=\u201d{}\u201d][\/et_pb_column][\/et_pb_row][\/et_pb_section][et_pb_section fb_built=\u201d1\u2033 _builder_version=\u201d4.27.2\u2033 _module_preset=\u201ddefault\u201d hover_enabled=\u201d0\u2033 global_colors_info=\u201d{}\u201d background_color=\u201d#EEEDEC\u201d sticky_enabled=\u201d0\u2033][et_pb_row estructura_columna=\u201d2_3,1_3\u2033 _versi\u00f3n_constructor=\u201d4.16\u2033 _m\u00f3dulo_preestablecido=\u201dpredeterminado\u201d informaci\u00f3n_global_colores=\u201d{}\u201d][tipo_columna_et_pb=\u201d2_3\u2033 _versi\u00f3n_constructor=\u201d4.16\u2033 _m\u00f3dulo_preestablecido=\u201dpredeterminado\u201d informaci\u00f3n_global_colores=\u201d{}\u201d][texto_et_pb _versi\u00f3n_constructor=\u201d4.16\u2033 _m\u00f3dulo_preestablecido=\u201dpredeterminado\u201d informaci\u00f3n_global_colores=\u201d{}\u201d]<\/p>\n<h2>El metodismo como fe pr\u00e1ctica<\/h2>\n<p>Mientras los hermanos John y Charles Wesley (los fundadores del movimiento metodista) buscaban experimentar a Dios en sus vidas, descubrieron algo que deber\u00eda haber sido obvio desde el principio: que seguir los pasos de Cristo nos acerca a la comprensi\u00f3n del coraz\u00f3n de Dios. Con otros tres o cuatro amigos, los hermanos se comprometieron a estudiar las Escrituras en forma personal y en grupo, a orar diariamente y a ser disc\u00edpulos, lo que inclu\u00eda hacerse responsables unos a otros mediante una serie de preguntas que obligaban a cada persona a considerar cada d\u00eda cu\u00e1n real era Cristo para ellos.<\/p>\n<p>Para quienes los rodeaban, esto parec\u00eda una forma de vida loca. Pero a medida que m\u00e1s y m\u00e1s personas empezaron a descubrir estos \u201cm\u00e9todos\u201d, se desat\u00f3 un avivamiento a su alrededor que se convirti\u00f3 en un movimiento que cambi\u00f3 el mundo.<\/p>\n<p>[\/et_pb_text][et_pb_text _builder_version=\u201d4.25.2\u2033 _module_preset=\u201ddefault\u201d global_colors_info=\u201d{}\u201d]<\/p>\n<h3>Descubra el discipulado<\/h3>\n<ul>\n<li aria-level=\"1\"><a href=\"https:\/\/fmcsc.org\/es\/what\/churches\/\">Encuentra un lugar al que pertenecer<\/a><\/li>\n<li aria-level=\"1\"><a href=\"https:\/\/ac24.pacificcoastnetwork.org\/partners\/\">Involucrate con el movimiento<\/a><\/li>\n<\/ul>\n<p>[\/et_pb_text][\/et_pb_column][et_pb_column type=\u201d1_3\u2033 _builder_version=\u201d4.16\u2033 _module_preset=\u201ddefault\u201d global_colors_info=\u201d{}\u201d][et_pb_image src=\u201dhttp:\/\/fmcsc.org\/wp-content\/uploads\/2021\/08\/discipleship-practical-faith.jpg\u201d title_text=\u201ddiscipleship-practical-faith\u201d _builder_version=\u201d4.16\u2033 _module_preset=\u201ddefault\u201d global_colors_info=\u201d{}\u201d][\/et_pb_image][\/et_pb_column][\/et_pb_row][\/et_pb_section][et_pb_section fb_built=\u201d1\u2033 _builder_version=\u201d4.27.2\u2033 _module_preset=\u201dpredeterminado\u201d hover_enabled=\u201d0\u2033 global_colors_info=\u201d{}\u201d background_enable_color=\u201doff\u201d sticky_enabled=\u201d0\u2033][et_pb_row _builder_version=\u201d4.16\u2033 _module_preset=\u201dpredeterminado\u201d global_colors_info=\u201d{}\u201d][et_pb_column type=\u201d4_4\u2033 _builder_version=\u201d4.16\u2033 _module_preset=\u201dpredeterminado\u201d global_colors_info=\u201d{}\u201d][et_pb_text _builder_version=\u201d4.16\u2033 _module_preset=\u201dpredeterminado\u201d text_orientation=\u201dcenter\u201d global_colors_info=\u201d{}\u201d]<\/p>\n<h3>Las 22 preguntas de Wesley: una herramienta sencilla para la reflexi\u00f3n<\/h3>\n<p>[\/et_pb_text][\/et_pb_column][\/et_pb_row][et_pb_row estructura_columna=\u201d1_3,1_3,1_3\u2033 _builder_version=\u201d4.16\u2033 _module_preset=\u201dpredeterminado\u201d informaci\u00f3n_global_colors=\u201d{}\u201d][et_pb_column tipo=\u201d1_3\u2033 _builder_version=\u201d4.16\u2033 _module_preset=\u201dpredeterminado\u201d informaci\u00f3n_global_colors=\u201d{}\u201d][et_pb_text _builder_version=\u201d4.16\u2033 _module_preset=\u201dpredeterminado\u201d informaci\u00f3n_global_colors=\u201d{}\u201d]<\/p>\n<p>En 1729, mientras John Wesley estudiaba en Oxford, fund\u00f3 un club con su hermano Charles. Algunos de sus compa\u00f1eros de clase pronto lo bautizaron en tono de burla como \u201cEl Club Sagrado\u201d. Los miembros del club se autoexaminaban rigurosamente todos los d\u00edas plante\u00e1ndose las 22 preguntas siguientes:<\/p>\n<p>Si bien no es una herramienta metodista oficial, las 22 preguntas a\u00fan son utilizadas por personas que buscan desafiar sus propias ideas de qui\u00e9n es Dios para ellos y c\u00f3mo vivir el llamado que Cristo les ha dado.<\/p>\n<p>[\/et_pb_text][\/et_pb_column][et_pb_column tipo=\u201d1_3\u2033 _builder_version=\u201d4.16\u2033 _module_preset=\u201dpredeterminado\u201d informaci\u00f3n_global_colors=\u201d{}\u201d][et_pb_text _builder_version=\u201d4.16\u2033 _module_preset=\u201d4a96c51d-acdc-4581-a7ba-34fcf5b7188e\u201d informaci\u00f3n_global_colors=\u201d{}\u201d]<\/p>\n<ol>\n<li aria-level=\"1\">\u00bfEstoy creando consciente o inconscientemente la impresi\u00f3n de que soy mejor de lo que soy en realidad? En otras palabras, \u00bfsoy un hip\u00f3crita?<\/li>\n<li aria-level=\"1\">\u00bfSoy honesto en todos mis actos y palabras o exagero?<\/li>\n<li aria-level=\"1\">\u00bfTransmito confidencialmente a otros lo que se me ha dicho en confianza?<\/li>\n<li aria-level=\"1\">\u00bfPuedo ser confiable?<\/li>\n<li aria-level=\"1\">\u00bfSoy esclavo de la vestimenta, de los amigos, del trabajo o de los h\u00e1bitos?<\/li>\n<li aria-level=\"1\">\u00bfSoy consciente de m\u00ed mismo, me compadezco de m\u00ed mismo o me autojustifico?<\/li>\n<li aria-level=\"1\">\u00bfLa Biblia vivi\u00f3 en m\u00ed hoy?<\/li>\n<li aria-level=\"1\">\u00bfLe doy tiempo a la Biblia para hablarme cada d\u00eda?<\/li>\n<li aria-level=\"1\">\u00bfEstoy disfrutando la oraci\u00f3n?<\/li>\n<li aria-level=\"1\">\u00bfCu\u00e1ndo fue la \u00faltima vez que habl\u00e9 con alguien m\u00e1s sobre mi fe?<\/li>\n<li aria-level=\"1\">\u00bfOro por el dinero que gasto?<\/li>\n<\/ol>\n<p>[\/et_pb_text][\/et_pb_column][et_pb_column tipo=\u201d1_3\u2033 _builder_version=\u201d4.16\u2033 _module_preset=\u201dpredeterminado\u201d informaci\u00f3n_global_colors=\u201d{}\u201d][et_pb_text _builder_version=\u201d4.16\u2033 _module_preset=\u201d4a96c51d-acdc-4581-a7ba-34fcf5b7188e\u201d informaci\u00f3n_global_colors=\u201d{}\u201d]<\/p>\n<ol start=\"12\">\n<li aria-level=\"1\">\u00bfMe acuesto a tiempo y me levanto a tiempo?<\/li>\n<li aria-level=\"1\">\u00bfDesobedezco a Dios en algo?<\/li>\n<li aria-level=\"1\">\u00bfInsisto en hacer algo que me remueve la conciencia?<\/li>\n<li aria-level=\"1\">\u00bfEstoy derrotado en alguna parte de mi vida?<\/li>\n<li aria-level=\"1\">\u00bfSoy celoso, impuro, cr\u00edtico, irritable, susceptible o desconfiado?<\/li>\n<li aria-level=\"1\">\u00bfC\u00f3mo paso mi tiempo libre?<\/li>\n<li aria-level=\"1\">\u00bfEstoy orgulloso?<\/li>\n<li aria-level=\"1\">\u00bfDoy gracias a Dios por no ser como los dem\u00e1s, especialmente como los fariseos que despreciaban al publicano?<\/li>\n<li aria-level=\"1\">\u00bfHay alguien a quien temo, a quien detesto, a quien desprecio, a quien desprecio, critico, hacia quien siento resentimiento o a quien desprecio? Si es as\u00ed, \u00bfqu\u00e9 estoy haciendo al respecto?<\/li>\n<li aria-level=\"1\">\u00bfMe quejo o me lamento constantemente?<\/li>\n<li aria-level=\"1\">\u00bfEs Cristo real para m\u00ed?<\/li>\n<\/ol>\n<p>[\/et_pb_text][\/et_pb_column][\/et_pb_row][\/et_pb_section][et_pb_section fb_built=\u201d1\u2033 _builder_version=\u201d4.27.2\u2033 _module_preset=\u201ddefault\u201d background_color=\u201d#EEEDEC\u201d saved_tabs=\u201dall\u201d global_colors_info=\u201d{}\u201d global_module=\u201d55938\u2033 theme_builder_area=\u201dpost_content\u201d][et_pb_row column_structure=\u201d1_2,1_2\u2033 make_equal=\u201don\u201d _builder_version=\u201d4.27.2\u2033 _module_preset=\u201ddefault\u201d global_colors_info=\u201d{}\u201d theme_builder_area=\u201dpost_content\u201d][et_pb_column type=\u201d1_2\u2033 Versi\u00f3n del constructor: 4.27.2. Preajuste del m\u00f3dulo: 73134464-3fcb-4d3f-bcfa-94f46ea7af26. Informaci\u00f3n global de colores: {}. \u00c1rea del constructor del tema: contenido de la publicaci\u00f3n. Fuente de la imagen de et_pb: https:\/\/leaderspath.org\/wp-content\/uploads\/2023\/07\/home-leadership.jpg. Versi\u00f3n del constructor: 4.27.2. Preajuste del m\u00f3dulo: predeterminado. Informaci\u00f3n global de colores: {}. \u00c1rea del constructor del tema: contenido de la publicaci\u00f3n. _module_preset=\u201d73134464-3fcb-4d3f-bcfa-94f46ea7af26\u2033 global_colors_info=\u201d{}\u201d theme_builder_area=\u201dpost_content\u201d][et_pb_text _builder_version=\u201d4.27.2\u2033 _module_preset=\u201ddefault\u201d global_colors_info=\u201d{}\u201d theme_builder_area=\u201dpost_content\u201d]<\/p>\n<h4>Continuar el viaje<\/h4>\n<p><strong>Descubra lo que hace que los Metodistas Libres sean \u00fanicos<\/strong> A trav\u00e9s de LeadersPath, nuestra innovadora plataforma de aprendizaje que conecta los valores wesleyanos tradicionales con las necesidades del ministerio contempor\u00e1neo. Ya sea que sienta curiosidad por nuestra teolog\u00eda metodista libre, le apasione la justicia social o busque profundizar su comprensi\u00f3n de la historia y la pol\u00edtica metodista libre, LeadersPath ofrece cursos interactivos y recursos de expertos dise\u00f1ados para l\u00edderes de iglesias modernas.<\/p>\n<p>[\/et_pb_text][et_pb_button button_url=\u201dhttps:\/\/leaderspath.org\/\u201d button_text=\u201dExplora LeadersPath hoy\u201d _builder_version=\u201d4.27.2\u2033 _module_preset=\u201ddefault\u201d global_colors_info=\u201d{}\u201d theme_builder_area=\u201dpost_content\u201d][\/et_pb_button][\/et_pb_column][\/et_pb_row][\/et_pb_section]<\/p>","protected":false},"excerpt":{"rendered":"<p>El discipulado El discipulado es m\u00e1s que un m\u00e9todo para encontrar la salvaci\u00f3n; es sintonizar nuestros corazones y mentes con el movimiento de Dios a nuestro alrededor y con el llamado del Esp\u00edritu Santo a seguir a Jes\u00fas en cada parte de nuestras vidas.El metodismo como fe pr\u00e1ctica Cuando los hermanos John y Charles Wesley (los fundadores del movimiento metodista) buscaron [\u2026]<\/p>","protected":false},"author":1,"featured_media":0,"parent":0,"menu_order":12,"comment_status":"closed","ping_status":"closed","template":"","meta":{"_acf_changed":false,"_et_pb_use_builder":"on","_et_pb_old_content":"","_et_gb_content_width":"","content-type":"","footnotes":"","_links_to":"","_links_to_target":""},"class_list":["post-51344","page","type-page","status-publish","hentry"],"acf":[],"yoast_head":"<!-- This site is optimized with the Yoast SEO plugin v27.3 - https:\/\/yoast.com\/product\/yoast-seo-wordpress\/ -->\n<title>Discipleship - Free Methodist Church in Southern California<\/title>\n<meta name=\"robots\" content=\"index, follow, max-snippet:-1, max-image-preview:large, max-video-preview:-1\" \/>\n<link rel=\"canonical\" href=\"https:\/\/fmcsc.org\/es\/discipleship\/\" \/>\n<meta property=\"og:locale\" content=\"es_MX\" \/>\n<meta property=\"og:type\" content=\"article\" \/>\n<meta property=\"og:title\" content=\"Discipleship - Free Methodist Church in Southern California\" \/>\n<meta property=\"og:description\" content=\"Discipleship Discipleship is more than a method to finding salvation\u2014it\u2019s the tuning of our hearts and minds to God\u2019s movement around us and to the Holy Spirit\u2019s call to follow Jesus in every part of our lives.Methodism as Practical Faith As the brothers John and Charles Wesley (the founders of the Methodist movement) sought to [&hellip;]\" \/>\n<meta property=\"og:url\" content=\"https:\/\/fmcsc.org\/es\/wp-json\/wp\/v2\/pages\/51344\" \/>\n<meta property=\"og:site_name\" content=\"Free Methodist Church in Southern California\" \/>\n<meta property=\"article:publisher\" content=\"https:\/\/www.facebook.com\/FMCSC\" \/>\n<meta property=\"article:modified_time\" content=\"2024-10-28T18:44:04+00:00\" \/>\n<meta name=\"twitter:card\" content=\"summary_large_image\" \/>\n<meta name=\"twitter:site\" content=\"@fmcsc\" \/>\n<meta name=\"twitter:label1\" content=\"Tiempo de lectura\" \/>\n\t<meta name=\"twitter:data1\" content=\"6 minutos\" \/>\n<script type=\"application\/ld+json\" class=\"yoast-schema-graph\">{\"@context\":\"https:\\\/\\\/schema.org\",\"@graph\":[{\"@type\":\"WebPage\",\"@id\":\"https:\\\/\\\/fmcsc.org\\\/discipleship\\\/\",\"url\":\"https:\\\/\\\/fmcsc.org\\\/discipleship\\\/\",\"name\":\"Discipleship - Free Methodist Church in Southern California\",\"isPartOf\":{\"@id\":\"https:\\\/\\\/fmcsc.org\\\/#website\"},\"datePublished\":\"2021-07-01T16:13:31+00:00\",\"dateModified\":\"2024-10-28T18:44:04+00:00\",\"breadcrumb\":{\"@id\":\"https:\\\/\\\/fmcsc.org\\\/discipleship\\\/#breadcrumb\"},\"inLanguage\":\"es\",\"potentialAction\":[{\"@type\":\"ReadAction\",\"target\":[\"https:\\\/\\\/fmcsc.org\\\/discipleship\\\/\"]}]},{\"@type\":\"BreadcrumbList\",\"@id\":\"https:\\\/\\\/fmcsc.org\\\/discipleship\\\/#breadcrumb\",\"itemListElement\":[{\"@type\":\"ListItem\",\"position\":1,\"name\":\"Home\",\"item\":\"https:\\\/\\\/fmcsc.org\\\/\"},{\"@type\":\"ListItem\",\"position\":2,\"name\":\"Discipleship\"}]},{\"@type\":\"WebSite\",\"@id\":\"https:\\\/\\\/fmcsc.org\\\/#website\",\"url\":\"https:\\\/\\\/fmcsc.org\\\/\",\"name\":\"Free Methodist Church in Southern California\",\"description\":\"Love God. Love People. Make Disciples.\",\"publisher\":{\"@id\":\"https:\\\/\\\/fmcsc.org\\\/#organization\"},\"potentialAction\":[{\"@type\":\"SearchAction\",\"target\":{\"@type\":\"EntryPoint\",\"urlTemplate\":\"https:\\\/\\\/fmcsc.org\\\/?s={search_term_string}\"},\"query-input\":{\"@type\":\"PropertyValueSpecification\",\"valueRequired\":true,\"valueName\":\"search_term_string\"}}],\"inLanguage\":\"es\"},{\"@type\":\"Organization\",\"@id\":\"https:\\\/\\\/fmcsc.org\\\/#organization\",\"name\":\"Free Methodist Church in Southern California\",\"url\":\"https:\\\/\\\/fmcsc.org\\\/\",\"logo\":{\"@type\":\"ImageObject\",\"inLanguage\":\"es\",\"@id\":\"https:\\\/\\\/fmcsc.org\\\/#\\\/schema\\\/logo\\\/image\\\/\",\"url\":\"https:\\\/\\\/fmcsc.org\\\/wp-content\\\/uploads\\\/2021\\\/06\\\/logo-color.png\",\"contentUrl\":\"https:\\\/\\\/fmcsc.org\\\/wp-content\\\/uploads\\\/2021\\\/06\\\/logo-color.png\",\"width\":166,\"height\":144,\"caption\":\"Free Methodist Church in Southern California\"},\"image\":{\"@id\":\"https:\\\/\\\/fmcsc.org\\\/#\\\/schema\\\/logo\\\/image\\\/\"},\"sameAs\":[\"https:\\\/\\\/www.facebook.com\\\/FMCSC\",\"https:\\\/\\\/x.com\\\/fmcsc\",\"https:\\\/\\\/www.youtube.com\\\/channel\\\/UCCLhk49k4p6RkJbqYMr0SEQ\"]}]}<\/script>\n<!-- \/ Yoast SEO plugin. -->","yoast_head_json":{"title":"Discipulado - Iglesia Metodista Libre del Sur de California","robots":{"index":"index","follow":"follow","max-snippet":"max-snippet:-1","max-image-preview":"max-image-preview:large","max-video-preview":"max-video-preview:-1"},"canonical":"https:\/\/fmcsc.org\/es\/discipleship\/","og_locale":"es_MX","og_type":"article","og_title":"Discipleship - Free Methodist Church in Southern California","og_description":"Discipleship Discipleship is more than a method to finding salvation\u2014it\u2019s the tuning of our hearts and minds to God\u2019s movement around us and to the Holy Spirit\u2019s call to follow Jesus in every part of our lives.Methodism as Practical Faith As the brothers John and Charles Wesley (the founders of the Methodist movement) sought to [&hellip;]","og_url":"https:\/\/fmcsc.org\/es\/wp-json\/wp\/v2\/pages\/51344","og_site_name":"Free Methodist Church in Southern California","article_publisher":"https:\/\/www.facebook.com\/FMCSC","article_modified_time":"2024-10-28T18:44:04+00:00","twitter_card":"summary_large_image","twitter_site":"@fmcsc","twitter_misc":{"Tiempo de lectura":"6 minutos"},"schema":{"@context":"https:\/\/schema.org","@graph":[{"@type":"WebPage","@id":"https:\/\/fmcsc.org\/discipleship\/","url":"https:\/\/fmcsc.org\/discipleship\/","name":"Discipulado - Iglesia Metodista Libre del Sur de California","isPartOf":{"@id":"https:\/\/fmcsc.org\/#website"},"datePublished":"2021-07-01T16:13:31+00:00","dateModified":"2024-10-28T18:44:04+00:00","breadcrumb":{"@id":"https:\/\/fmcsc.org\/discipleship\/#breadcrumb"},"inLanguage":"es","potentialAction":[{"@type":"ReadAction","target":["https:\/\/fmcsc.org\/discipleship\/"]}]},{"@type":"BreadcrumbList","@id":"https:\/\/fmcsc.org\/discipleship\/#breadcrumb","itemListElement":[{"@type":"ListItem","position":1,"name":"Home","item":"https:\/\/fmcsc.org\/"},{"@type":"ListItem","position":2,"name":"Discipleship"}]},{"@type":"WebSite","@id":"https:\/\/fmcsc.org\/#website","url":"https:\/\/fmcsc.org\/","name":"Iglesia Metodista Libre en el Sur de California","description":"Ama a Dios. Ama a la gente. Haz disc\u00edpulos.","publisher":{"@id":"https:\/\/fmcsc.org\/#organization"},"potentialAction":[{"@type":"SearchAction","target":{"@type":"EntryPoint","urlTemplate":"https:\/\/fmcsc.org\/?s={search_term_string}"},"query-input":{"@type":"PropertyValueSpecification","valueRequired":true,"valueName":"search_term_string"}}],"inLanguage":"es"},{"@type":"Organization","@id":"https:\/\/fmcsc.org\/#organization","name":"Iglesia Metodista Libre en el Sur de California","url":"https:\/\/fmcsc.org\/","logo":{"@type":"ImageObject","inLanguage":"es","@id":"https:\/\/fmcsc.org\/#\/schema\/logo\/image\/","url":"https:\/\/fmcsc.org\/wp-content\/uploads\/2021\/06\/logo-color.png","contentUrl":"https:\/\/fmcsc.org\/wp-content\/uploads\/2021\/06\/logo-color.png","width":166,"height":144,"caption":"Free Methodist Church in Southern California"},"image":{"@id":"https:\/\/fmcsc.org\/#\/schema\/logo\/image\/"},"sameAs":["https:\/\/www.facebook.com\/FMCSC","https:\/\/x.com\/fmcsc","https:\/\/www.youtube.com\/channel\/UCCLhk49k4p6RkJbqYMr0SEQ"]}]}},"jetpack_sharing_enabled":true,"_links":{"self":[{"href":"https:\/\/fmcsc.org\/es\/wp-json\/wp\/v2\/pages\/51344","targetHints":{"allow":["GET"]}}],"collection":[{"href":"https:\/\/fmcsc.org\/es\/wp-json\/wp\/v2\/pages"}],"about":[{"href":"https:\/\/fmcsc.org\/es\/wp-json\/wp\/v2\/types\/page"}],"author":[{"embeddable":true,"href":"https:\/\/fmcsc.org\/es\/wp-json\/wp\/v2\/users\/1"}],"replies":[{"embeddable":true,"href":"https:\/\/fmcsc.org\/es\/wp-json\/wp\/v2\/comments?post=51344"}],"version-history":[{"count":0,"href":"https:\/\/fmcsc.org\/es\/wp-json\/wp\/v2\/pages\/51344\/revisions"}],"wp:attachment":[{"href":"https:\/\/fmcsc.org\/es\/wp-json\/wp\/v2\/media?parent=51344"}],"curies":[{"name":"gracias","href":"https:\/\/api.w.org\/{rel}","templated":true}]}}