{"id":51343,"date":"2021-07-01T09:13:31","date_gmt":"2021-07-01T16:13:31","guid":{"rendered":"https:\/\/fmcsc.org\/?page_id=51343"},"modified":"2024-10-28T11:36:40","modified_gmt":"2024-10-28T18:36:40","slug":"freedoms","status":"publish","type":"page","link":"https:\/\/fmcsc.org\/es\/freedoms\/","title":{"rendered":"Nuestras libertades"},"content":{"rendered":"<p>[et_pb_section fb_built=\u201d1\u2033 _builder_version=\u201d4.16\u2033 _module_preset=\u201dpredeterminado\u201d background_color=\u201drgba(0,0,0,0.45)\u201d background_image=\u201dhttp:\/\/fmcsc.org\/wp-content\/uploads\/2021\/08\/freedoms-header.jpg\u201d background_blend=\u201dmultiplicar\u201d custom_padding=\u201d150px||57px||false|false\u201d global_colors_info=\u201d{}\u201d][et_pb_row column_structure=\u201d2_3,1_3\u2033 _builder_version=\u201d4.16\u2033 _module_preset=\u201d11f3522d-3ed7-4fa2-8fcf-bb73f19c80b2\u2033 Informaci\u00f3n global de colores = &quot;{}&quot;] [Tipo de columna et_pb = &quot;2_3&quot;] _versi\u00f3n del constructor = &quot;4.16&quot; _ajuste preestablecido del m\u00f3dulo = &quot;1959b601-9003-4bfb-9e5d-a162186b7575&quot; Informaci\u00f3n global de colores = &quot;{}&quot;] [Texto et_pb _versi\u00f3n del constructor = &quot;4.16&quot; _ajuste preestablecido del m\u00f3dulo = &quot;predeterminado&quot; Dise\u00f1o de fondo = &quot;oscuro&quot; Informaci\u00f3n global de colores = &quot;{}&quot;]<\/p>\n<h1>Nuestras libertades<\/h1>\n<p>La fe y la pr\u00e1ctica de la Iglesia Metodista Libre (FMC) se basan en la idea de que, a trav\u00e9s de nuestra interacci\u00f3n con el Esp\u00edritu de Dios, aprendemos a amar a las personas de la misma manera que Dios nos ama. Cuando empezamos a ver a las personas a trav\u00e9s de los ojos de Dios, ya no podemos aceptar la injusticia, el prejuicio y la esclavitud como algo normal. No podemos evitar el deseo de ver a todas las personas vivir en libertad.<\/p>\n<p>[\/et_pb_text][\/et_pb_column][et_pb_column tipo=\u201d1_3\u2033 _builder_version=\u201d4.16\u2033 _module_preset=\u201d1959b601-9003-4bfb-9e5d-a162186b7575\u2033 global_colors_info=\u201d{}\u201d][\/et_pb_column][\/et_pb_row][\/et_pb_section][et_pb_section fb_built=\u201d1\u2033 _builder_version=\u201d4.16\u2033 _module_preset=\u201ddefault\u201d global_colors_info=\u201d{}\u201d][et_pb_row _builder_version=\u201d4.16\u2033 _module_preset=\u201ddefault\u201d global_colors_info=\u201d{}\u201d][et_pb_column tipo=\u201d4_4\u2033 _builder_version=\u201d4.16\u2033 _module_preset=\u201dpredeterminado\u201d informaci\u00f3n_global_colors=\u201d{}\u201d][et_pb_text _builder_version=\u201d4.16\u2033 _module_preset=\u201dpredeterminado\u201d orientaci\u00f3n_texto=\u201dcentro\u201d ancho_m\u00e1ximo=\u201d800px\u201d alineaci\u00f3n_m\u00f3dulo=\u201dcentro\u201d informaci\u00f3n_global_colors=\u201d{}\u201d]<\/p>\n<h2>Las cinco libertades<\/h2>\n<p>Si bien la Iglesia Metodista Libre ha adoptado muchas libertades y las ha considerado vitales para la expresi\u00f3n del amor de Dios, actualmente consideramos que estas cinco son fundamentales para nuestro llamado...<\/p>\n<p>&nbsp;<\/p>\n<p>[\/et_pb_text][\/et_pb_column][\/et_pb_row][et_pb_row estructura_columna=\u201d2_5,3_5\u2033 _builder_version=\u201d4.16\u2033 _module_preset=\u201d0d8f0d0e-dd10-45e1-9437-fe68b50350e7\u2033 informaci\u00f3n_global_colors=\u201d{}\u201d][et_pb_column tipo=\u201d2_5\u2033 _builder_version=\u201d4.16\u2033 _module_preset=\u201ddefault\u201d informaci\u00f3n_global_colors=\u201d{}\u201d][et_pb_image src=\u201dhttp:\/\/fmcsc.org\/wp-content\/uploads\/2021\/08\/libertades-raciales.jpg\u201d t\u00edtulo_texto=\u201dlibertades-raciales\u201d _builder_version=\u201d4.16\u2033 _module_preset=\u201dpredeterminado\u201d global_colors_info=\u201d{}\u201d][\/et_pb_image][\/et_pb_column][et_pb_column type=\u201d3_5\u2033 _builder_version=\u201d4.16\u2033 _module_preset=\u201dpredeterminado\u201d global_colors_info=\u201d{}\u201d][et_pb_text _builder_version=\u201d4.26.0\u2033 _module_preset=\u201dpredeterminado\u201d global_colors_info=\u201d{}\u201d]<\/p>\n<h4>Libertad para todas las razas para adorar y vivir juntas.<\/h4>\n<p>La Iglesia Metodista Libre (FMC) fue y es abolicionista. Trabajamos por la libertad de los esclavos en 1860 y participamos en el movimiento por los derechos civiles de la d\u00e9cada de 1960. Formamos grupos abolicionistas para liberar a los esclavos en nuestra propia naci\u00f3n y hemos creado un movimiento abolicionista hoy para liberar a los esclavos en todo el mundo.<\/p>\n<p>[\/et_pb_text][et_pb_button button_url=\u201dhttps:\/\/www.setfreemovement.com\u201d button_text=\u201dVisitar Set Free Movement\u201d _builder_version=\u201d4.26.0\u2033 _module_preset=\u201ddefault\u201d global_colors_info=\u201d{}\u201d][\/et_pb_button][\/et_pb_column][\/et_pb_row][et_pb_row column_structure=\u201d3_5,2_5\u2033 _builder_version=\u201d4.16\u2033 _module_preset=\u201d0d8f0d0e-dd10-45e1-9437-fe68b50350e7\u2033 global_colors_info=\u201d{}\u201d][et_pb_column type=\u201d3_5\u2033 _builder_version=\u201d4.16\u2033 _module_preset=\u201dpredeterminado\u201d informaci\u00f3n_global_colors=\u201d{}\u201d][et_pb_text _builder_version=\u201d4.16\u2033 _module_preset=\u201dpredeterminado\u201d informaci\u00f3n_global_colors=\u201d{}\u201d]<\/p>\n<h4>Libertad de las mujeres para participar plenamente en la vida, el ministerio y el gobierno de la iglesia tal como las ha llamado y dotado Dios.<\/h4>\n<p>La Iglesia Metodista Unida ordena a mujeres para servir en la iglesia y ense\u00f1a la igualdad en los matrimonios. En armon\u00eda con una larga tradici\u00f3n de igualdad de oportunidades para que las mujeres sirvan en la iglesia, desde los d\u00edas en que la iglesia primitiva se reun\u00eda en las casas hasta el reconocimiento actual de que Dios llama y dota a mujeres y hombres para servir en Su iglesia, afirmamos el llamado de Dios y equipamos a los l\u00edderes de Dios para servir.<\/p>\n<p>[\/et_pb_text][\/et_pb_column][et_pb_column type=\u201d2_5\u2033 _builder_version=\u201d4.16\u2033 _module_preset=\u201ddefault\u201d global_colors_info=\u201d{}\u201d][et_pb_image src=\u201dhttp:\/\/fmcsc.org\/wp-content\/uploads\/2021\/08\/freedoms-women.jpg\u201d title_text=\u201dfreedoms-women\u201d _builder_version=\u201d4.16\u2033 _module_preset=\u201ddefault\u201d global_colors_info=\u201d{}\u201d][\/et_pb_image][\/et_pb_column][\/et_pb_row][et_pb_row column_structure=\u201d2_5,3_5\u2033 _builder_version=\u201d4.16\u2033 _module_preset=\u201d0d8f0d0e-dd10-45e1-9437-fe68b50350e7\u2033 global_colors_info=\u201d{}\u201d][et_pb_column type=\u201d2_5\u2033 _builder_version=\u201d4.16\u2033 _module_preset=\u201ddefault\u201d global_colors_info=\u201d{}\u201d][et_pb_image src=\u201dhttp:\/\/fmcsc.org\/wp-content\/uploads\/2021\/08\/freedoms-poor.jpg\u201d title_text=\u201dfreedoms-poor\u201d _builder_version=\u201d4.16\u2033 _module_preset=\u201ddefault\u201d global_colors_info=\u201d{}\u201d][\/et_pb_image][\/et_pb_column][et_pb_column type=\u201d3_5\u2033 _builder_version=\u201d4.16\u2033 _module_preset=\u201dpredeterminado\u201d global_colors_info=\u201d{}\u201d][et_pb_text _builder_version=\u201d4.16\u2033 _module_preset=\u201dpredeterminado\u201d global_colors_info=\u201d{}\u201d]<\/p>\n<h4>Libertad de los pobres a ser tratados con dignidad en la Iglesia y en el mundo.<\/h4>\n<p>La Iglesia Metodista Unida puso fin a la pr\u00e1ctica de exigir a los pobres que se sentaran en los \u201cbancos libres\u201d en la parte posterior del santuario y convirti\u00f3 todos los bancos en \u201clibres\u201d. Este compromiso de dejar las distinciones y los prejuicios socioecon\u00f3micos fuera del santuario e invitar a todas las personas a una verdadera comuni\u00f3n y aceptaci\u00f3n es un compromiso permanente de nuestra iglesia.<\/p>\n<p>[\/et_pb_text][\/et_pb_column][\/et_pb_row][et_pb_row estructura_columna=\u201d3_5,2_5\u2033 _builder_version=\u201d4.16\u2033 _module_preset=\u201d0d8f0d0e-dd10-45e1-9437-fe68b50350e7\u2033 informaci\u00f3n_global_colors=\u201d{}\u201d][et_pb_column tipo=\u201d3_5\u2033 _builder_version=\u201d4.16\u2033 _module_preset=\u201dpredeterminado\u201d informaci\u00f3n_global_colors=\u201d{}\u201d][et_pb_text _builder_version=\u201d4.16\u2033 _module_preset=\u201dpredeterminado\u201d informaci\u00f3n_global_colors=\u201d{}\u201d]<\/p>\n<h4>Libertad de los laicos para recibir autoridad y puestos de decisi\u00f3n dentro de la Iglesia.<\/h4>\n<p>La FMC puso fin al dominio del clero sobre la iglesia y abri\u00f3 una asociaci\u00f3n s\u00f3lida entre el clero y los laicos para trabajar juntos en la obra de Dios. Esta elevaci\u00f3n de los laicos para que utilicen sus dones espirituales junto con los dones pastorales enriquece todos los aspectos de la vida en la iglesia y protege contra el abuso institucional.<\/p>\n<p>[\/et_pb_text][\/et_pb_column][et_pb_column type=\u201d2_5\u2033 _builder_version=\u201d4.16\u2033 _module_preset=\u201ddefault\u201d global_colors_info=\u201d{}\u201d][et_pb_image src=\u201dhttp:\/\/fmcsc.org\/wp-content\/uploads\/2021\/08\/freedoms-laity.jpg\u201d title_text=\u201dfreedoms-laity\u201d _builder_version=\u201d4.16\u2033 _module_preset=\u201ddefault\u201d global_colors_info=\u201d{}\u201d][\/et_pb_image][\/et_pb_column][\/et_pb_row][et_pb_row column_structure=\u201d2_5,3_5\u2033 _builder_version=\u201d4.16\u2033 _module_preset=\u201d0d8f0d0e-dd10-45e1-9437-fe68b50350e7\u2033 global_colors_info=\u201d{}\u201d][et_pb_column type=\u201d2_5\u2033 _builder_version=\u201d4.16\u2033 _module_preset=\u201ddefault\u201d global_colors_info=\u201d{}\u201d][et_pb_image src=\u201dhttp:\/\/fmcsc.org\/wp-content\/uploads\/2021\/08\/freedoms-worship.jpg\u201d title_text=\u201dfreedoms-worship\u201d _builder_version=\u201d4.16\u2033 _module_preset=\u201ddefault\u201d global_colors_info=\u201d{}\u201d][\/et_pb_image][\/et_pb_column][et_pb_column type=\u201d3_5\u2033 _builder_version=\u201d4.16\u2033 _module_preset=\u201dpredeterminado\u201d global_colors_info=\u201d{}\u201d][et_pb_text _builder_version=\u201d4.16\u2033 _module_preset=\u201dpredeterminado\u201d global_colors_info=\u201d{}\u201d]<\/p>\n<h4>Libertad del Esp\u00edritu Santo en la adoraci\u00f3n.<\/h4>\n<p>La Iglesia Metodista Libre da libertad a cada congregaci\u00f3n local para seguir la gu\u00eda del Esp\u00edritu en cuanto a c\u00f3mo adorar. Algunas Iglesias Metodistas Libres adoran en estilo lit\u00fargico, mientras que otras adoran en estilo carism\u00e1tico con m\u00fasica de adoraci\u00f3n contempor\u00e1nea y emocionante. Unas pocas han tomado esta libertad para crear un estilo combinado de adoraci\u00f3n que re\u00fane a una comunidad de personas de todas las edades y crea una familia de Dios que acepta tanto la liturgia sacramental como el a\u00f1o cristiano, as\u00ed como la m\u00fasica de adoraci\u00f3n y los servicios de oraci\u00f3n m\u00e1s recientes. Es vital recordar que la adoraci\u00f3n incluye no solo la m\u00fasica de alabanza y el estudio de las Escrituras, sino tambi\u00e9n el compartir la vida en comunidad.<\/p>\n<p>[\/et_pb_text][\/et_pb_column][\/et_pb_row][\/et_pb_section][et_pb_section fb_built=\u201d1\u2033 _builder_version=\u201d4.27.2\u2033 _module_preset=\u201ddefault\u201d background_color=\u201d#EEEDEC\u201d saved_tabs=\u201dall\u201d global_colors_info=\u201d{}\u201d global_module=\u201d55938\u2033 theme_builder_area=\u201dpost_content\u201d][et_pb_row column_structure=\u201d1_2,1_2\u2033 make_equal=\u201don\u201d _builder_version=\u201d4.27.2\u2033 _module_preset=\u201ddefault\u201d global_colors_info=\u201d{}\u201d theme_builder_area=\u201dpost_content\u201d][et_pb_column type=\u201d1_2\u2033 Versi\u00f3n del constructor: 4.27.2. Preajuste del m\u00f3dulo: 73134464-3fcb-4d3f-bcfa-94f46ea7af26. Informaci\u00f3n global de colores: {}. \u00c1rea del constructor del tema: contenido de la publicaci\u00f3n. Fuente de la imagen de et_pb: https:\/\/leaderspath.org\/wp-content\/uploads\/2023\/07\/home-leadership.jpg. Versi\u00f3n del constructor: 4.27.2. Preajuste del m\u00f3dulo: predeterminado. Informaci\u00f3n global de colores: {}. \u00c1rea del constructor del tema: contenido de la publicaci\u00f3n. _module_preset=\u201d73134464-3fcb-4d3f-bcfa-94f46ea7af26\u2033 global_colors_info=\u201d{}\u201d theme_builder_area=\u201dpost_content\u201d][et_pb_text _builder_version=\u201d4.27.2\u2033 _module_preset=\u201ddefault\u201d global_colors_info=\u201d{}\u201d theme_builder_area=\u201dpost_content\u201d]<\/p>\n<h4>Continuar el viaje<\/h4>\n<p><strong>Descubra lo que hace que los Metodistas Libres sean \u00fanicos<\/strong> A trav\u00e9s de LeadersPath, nuestra innovadora plataforma de aprendizaje que conecta los valores wesleyanos tradicionales con las necesidades del ministerio contempor\u00e1neo. Ya sea que sienta curiosidad por nuestra teolog\u00eda metodista libre, le apasione la justicia social o busque profundizar su comprensi\u00f3n de la historia y la pol\u00edtica metodista libre, LeadersPath ofrece cursos interactivos y recursos de expertos dise\u00f1ados para l\u00edderes de iglesias modernas.<\/p>\n<p>[\/et_pb_text][et_pb_button button_url=\u201dhttps:\/\/leaderspath.org\/\u201d button_text=\u201dExplora LeadersPath hoy\u201d _builder_version=\u201d4.27.2\u2033 _module_preset=\u201ddefault\u201d global_colors_info=\u201d{}\u201d theme_builder_area=\u201dpost_content\u201d][\/et_pb_button][\/et_pb_column][\/et_pb_row][\/et_pb_section]<\/p>","protected":false},"excerpt":{"rendered":"<p>Nuestras Libertades. La idea fundamental de la fe y la pr\u00e1ctica de la Iglesia Metodista Libre (FMC) es que, a trav\u00e9s de nuestra interacci\u00f3n con el Esp\u00edritu de Dios, aprendemos a amar a los dem\u00e1s como Dios nos ama. Cuando empezamos a ver a las personas con los ojos de Dios, ya no podemos aceptar la injusticia, los prejuicios ni la esclavitud como algo normal. [\u2026]<\/p>","protected":false},"author":1,"featured_media":0,"parent":0,"menu_order":11,"comment_status":"closed","ping_status":"closed","template":"","meta":{"_acf_changed":false,"_et_pb_use_builder":"on","_et_pb_old_content":"","_et_gb_content_width":"","content-type":"","footnotes":"","_links_to":"","_links_to_target":""},"class_list":["post-51343","page","type-page","status-publish","hentry"],"acf":[],"yoast_head":"<!-- This site is optimized with the Yoast SEO plugin v27.3 - https:\/\/yoast.com\/product\/yoast-seo-wordpress\/ -->\n<title>Our Freedoms - Free Methodist Church in Southern California<\/title>\n<meta name=\"robots\" content=\"index, follow, max-snippet:-1, max-image-preview:large, max-video-preview:-1\" \/>\n<link rel=\"canonical\" href=\"https:\/\/fmcsc.org\/es\/freedoms\/\" \/>\n<meta property=\"og:locale\" content=\"es_MX\" \/>\n<meta property=\"og:type\" content=\"article\" \/>\n<meta property=\"og:title\" content=\"Our Freedoms - Free Methodist Church in Southern California\" \/>\n<meta property=\"og:description\" content=\"Our Freedoms Foundational to the faith and practice of the Free Methodist Church (FMC) is the idea that through our interaction with God\u2019s Spirit, we learn to love people the way God loves us. When we begin to see people through God\u2019s eyes, we can no longer accept injustice, prejudice, and bondage as normal. We [&hellip;]\" \/>\n<meta property=\"og:url\" content=\"https:\/\/fmcsc.org\/es\/wp-json\/wp\/v2\/pages\/51343\" \/>\n<meta property=\"og:site_name\" content=\"Free Methodist Church in Southern California\" \/>\n<meta property=\"article:publisher\" content=\"https:\/\/www.facebook.com\/FMCSC\" \/>\n<meta property=\"article:modified_time\" content=\"2024-10-28T18:36:40+00:00\" \/>\n<meta name=\"twitter:card\" content=\"summary_large_image\" \/>\n<meta name=\"twitter:site\" content=\"@fmcsc\" \/>\n<meta name=\"twitter:label1\" content=\"Tiempo de lectura\" \/>\n\t<meta name=\"twitter:data1\" content=\"4 minutos\" \/>\n<script type=\"application\/ld+json\" class=\"yoast-schema-graph\">{\"@context\":\"https:\\\/\\\/schema.org\",\"@graph\":[{\"@type\":\"WebPage\",\"@id\":\"https:\\\/\\\/fmcsc.org\\\/freedoms\\\/\",\"url\":\"https:\\\/\\\/fmcsc.org\\\/freedoms\\\/\",\"name\":\"Our Freedoms - Free Methodist Church in Southern California\",\"isPartOf\":{\"@id\":\"https:\\\/\\\/fmcsc.org\\\/#website\"},\"datePublished\":\"2021-07-01T16:13:31+00:00\",\"dateModified\":\"2024-10-28T18:36:40+00:00\",\"breadcrumb\":{\"@id\":\"https:\\\/\\\/fmcsc.org\\\/freedoms\\\/#breadcrumb\"},\"inLanguage\":\"es\",\"potentialAction\":[{\"@type\":\"ReadAction\",\"target\":[\"https:\\\/\\\/fmcsc.org\\\/freedoms\\\/\"]}]},{\"@type\":\"BreadcrumbList\",\"@id\":\"https:\\\/\\\/fmcsc.org\\\/freedoms\\\/#breadcrumb\",\"itemListElement\":[{\"@type\":\"ListItem\",\"position\":1,\"name\":\"Home\",\"item\":\"https:\\\/\\\/fmcsc.org\\\/\"},{\"@type\":\"ListItem\",\"position\":2,\"name\":\"Our Freedoms\"}]},{\"@type\":\"WebSite\",\"@id\":\"https:\\\/\\\/fmcsc.org\\\/#website\",\"url\":\"https:\\\/\\\/fmcsc.org\\\/\",\"name\":\"Free Methodist Church in Southern California\",\"description\":\"Love God. Love People. Make Disciples.\",\"publisher\":{\"@id\":\"https:\\\/\\\/fmcsc.org\\\/#organization\"},\"potentialAction\":[{\"@type\":\"SearchAction\",\"target\":{\"@type\":\"EntryPoint\",\"urlTemplate\":\"https:\\\/\\\/fmcsc.org\\\/?s={search_term_string}\"},\"query-input\":{\"@type\":\"PropertyValueSpecification\",\"valueRequired\":true,\"valueName\":\"search_term_string\"}}],\"inLanguage\":\"es\"},{\"@type\":\"Organization\",\"@id\":\"https:\\\/\\\/fmcsc.org\\\/#organization\",\"name\":\"Free Methodist Church in Southern California\",\"url\":\"https:\\\/\\\/fmcsc.org\\\/\",\"logo\":{\"@type\":\"ImageObject\",\"inLanguage\":\"es\",\"@id\":\"https:\\\/\\\/fmcsc.org\\\/#\\\/schema\\\/logo\\\/image\\\/\",\"url\":\"https:\\\/\\\/fmcsc.org\\\/wp-content\\\/uploads\\\/2021\\\/06\\\/logo-color.png\",\"contentUrl\":\"https:\\\/\\\/fmcsc.org\\\/wp-content\\\/uploads\\\/2021\\\/06\\\/logo-color.png\",\"width\":166,\"height\":144,\"caption\":\"Free Methodist Church in Southern California\"},\"image\":{\"@id\":\"https:\\\/\\\/fmcsc.org\\\/#\\\/schema\\\/logo\\\/image\\\/\"},\"sameAs\":[\"https:\\\/\\\/www.facebook.com\\\/FMCSC\",\"https:\\\/\\\/x.com\\\/fmcsc\",\"https:\\\/\\\/www.youtube.com\\\/channel\\\/UCCLhk49k4p6RkJbqYMr0SEQ\"]}]}<\/script>\n<!-- \/ Yoast SEO plugin. -->","yoast_head_json":{"title":"Nuestras Libertades - Iglesia Metodista Libre en el Sur de California","robots":{"index":"index","follow":"follow","max-snippet":"max-snippet:-1","max-image-preview":"max-image-preview:large","max-video-preview":"max-video-preview:-1"},"canonical":"https:\/\/fmcsc.org\/es\/freedoms\/","og_locale":"es_MX","og_type":"article","og_title":"Our Freedoms - Free Methodist Church in Southern California","og_description":"Our Freedoms Foundational to the faith and practice of the Free Methodist Church (FMC) is the idea that through our interaction with God\u2019s Spirit, we learn to love people the way God loves us. When we begin to see people through God\u2019s eyes, we can no longer accept injustice, prejudice, and bondage as normal. We [&hellip;]","og_url":"https:\/\/fmcsc.org\/es\/wp-json\/wp\/v2\/pages\/51343","og_site_name":"Free Methodist Church in Southern California","article_publisher":"https:\/\/www.facebook.com\/FMCSC","article_modified_time":"2024-10-28T18:36:40+00:00","twitter_card":"summary_large_image","twitter_site":"@fmcsc","twitter_misc":{"Tiempo de lectura":"4 minutos"},"schema":{"@context":"https:\/\/schema.org","@graph":[{"@type":"WebPage","@id":"https:\/\/fmcsc.org\/freedoms\/","url":"https:\/\/fmcsc.org\/freedoms\/","name":"Nuestras Libertades - Iglesia Metodista Libre en el Sur de California","isPartOf":{"@id":"https:\/\/fmcsc.org\/#website"},"datePublished":"2021-07-01T16:13:31+00:00","dateModified":"2024-10-28T18:36:40+00:00","breadcrumb":{"@id":"https:\/\/fmcsc.org\/freedoms\/#breadcrumb"},"inLanguage":"es","potentialAction":[{"@type":"ReadAction","target":["https:\/\/fmcsc.org\/freedoms\/"]}]},{"@type":"BreadcrumbList","@id":"https:\/\/fmcsc.org\/freedoms\/#breadcrumb","itemListElement":[{"@type":"ListItem","position":1,"name":"Home","item":"https:\/\/fmcsc.org\/"},{"@type":"ListItem","position":2,"name":"Our Freedoms"}]},{"@type":"WebSite","@id":"https:\/\/fmcsc.org\/#website","url":"https:\/\/fmcsc.org\/","name":"Iglesia Metodista Libre en el Sur de California","description":"Ama a Dios. Ama a la gente. Haz disc\u00edpulos.","publisher":{"@id":"https:\/\/fmcsc.org\/#organization"},"potentialAction":[{"@type":"SearchAction","target":{"@type":"EntryPoint","urlTemplate":"https:\/\/fmcsc.org\/?s={search_term_string}"},"query-input":{"@type":"PropertyValueSpecification","valueRequired":true,"valueName":"search_term_string"}}],"inLanguage":"es"},{"@type":"Organization","@id":"https:\/\/fmcsc.org\/#organization","name":"Iglesia Metodista Libre en el Sur de California","url":"https:\/\/fmcsc.org\/","logo":{"@type":"ImageObject","inLanguage":"es","@id":"https:\/\/fmcsc.org\/#\/schema\/logo\/image\/","url":"https:\/\/fmcsc.org\/wp-content\/uploads\/2021\/06\/logo-color.png","contentUrl":"https:\/\/fmcsc.org\/wp-content\/uploads\/2021\/06\/logo-color.png","width":166,"height":144,"caption":"Free Methodist Church in Southern California"},"image":{"@id":"https:\/\/fmcsc.org\/#\/schema\/logo\/image\/"},"sameAs":["https:\/\/www.facebook.com\/FMCSC","https:\/\/x.com\/fmcsc","https:\/\/www.youtube.com\/channel\/UCCLhk49k4p6RkJbqYMr0SEQ"]}]}},"jetpack_sharing_enabled":true,"_links":{"self":[{"href":"https:\/\/fmcsc.org\/es\/wp-json\/wp\/v2\/pages\/51343","targetHints":{"allow":["GET"]}}],"collection":[{"href":"https:\/\/fmcsc.org\/es\/wp-json\/wp\/v2\/pages"}],"about":[{"href":"https:\/\/fmcsc.org\/es\/wp-json\/wp\/v2\/types\/page"}],"author":[{"embeddable":true,"href":"https:\/\/fmcsc.org\/es\/wp-json\/wp\/v2\/users\/1"}],"replies":[{"embeddable":true,"href":"https:\/\/fmcsc.org\/es\/wp-json\/wp\/v2\/comments?post=51343"}],"version-history":[{"count":0,"href":"https:\/\/fmcsc.org\/es\/wp-json\/wp\/v2\/pages\/51343\/revisions"}],"wp:attachment":[{"href":"https:\/\/fmcsc.org\/es\/wp-json\/wp\/v2\/media?parent=51343"}],"curies":[{"name":"gracias","href":"https:\/\/api.w.org\/{rel}","templated":true}]}}