{"id":51342,"date":"2021-07-01T09:13:31","date_gmt":"2021-07-01T16:13:31","guid":{"rendered":"https:\/\/fmcsc.org\/?page_id=51342"},"modified":"2024-10-28T11:47:01","modified_gmt":"2024-10-28T18:47:01","slug":"book-of-discipline","status":"publish","type":"page","link":"https:\/\/fmcsc.org\/es\/book-of-discipline\/","title":{"rendered":"Libro de Disciplina"},"content":{"rendered":"<p>[et_pb_section fb_built=\u201d1\u2033 _builder_version=\u201d4.16\u2033 _module_preset=\u201dpredeterminado\u201d background_color=\u201drgba(0,0,0,0.45)\u201d background_image=\u201dhttp:\/\/fmcsc.org\/wp-content\/uploads\/2021\/08\/bod-header.jpg\u201d background_blend=\u201dmultiplicar\u201d custom_padding=\u201d150px||57px||false|false\u201d global_colors_info=\u201d{}\u201d][et_pb_row column_structure=\u201d2_3,1_3\u2033 _builder_version=\u201d4.16\u2033 _module_preset=\u201d11f3522d-3ed7-4fa2-8fcf-bb73f19c80b2\u2033 Informaci\u00f3n global de colores = &quot;{}&quot;] [Tipo de columna et_pb = &quot;2_3&quot;] _versi\u00f3n del constructor = &quot;4.16&quot; _ajuste preestablecido del m\u00f3dulo = &quot;1959b601-9003-4bfb-9e5d-a162186b7575&quot; Informaci\u00f3n global de colores = &quot;{}&quot;] [Texto et_pb _versi\u00f3n del constructor = &quot;4.16&quot; _ajuste preestablecido del m\u00f3dulo = &quot;predeterminado&quot; Dise\u00f1o de fondo = &quot;oscuro&quot; Informaci\u00f3n global de colores = &quot;{}&quot;]<\/p>\n<h1>Libro de Disciplina<\/h1>\n<p>Como metodistas libres, no se puede separar lo que creemos de nuestra manera de vivir. El Libro de Disciplina re\u00fane nuestra fe y nuestra pr\u00e1ctica en un documento vivo que aclara lo que significa ser metodista libre. Est\u00e1 dividido en varias secciones diferentes, cada una de las cuales intenta abordar c\u00f3mo vivimos y servimos en el Reino de Dios.<\/p>\n<p>[\/et_pb_text][\/et_pb_column][et_pb_column tipo=\u201d1_3\u2033 _builder_version=\u201d4.16\u2033 _module_preset=\u201d1959b601-9003-4bfb-9e5d-a162186b7575\u2033 informaci\u00f3n_global_colors=\u201d{}\u201d][\/et_pb_column][\/et_pb_row][\/et_pb_section][et_pb_section fb_built=\u201d1\u2033 _builder_version=\u201d4.16\u2033 _module_preset=\u201dpredeterminado\u201d informaci\u00f3n_global_colors=\u201d{}\u201d][et_pb_row estructura_columna=\u201d2_3,1_3\u2033 _builder_version=\u201d4.16\u2033 _module_preset=\u201dpredeterminado\u201d Informaci\u00f3n global de colores = &quot;{}&quot;] [Tipo de columna et_pb = &quot;2_3&quot; _versi\u00f3n del constructor = &quot;4.16&quot; _ajuste preestablecido del m\u00f3dulo = &quot;predeterminado&quot; Informaci\u00f3n global de colores = &quot;{}&quot;] [Texto et_pb _versi\u00f3n del constructor = &quot;4.16&quot; _ajuste preestablecido del m\u00f3dulo = &quot;predeterminado&quot; Informaci\u00f3n global de colores = &quot;{}&quot;]<\/p>\n<h2>La Constituci\u00f3n de la Iglesia Metodista Libre<\/h2>\n<p>La religi\u00f3n, especialmente el cristianismo, es a la vez personal y comunitaria. Como comunidad de personas diversas con necesidades y perspectivas diversas, es importante que establezcamos reglas b\u00e1sicas para vivir y trabajar juntos como iglesia. Para eso est\u00e1 la constituci\u00f3n. No es un reglamento exhaustivo que intenta responder a todas las preguntas que pueda tener la iglesia, sino que proporciona los principios rectores para la organizaci\u00f3n. Ayuda a comunicar lo que es importante para nosotros en su conjunto y est\u00e1 dise\u00f1ada como un documento vivo que se puede revisar, modificar y reformar para que se adapte mejor a las necesidades de la iglesia a medida que pasa el tiempo.<\/p>\n<p>La constituci\u00f3n de la Iglesia Metodista Libre incluye declaraciones de fe y pr\u00e1ctica que dan contexto a c\u00f3mo la Iglesia Metodista Libre ha visto el llamado de Dios hist\u00f3ricamente. Fue creada por primera vez en 1860 como respuesta a la Iglesia Metodista Episcopal y es actualizada cada cuatro a\u00f1os por el liderazgo de la iglesia, incluidos los obispos, delegados de iglesias de todo Estados Unidos y una combinaci\u00f3n de l\u00edderes laicos y ancianos.<\/p>\n<p>[\/et_pb_text][et_pb_button button_url=\u201dhttps:\/\/fmcusa.org\/resources\/fm-articles-of-religion\u201d button_text=\u201dLea los Art\u00edculos de Religi\u00f3n\u201d _builder_version=\u201d4.16\u2033 _module_preset=\u201ddefault\u201d global_colors_info=\u201d{}\u201d][\/et_pb_button][\/et_pb_column][et_pb_column type=\u201d1_3\u2033 _builder_version=\u201d4.16\u2033 _module_preset=\u201ddefault\u201d global_colors_info=\u201d{}\u201d][et_pb_image src=\u201dhttp:\/\/fmcsc.org\/wp-content\/uploads\/2021\/08\/bod-constitution.jpg\u201d title_text=\u201dbod-constitution\u201d _builder_version=\u201d4.16\u2033 _module_preset=\u201dpredeterminado\u201d informaci\u00f3n_global_colors=\u201d{}\u201d][\/et_pb_image][\/et_pb_column][\/et_pb_row][\/et_pb_section][et_pb_section fb_built=\u201d1\u2033 _builder_version=\u201d4.16\u2033 _module_preset=\u201dpredeterminado\u201d color_de_fondo=\u201d#F6F5F2\u2033 informaci\u00f3n_global_colors=\u201d{}\u201d][et_pb_row estructura_de_columna=\u201d1_2,1_2\u2033 _builder_version=\u201d4.16\u2033 _module_preset=\u201dpredeterminado\u201d informaci\u00f3n_global_colors=\u201d{}\u201d][et_pb_column tipo=\u201d1_2\u2033 _builder_version=\u201d4.16\u2033 _module_preset=\u201dpredeterminado\u201d informaci\u00f3n_global_colores=\u201d{}\u201d][et_pb_text _builder_version=\u201d4.16\u2033 _module_preset=\u201dpredeterminado\u201d informaci\u00f3n_global_colores=\u201d{}\u201d]<\/p>\n<h3>El viaje cristiano<\/h3>\n<p>Al leer las Sagradas Escrituras, resulta tentador intentar resumir el mensaje de Cristo en un conjunto de rituales y actividades que, una vez completados, dan como resultado un estado llamado \u201csalvaci\u00f3n\u201d. Sin embargo, la realidad pr\u00e1ctica del testimonio de Jes\u00fas es que la salvaci\u00f3n es algo que nos sucede constantemente a trav\u00e9s de la obra misteriosa del Esp\u00edritu de Dios cuando caminamos humildemente con \u00c9l. Es un viaje que emprendemos y que vivimos continuamente.<\/p>\n<p>El Libro de Disciplina nos ofrece una narraci\u00f3n de c\u00f3mo es ese viaje, desde los primeros indicios de la presencia de Dios a nuestro alrededor, hasta la convicci\u00f3n del amor de Dios en nuestras vidas, pasando por la transformaci\u00f3n de nuestras esperanzas y h\u00e1bitos para que podamos vivir en el amor de Dios por nosotros, llegando finalmente a estar con Dios en la eternidad. No hay rituales que realizar ni palabras que puedan salvarnos, solo una relaci\u00f3n \u00edntima con un salvador que nos ama.<\/p>\n<p>[\/et_pb_text][et_pb_button button_url=\u201dhttps:\/\/www.youtube.com\/watch?v=Gol3WUhkLOk\u201d button_text=\u201dEl video de la traves\u00eda cristiana\u201d _builder_version=\u201d4.16\u2033 _module_preset=\u201ddefault\u201d global_colors_info=\u201d{}\u201d][\/et_pb_button][\/et_pb_column][et_pb_column type=\u201d1_2\u2033 _builder_version=\u201d4.16\u2033 _module_preset=\u201ddefault\u201d global_colors_info=\u201d{}\u201d][et_pb_text _builder_version=\u201d4.16\u2033 _module_preset=\u201ddefault\u201d global_colors_info=\u201d{}\u201d]<\/p>\n<h3>Administraci\u00f3n y Estructura de la Iglesia<\/h3>\n<p>Adem\u00e1s de los temas centrales de la fe y la vida cristiana, el Libro de Disciplina ofrece orientaci\u00f3n sobre c\u00f3mo se organiza la iglesia, desde las iglesias locales hasta las conferencias regionales y los organismos nacionales e internacionales. Hay l\u00edneas de responsabilidad que conectan los ministerios locales, distritales, de conferencia y denominacionales. En cada nivel, el Libro de Disciplina enfatiza un valor central del Metodista Libre: que tanto el clero como los laicos (no cl\u00e9rigos) deben proporcionar liderazgo en todo momento.<\/p>\n<p>[\/et_pb_text][\/et_pb_column][\/et_pb_row][\/et_pb_section][et_pb_section fb_built=\u201d1\u2033 _builder_version=\u201d4.16\u2033 _module_preset=\u201dpredeterminado\u201d global_colors_info=\u201d{}\u201d][et_pb_row estructura_columna=\u201d1_3,2_3\u2033 make_equal=\u201don\u201d _builder_version=\u201d4.27.2\u2033 _module_preset=\u201dpredeterminado\u201d global_colors_info=\u201d{}\u201d][et_pb_column tipo=\u201d1_3\u2033 _builder_version=\u201d4.27.2\u2033 _module_preset=\u201d73134464-3fcb-4d3f-bcfa-94f46ea7af26\u2033 Informaci\u00f3n global de colores = &quot;{}&quot;][et_pb_image src = &quot;https:\/\/fmcsc.org\/wp-content\/uploads\/2024\/06\/FM-Web-2023-Libro-de-Disciplina-1.png&quot; T\u00edtulo = &quot;FM-Web-2023-Libro-de-Disciplina-1&quot; URL = &quot;https:\/\/fmcusa.org\/wp-content\/uploads\/2023-Libro-de-Disciplina-Interactivo-PDF-FINAL.pdf&quot; Versi\u00f3n del constructor = &quot;4.25.2&quot; M\u00f3dulo preestablecido = &quot;predeterminado&quot; Informaci\u00f3n global de colores = &quot;{}&quot;][\/et_pb_image][\/et_pb_column][et_pb_column tipo = &quot;2_3&quot; Versi\u00f3n del constructor = &quot;4.27.2&quot; _module_preset=\u201d73134464-3fcb-4d3f-bcfa-94f46ea7af26\u2033 global_colors_info=\u201d{}\u201d][et_pb_text _builder_version=\u201d4.27.2\u2033 _module_preset=\u201ddefault\u201d global_colors_info=\u201d{}\u201d]<\/p>\n<h3>El libro de la disciplina<\/h3>\n<p>El Libro de Disciplina es un documento esencial para cualquier persona interesada en comprender lo que significa ser Metodista Libre o interesada en convertirse en un l\u00edder dentro de la iglesia.<\/p>\n<p>[\/et_pb_text][et_pb_button button_url=\u201dhttps:\/\/fmcusa.org\/wp-content\/uploads\/2023-Book-of-Discipline-Interactive-PDF-FINAL.pdf\u201d button_text=\u201dLee el Libro de Disciplina\u201d _builder_version=\u201d4.25.2\u2033 _module_preset=\u201ddefault\u201d global_colors_info=\u201d{}\u201d][\/et_pb_button][\/et_pb_column][\/et_pb_row][\/et_pb_section][et_pb_section fb_built=\u201d1\u2033 _builder_version=\u201d4.27.2\u2033 _module_preset=\u201ddefault\u201d background_color=\u201d#EEEDEC\u201d global_module=\u201d55938\u2033 saved_tabs=\u201dall\u201d Informaci\u00f3n global de colores = &quot;{}&quot;][et_pb_row estructura de columna = &quot;1_2,1_2&quot; make_equal = &quot;on&quot; _builder_version = &quot;4.27.2&quot; _module_preset = &quot;predeterminado&quot; Informaci\u00f3n global de colores = &quot;{}&quot;][et_pb_column tipo = &quot;1_2&quot; _builder_version = &quot;4.27.2&quot; _module_preset = &quot;73134464-3fcb-4d3f-bcfa-94f46ea7af26&quot; Informaci\u00f3n global de colores = &quot;{}&quot;][et_pb_image origen = &quot;https:\/\/leaderspath.org\/wp-content\/uploads\/2023\/07\/home-leadership.jpg&quot; _builder_version = &quot;4.27.2&quot; _module_preset = &quot;predeterminado&quot; Informaci\u00f3n global de colores = &quot;{}&quot;][\/et_pb_image][\/et_pb_column][et_pb_column tipo = &quot;1_2&quot; _versi\u00f3n del generador = &quot;4.27.2&quot; _ajuste predeterminado del m\u00f3dulo = &quot;73134464-3fcb-4d3f-bcfa-94f46ea7af26&quot; Informaci\u00f3n global de colores = &quot;{}&quot;][et_pb_texto _versi\u00f3n del generador = &quot;4.27.2&quot; _ajuste predeterminado del m\u00f3dulo = &quot;predeterminado&quot; Activaci\u00f3n del cursor = &quot;0&quot; Informaci\u00f3n global de colores = &quot;{}&quot; Color de fondo = &quot;#EEEDEC&quot; Activaci\u00f3n fija = &quot;0&quot;]<\/p>\n<h3 style=\"color: #ffb11f;\">Continuar el viaje<\/h3>\n<p><strong>Descubra lo que hace que los Metodistas Libres sean \u00fanicos<\/strong> a trav\u00e9s de LeadersPath, nuestra innovadora plataforma de aprendizaje que une los valores wesleyanos tradicionales con las necesidades del ministerio contempor\u00e1neo. Ya sea que sienta curiosidad por nuestra teolog\u00eda metodista libre, le apasione la justicia social o busque profundizar su comprensi\u00f3n de la historia y la pol\u00edtica metodista libre, LeadersPath ofrece cursos interactivos y recursos dirigidos por expertos, dise\u00f1ados para l\u00edderes de iglesias modernas.<\/p>","protected":false},"excerpt":{"rendered":"<p>Libro de Disciplina. Como Metodistas Libres, nuestras creencias y nuestra forma de vida son inseparables. El Libro de Disciplina une nuestra fe y pr\u00e1ctica en un documento vivo que aclara lo que significa ser Metodista Libre. Se divide en varias secciones, cada una de las cuales intenta abordar c\u00f3mo [\u2026]<\/p>","protected":false},"author":1,"featured_media":0,"parent":0,"menu_order":10,"comment_status":"closed","ping_status":"closed","template":"","meta":{"_acf_changed":false,"_et_pb_use_builder":"on","_et_pb_old_content":"","_et_gb_content_width":"","content-type":"","footnotes":"","_links_to":"","_links_to_target":""},"class_list":["post-51342","page","type-page","status-publish","hentry"],"acf":[],"yoast_head":"<!-- This site is optimized with the Yoast SEO plugin v27.3 - https:\/\/yoast.com\/product\/yoast-seo-wordpress\/ -->\n<title>Book of Discipline - Free Methodist Church in Southern California<\/title>\n<meta name=\"robots\" content=\"index, follow, max-snippet:-1, max-image-preview:large, max-video-preview:-1\" \/>\n<link rel=\"canonical\" href=\"https:\/\/fmcsc.org\/es\/book-of-discipline\/\" \/>\n<meta property=\"og:locale\" content=\"es_MX\" \/>\n<meta property=\"og:type\" content=\"article\" \/>\n<meta property=\"og:title\" content=\"Book of Discipline - Free Methodist Church in Southern California\" \/>\n<meta property=\"og:description\" content=\"Book of Discipline As Free Methodists, what we believe and how we live cannot be separated. The Book of Discipline brings our faith and practice together into a living document that gives clarity to what it means to be Free Methodist. It\u2019s broken into a number of different sections, each attempting to address how we [&hellip;]\" \/>\n<meta property=\"og:url\" content=\"https:\/\/fmcsc.org\/es\/wp-json\/wp\/v2\/pages\/51342\" \/>\n<meta property=\"og:site_name\" content=\"Free Methodist Church in Southern California\" \/>\n<meta property=\"article:publisher\" content=\"https:\/\/www.facebook.com\/FMCSC\" \/>\n<meta property=\"article:modified_time\" content=\"2024-10-28T18:47:01+00:00\" \/>\n<meta name=\"twitter:card\" content=\"summary_large_image\" \/>\n<meta name=\"twitter:site\" content=\"@fmcsc\" \/>\n<meta name=\"twitter:label1\" content=\"Tiempo de lectura\" \/>\n\t<meta name=\"twitter:data1\" content=\"6 minutos\" \/>\n<script type=\"application\/ld+json\" class=\"yoast-schema-graph\">{\"@context\":\"https:\\\/\\\/schema.org\",\"@graph\":[{\"@type\":\"WebPage\",\"@id\":\"https:\\\/\\\/fmcsc.org\\\/book-of-discipline\\\/\",\"url\":\"https:\\\/\\\/fmcsc.org\\\/book-of-discipline\\\/\",\"name\":\"Book of Discipline - Free Methodist Church in Southern California\",\"isPartOf\":{\"@id\":\"https:\\\/\\\/fmcsc.org\\\/#website\"},\"datePublished\":\"2021-07-01T16:13:31+00:00\",\"dateModified\":\"2024-10-28T18:47:01+00:00\",\"breadcrumb\":{\"@id\":\"https:\\\/\\\/fmcsc.org\\\/book-of-discipline\\\/#breadcrumb\"},\"inLanguage\":\"es\",\"potentialAction\":[{\"@type\":\"ReadAction\",\"target\":[\"https:\\\/\\\/fmcsc.org\\\/book-of-discipline\\\/\"]}]},{\"@type\":\"BreadcrumbList\",\"@id\":\"https:\\\/\\\/fmcsc.org\\\/book-of-discipline\\\/#breadcrumb\",\"itemListElement\":[{\"@type\":\"ListItem\",\"position\":1,\"name\":\"Home\",\"item\":\"https:\\\/\\\/fmcsc.org\\\/\"},{\"@type\":\"ListItem\",\"position\":2,\"name\":\"Book of Discipline\"}]},{\"@type\":\"WebSite\",\"@id\":\"https:\\\/\\\/fmcsc.org\\\/#website\",\"url\":\"https:\\\/\\\/fmcsc.org\\\/\",\"name\":\"Free Methodist Church in Southern California\",\"description\":\"Love God. Love People. Make Disciples.\",\"publisher\":{\"@id\":\"https:\\\/\\\/fmcsc.org\\\/#organization\"},\"potentialAction\":[{\"@type\":\"SearchAction\",\"target\":{\"@type\":\"EntryPoint\",\"urlTemplate\":\"https:\\\/\\\/fmcsc.org\\\/?s={search_term_string}\"},\"query-input\":{\"@type\":\"PropertyValueSpecification\",\"valueRequired\":true,\"valueName\":\"search_term_string\"}}],\"inLanguage\":\"es\"},{\"@type\":\"Organization\",\"@id\":\"https:\\\/\\\/fmcsc.org\\\/#organization\",\"name\":\"Free Methodist Church in Southern California\",\"url\":\"https:\\\/\\\/fmcsc.org\\\/\",\"logo\":{\"@type\":\"ImageObject\",\"inLanguage\":\"es\",\"@id\":\"https:\\\/\\\/fmcsc.org\\\/#\\\/schema\\\/logo\\\/image\\\/\",\"url\":\"https:\\\/\\\/fmcsc.org\\\/wp-content\\\/uploads\\\/2021\\\/06\\\/logo-color.png\",\"contentUrl\":\"https:\\\/\\\/fmcsc.org\\\/wp-content\\\/uploads\\\/2021\\\/06\\\/logo-color.png\",\"width\":166,\"height\":144,\"caption\":\"Free Methodist Church in Southern California\"},\"image\":{\"@id\":\"https:\\\/\\\/fmcsc.org\\\/#\\\/schema\\\/logo\\\/image\\\/\"},\"sameAs\":[\"https:\\\/\\\/www.facebook.com\\\/FMCSC\",\"https:\\\/\\\/x.com\\\/fmcsc\",\"https:\\\/\\\/www.youtube.com\\\/channel\\\/UCCLhk49k4p6RkJbqYMr0SEQ\"]}]}<\/script>\n<!-- \/ Yoast SEO plugin. -->","yoast_head_json":{"title":"Libro de Disciplina - Iglesia Metodista Libre en el Sur de California","robots":{"index":"index","follow":"follow","max-snippet":"max-snippet:-1","max-image-preview":"max-image-preview:large","max-video-preview":"max-video-preview:-1"},"canonical":"https:\/\/fmcsc.org\/es\/book-of-discipline\/","og_locale":"es_MX","og_type":"article","og_title":"Book of Discipline - Free Methodist Church in Southern California","og_description":"Book of Discipline As Free Methodists, what we believe and how we live cannot be separated. The Book of Discipline brings our faith and practice together into a living document that gives clarity to what it means to be Free Methodist. It\u2019s broken into a number of different sections, each attempting to address how we [&hellip;]","og_url":"https:\/\/fmcsc.org\/es\/wp-json\/wp\/v2\/pages\/51342","og_site_name":"Free Methodist Church in Southern California","article_publisher":"https:\/\/www.facebook.com\/FMCSC","article_modified_time":"2024-10-28T18:47:01+00:00","twitter_card":"summary_large_image","twitter_site":"@fmcsc","twitter_misc":{"Tiempo de lectura":"6 minutos"},"schema":{"@context":"https:\/\/schema.org","@graph":[{"@type":"WebPage","@id":"https:\/\/fmcsc.org\/book-of-discipline\/","url":"https:\/\/fmcsc.org\/book-of-discipline\/","name":"Libro de Disciplina - Iglesia Metodista Libre en el Sur de California","isPartOf":{"@id":"https:\/\/fmcsc.org\/#website"},"datePublished":"2021-07-01T16:13:31+00:00","dateModified":"2024-10-28T18:47:01+00:00","breadcrumb":{"@id":"https:\/\/fmcsc.org\/book-of-discipline\/#breadcrumb"},"inLanguage":"es","potentialAction":[{"@type":"ReadAction","target":["https:\/\/fmcsc.org\/book-of-discipline\/"]}]},{"@type":"BreadcrumbList","@id":"https:\/\/fmcsc.org\/book-of-discipline\/#breadcrumb","itemListElement":[{"@type":"ListItem","position":1,"name":"Home","item":"https:\/\/fmcsc.org\/"},{"@type":"ListItem","position":2,"name":"Book of Discipline"}]},{"@type":"WebSite","@id":"https:\/\/fmcsc.org\/#website","url":"https:\/\/fmcsc.org\/","name":"Iglesia Metodista Libre en el Sur de California","description":"Ama a Dios. Ama a la gente. Haz disc\u00edpulos.","publisher":{"@id":"https:\/\/fmcsc.org\/#organization"},"potentialAction":[{"@type":"SearchAction","target":{"@type":"EntryPoint","urlTemplate":"https:\/\/fmcsc.org\/?s={search_term_string}"},"query-input":{"@type":"PropertyValueSpecification","valueRequired":true,"valueName":"search_term_string"}}],"inLanguage":"es"},{"@type":"Organization","@id":"https:\/\/fmcsc.org\/#organization","name":"Iglesia Metodista Libre en el Sur de California","url":"https:\/\/fmcsc.org\/","logo":{"@type":"ImageObject","inLanguage":"es","@id":"https:\/\/fmcsc.org\/#\/schema\/logo\/image\/","url":"https:\/\/fmcsc.org\/wp-content\/uploads\/2021\/06\/logo-color.png","contentUrl":"https:\/\/fmcsc.org\/wp-content\/uploads\/2021\/06\/logo-color.png","width":166,"height":144,"caption":"Free Methodist Church in Southern California"},"image":{"@id":"https:\/\/fmcsc.org\/#\/schema\/logo\/image\/"},"sameAs":["https:\/\/www.facebook.com\/FMCSC","https:\/\/x.com\/fmcsc","https:\/\/www.youtube.com\/channel\/UCCLhk49k4p6RkJbqYMr0SEQ"]}]}},"jetpack_sharing_enabled":true,"_links":{"self":[{"href":"https:\/\/fmcsc.org\/es\/wp-json\/wp\/v2\/pages\/51342","targetHints":{"allow":["GET"]}}],"collection":[{"href":"https:\/\/fmcsc.org\/es\/wp-json\/wp\/v2\/pages"}],"about":[{"href":"https:\/\/fmcsc.org\/es\/wp-json\/wp\/v2\/types\/page"}],"author":[{"embeddable":true,"href":"https:\/\/fmcsc.org\/es\/wp-json\/wp\/v2\/users\/1"}],"replies":[{"embeddable":true,"href":"https:\/\/fmcsc.org\/es\/wp-json\/wp\/v2\/comments?post=51342"}],"version-history":[{"count":0,"href":"https:\/\/fmcsc.org\/es\/wp-json\/wp\/v2\/pages\/51342\/revisions"}],"wp:attachment":[{"href":"https:\/\/fmcsc.org\/es\/wp-json\/wp\/v2\/media?parent=51342"}],"curies":[{"name":"gracias","href":"https:\/\/api.w.org\/{rel}","templated":true}]}}