{"id":51341,"date":"2021-07-01T09:13:31","date_gmt":"2021-07-01T16:13:31","guid":{"rendered":"https:\/\/fmcsc.org\/?page_id=51341"},"modified":"2024-10-28T11:42:19","modified_gmt":"2024-10-28T18:42:19","slug":"history","status":"publish","type":"page","link":"https:\/\/fmcsc.org\/es\/history\/","title":{"rendered":"Una breve historia"},"content":{"rendered":"<p>[et_pb_section fb_built=\u201d1\u2033 admin_label=\u201dSecci\u00f3n\u201d _builder_version=\u201d4.16\u2033 _module_preset=\u201dpredeterminado\u201d background_color=\u201drgba(0,0,0,0.45)\u201d background_image=\u201dhttp:\/\/fmcsc.org\/wp-content\/uploads\/2021\/08\/history-header.jpg\u201d background_blend=\u201dmultiplicar\u201d custom_padding=\u201d150px||57px||false|false\u201d global_colors_info=\u201d{}\u201d][et_pb_row column_structure=\u201d2_3,1_3\u2033 _builder_version=\u201d4.16\u2033 _module_preset=\u201d11f3522d-3ed7-4fa2-8fcf-bb73f19c80b2\u2033 Informaci\u00f3n global de colores = &quot;{}&quot;] [Tipo de columna et_pb = &quot;2_3&quot;] _versi\u00f3n del constructor = &quot;4.16&quot; _ajuste preestablecido del m\u00f3dulo = &quot;1959b601-9003-4bfb-9e5d-a162186b7575&quot; Informaci\u00f3n global de colores = &quot;{}&quot;] [Texto et_pb _versi\u00f3n del constructor = &quot;4.16&quot; _ajuste preestablecido del m\u00f3dulo = &quot;predeterminado&quot; Dise\u00f1o de fondo = &quot;oscuro&quot; Informaci\u00f3n global de colores = &quot;{}&quot;]<\/p>\n<h1>Una breve historia<\/h1>\n<p>[\/et_pb_text][\/et_pb_column][et_pb_column tipo=\u201d1_3\u2033 _builder_version=\u201d4.16\u2033 _module_preset=\u201d1959b601-9003-4bfb-9e5d-a162186b7575\u2033 global_colors_info=\u201d{}\u201d][\/et_pb_column][\/et_pb_row][\/et_pb_section][et_pb_section fb_built=\u201d1\u2033 _builder_version=\u201d4.27.2\u2033 _module_preset=\u201ddefault\u201d hover_enabled=\u201d0\u2033 global_colors_info=\u201d{}\u201d background_color=\u201d#EEEDEC\u201d sticky_enabled=\u201d0\u2033][et_pb_row estructura_columna=\u201d2_3,1_3\u2033 _versi\u00f3n_constructor=\u201d4.16\u2033 _m\u00f3dulo_preestablecido=\u201dpredeterminado\u201d informaci\u00f3n_global_colores=\u201d{}\u201d][tipo_columna_et_pb=\u201d2_3\u2033 _versi\u00f3n_constructor=\u201d4.16\u2033 _m\u00f3dulo_preestablecido=\u201dpredeterminado\u201d informaci\u00f3n_global_colores=\u201d{}\u201d][texto_et_pb _versi\u00f3n_constructor=\u201d4.16\u2033 _m\u00f3dulo_preestablecido=\u201dpredeterminado\u201d informaci\u00f3n_global_colores=\u201d{}\u201d]<\/p>\n<h2>El metodismo primitivo<\/h2>\n<p>El movimiento conocido como metodismo comenz\u00f3 en Inglaterra, poco antes de la Revoluci\u00f3n estadounidense. En 1738, John Wesley, sacerdote y ministro anglicano (de la Iglesia de Inglaterra), despu\u00e9s de experimentar una gran decepci\u00f3n en su ministerio y su trabajo misionero en la colonia de Georgia, tuvo una experiencia que le cambi\u00f3 la vida mientras adoraba con un grupo de expatriados alemanes llamados moravos. M\u00e1s tarde escribi\u00f3 que mientras adoraba con ellos, sinti\u00f3 que su coraz\u00f3n se calentaba de manera extra\u00f1a y quiso seguir buscando al Esp\u00edritu de Dios con fervor durante todo su ministerio.<\/p>\n<p>Wesley cre\u00eda que la vida cristiana requer\u00eda dos cosas: una participaci\u00f3n activa en disciplinas cristianas como la oraci\u00f3n, el culto y la comunidad, y una vida que cambiara al experimentar al Dios viviente. La idea de que podemos experimentar cambios que alteran la vida para bien cuando el Esp\u00edritu de Dios nos encuentra y act\u00faa a trav\u00e9s de nosotros se llama santidad, un t\u00e9rmino que muchas personas usan para describir el movimiento que Wesley inici\u00f3 hace cientos de a\u00f1os.<\/p>\n<p>Adem\u00e1s de sus \u201cm\u00e9todos\u201d de discipulado, John Wesley tambi\u00e9n enfatiz\u00f3 la importancia del amor en la vida cristiana, enmarcando el ministerio de Cristo como una \u201cteolog\u00eda del amor\u201d. Tomando como base las palabras de Cristo sobre amar a Dios y amar a los dem\u00e1s en serio, predic\u00f3 que a trav\u00e9s del Esp\u00edritu de Dios obrando en nuestras vidas, el amor de Dios podr\u00eda reinar supremo en nuestros corazones, hogares y comunidades.<\/p>\n<p>Aunque John Wesley nunca se propuso fundar una nueva denominaci\u00f3n religiosa, la persecuci\u00f3n que sufrieron sus seguidores en sus congregaciones locales finalmente llev\u00f3 al grupo a formar su propia denominaci\u00f3n: la Iglesia Metodista. Cuando el movimiento lleg\u00f3 a Estados Unidos, se convirti\u00f3 en la Iglesia Metodista Episcopal, donde floreci\u00f3 en un entorno que valoraba la libertad de religi\u00f3n.<\/p>\n<p>Cuando se le prohibi\u00f3 predicar desde los p\u00falpitos de las iglesias parroquiales, Wesley comenz\u00f3 a predicar al aire libre.<\/p>\n<p>[\/et_pb_text][\/et_pb_column][et_pb_column type=\u201d1_3\u2033 _builder_version=\u201d4.16\u2033 _module_preset=\u201ddefault\u201d global_colors_info=\u201d{}\u201d][et_pb_image src=\u201dhttp:\/\/fmcsc.org\/wp-content\/uploads\/2021\/07\/history-methodism-photo.jpg\u201d alt=\u201dCuando se le prohibi\u00f3 predicar desde los p\u00falpitos de las iglesias parroquiales, Wesley comenz\u00f3 a predicar al aire libre.\u201d T\u00edtulo_texto=\u201dhistoria-metodismo-foto\u201d URL=\u201dhttps:\/\/en.wikipedia.org\/wiki\/John_Wesley#\/media\/File:John_Wesley_preaching_outside_a_church._Engraving._Wellcome_V0006868.jpg\u201d _builder_version=\u201d4.16\u2033 _module_preset=\u201ddefault\u201d global_colors_info=\u201d{}\u201d][\/et_pb_image][et_pb_texto _builder_version=\u201d4.16\u2033 _module_preset=\u201d4a96c51d-acdc-4581-a7ba-34fcf5b7188e\u201d global_colors_info=\u201d{}\u201d]<\/p>\n<p><em>Cuando se le prohibi\u00f3 predicar desde los p\u00falpitos de las iglesias parroquiales, Wesley comenz\u00f3 a predicar al aire libre.<\/em><\/p>\n<p>[\/et_pb_text][\/et_pb_column][\/et_pb_row][\/et_pb_section][et_pb_section fb_built=\u201d1\u2033 _builder_version=\u201d4.27.2\u2033 _module_preset=\u201dpredeterminado\u201d hover_enabled=\u201d0\u2033 global_colors_info=\u201d{}\u201d background_enable_color=\u201doff\u201d sticky_enabled=\u201d0\u2033][et_pb_row column_structure=\u201d1_3,2_3\u2033 _builder_version=\u201d4.16\u2033 _module_preset=\u201dpredeterminado\u201d global_colors_info=\u201d{}\u201d][et_pb_column type=\u201d1_3\u2033 _builder_version=\u201d4.16\u2033 _module_preset=\u201dpredeterminado\u201d global_colors_info=\u201d{}\u201d][et_pb_image src=\u201dhttp:\/\/fmcsc.org\/wp-content\/uploads\/2021\/07\/history-fmc-photo-1.jpg\u201d alt=\u201dPintura de Roberts en exhibici\u00f3n en el Museo Metodista Mundial, Lake Junaluska, Carolina del Norte\u201d title_text=\u201dhistory-fmc-photo-1\u2033 url=\u201dhttps:\/\/en.wikipedia.org\/wiki\/B._T._Roberts#\/media\/File:19-22-020-museum.jpg\u201d _builder_version=\u201d4.16\u2033 _module_preset=\u201ddefault\u201d global_colors_info=\u201d{}\u201d][\/et_pb_image][et_pb_text _builder_version=\u201d4.16\u2033 _m\u00f3dulo_preestablecido=\u201d4a96c51d-acdc-4581-a7ba-34fcf5b7188e\u201d informaci\u00f3n_global_colores=\u201d{}\u201d]<\/p>\n<p><em>Pintura de Roberts en exhibici\u00f3n en el Museo Metodista Mundial, Lake Junaluska, Carolina del Norte<\/em><\/p>\n<p>[\/et_pb_text][\/et_pb_column][et_pb_column tipo=\u201d2_3\u2033 _builder_version=\u201d4.16\u2033 _module_preset=\u201dpredeterminado\u201d informaci\u00f3n_global_colors=\u201d{}\u201d][et_pb_text _builder_version=\u201d4.16\u2033 _module_preset=\u201dpredeterminado\u201d informaci\u00f3n_global_colors=\u201d{}\u201d]<\/p>\n<h2>Poniendo la palabra \u201cgratis\u201d en los metodistas libres<\/h2>\n<p>Benjamin Titus Roberts, conocido por la mayor\u00eda como BT, fund\u00f3 la Iglesia Metodista Libre en 1860. A lo largo de la historia, la iglesia ha tenido mucho poder. Separarse de la iglesia convencional actual para iniciar un nuevo movimiento habr\u00eda sido considerado radical y una locura. En el caso de BT Roberts, tomar el riesgo de vivir seg\u00fan sus convicciones cambi\u00f3 el rumbo de la Iglesia. Sin embargo, antes de decidir simplemente fundar una nueva iglesia, BT intent\u00f3 generar un cambio dentro de la Iglesia Metodista Episcopal. Quer\u00eda que los due\u00f1os de esclavos fueran excluidos de la membres\u00eda y que los grupos multi\u00e9tnicos tuvieran la oportunidad de adorar juntos.<\/p>\n<p>La esclavitud era un negocio lucrativo. Tanto si la gente estaba de acuerdo con los esfuerzos humanitarios de Roberts como si no, el af\u00e1n de riqueza superaba a las convicciones teol\u00f3gicas. Finalmente, Roberts fue expulsado de la Iglesia Metodista Episcopal en 1860. Poco despu\u00e9s, se reuni\u00f3 con otros pastores con ideas afines y un par de cientos de laicos en un campo bajo un manzano en Perkins, Nueva York. Este grupo de l\u00edderes cre\u00f3 el movimiento Metodista Libre. Roberts no solo fue el fundador de la Iglesia Metodista Libre, sino tambi\u00e9n un defensor de la abolici\u00f3n de la esclavitud, la igualdad para las mujeres en el ministerio y los derechos de los agricultores.<\/p>\n<p>BT Roberts cre\u00eda que el enfoque de la iglesia no deber\u00eda ser ni la gracia santificadora de Dios ni la justicia social solamente, sino que ambas ser\u00edan necesarias para vivir y amar como Jes\u00fas. Hay muchas razones por las que el movimiento primitivo eligi\u00f3 el nombre de Libre antes del de Metodista, pero las cinco razones principales, que estaban vigentes en ese entonces y que ahora son plenamente aceptadas, son la igualdad de todas las razas, la igualdad de los laicos con el clero, la igualdad de las mujeres con los hombres, la igualdad de los pobres con los ricos y la adoraci\u00f3n experiencial vibrante. Esta es la piedra angular de la Iglesia Metodista Libre.<\/p>\n<p>[\/et_pb_text][\/et_pb_column][\/et_pb_row][\/et_pb_section][et_pb_section fb_built=\u201d1\u2033 _builder_version=\u201d4.27.2\u2033 _module_preset=\u201ddefault\u201d background_color=\u201d#EEEDEC\u201d saved_tabs=\u201dall\u201d global_colors_info=\u201d{}\u201d global_module=\u201d55938\u2033 theme_builder_area=\u201dpost_content\u201d][et_pb_row column_structure=\u201d1_2,1_2\u2033 make_equal=\u201don\u201d _builder_version=\u201d4.27.2\u2033 _module_preset=\u201ddefault\u201d global_colors_info=\u201d{}\u201d theme_builder_area=\u201dpost_content\u201d][et_pb_column type=\u201d1_2\u2033 Versi\u00f3n del constructor: 4.27.2. Preajuste del m\u00f3dulo: 73134464-3fcb-4d3f-bcfa-94f46ea7af26. Informaci\u00f3n global de colores: {}. \u00c1rea del constructor del tema: contenido de la publicaci\u00f3n. Fuente de la imagen de et_pb: https:\/\/leaderspath.org\/wp-content\/uploads\/2023\/07\/home-leadership.jpg. Versi\u00f3n del constructor: 4.27.2. Preajuste del m\u00f3dulo: predeterminado. Informaci\u00f3n global de colores: {}. \u00c1rea del constructor del tema: contenido de la publicaci\u00f3n. _module_preset=\u201d73134464-3fcb-4d3f-bcfa-94f46ea7af26\u2033 global_colors_info=\u201d{}\u201d theme_builder_area=\u201dpost_content\u201d][et_pb_text _builder_version=\u201d4.27.2\u2033 _module_preset=\u201ddefault\u201d global_colors_info=\u201d{}\u201d theme_builder_area=\u201dpost_content\u201d]<\/p>\n<h4>Continuar el viaje<\/h4>\n<p><strong>Descubra lo que hace que los Metodistas Libres sean \u00fanicos<\/strong> A trav\u00e9s de LeadersPath, nuestra innovadora plataforma de aprendizaje que conecta los valores wesleyanos tradicionales con las necesidades del ministerio contempor\u00e1neo. Ya sea que sienta curiosidad por nuestra teolog\u00eda metodista libre, le apasione la justicia social o busque profundizar su comprensi\u00f3n de la historia y la pol\u00edtica metodista libre, LeadersPath ofrece cursos interactivos y recursos de expertos dise\u00f1ados para l\u00edderes de iglesias modernas.<\/p>\n<p>[\/et_pb_text][et_pb_button button_url=\u201dhttps:\/\/leaderspath.org\/\u201d button_text=\u201dExplora LeadersPath hoy\u201d _builder_version=\u201d4.27.2\u2033 _module_preset=\u201ddefault\u201d global_colors_info=\u201d{}\u201d theme_builder_area=\u201dpost_content\u201d][\/et_pb_button][\/et_pb_column][\/et_pb_row][\/et_pb_section]<\/p>","protected":false},"excerpt":{"rendered":"<p>Una breve historia del metodismo temprano. El movimiento conocido como metodismo surgi\u00f3 en Inglaterra, poco antes de la Revoluci\u00f3n estadounidense. En 1738, John Wesley, sacerdote y ministro anglicano (de la Iglesia de Inglaterra), tras experimentar una gran decepci\u00f3n en su ministerio y labor misionera en la colonia de Georgia, tuvo una experiencia que le cambi\u00f3 la vida mientras adoraba con un grupo de alemanes [\u2026]<\/p>","protected":false},"author":1,"featured_media":0,"parent":0,"menu_order":9,"comment_status":"closed","ping_status":"closed","template":"","meta":{"_acf_changed":false,"_et_pb_use_builder":"on","_et_pb_old_content":"","_et_gb_content_width":"","content-type":"","footnotes":"","_links_to":"","_links_to_target":""},"class_list":["post-51341","page","type-page","status-publish","hentry"],"acf":[],"yoast_head":"<!-- This site is optimized with the Yoast SEO plugin v27.3 - https:\/\/yoast.com\/product\/yoast-seo-wordpress\/ -->\n<title>A Brief History - Free Methodist Church in Southern California<\/title>\n<meta name=\"robots\" content=\"index, follow, max-snippet:-1, max-image-preview:large, max-video-preview:-1\" \/>\n<link rel=\"canonical\" href=\"https:\/\/fmcsc.org\/es\/history\/\" \/>\n<meta property=\"og:locale\" content=\"es_MX\" \/>\n<meta property=\"og:type\" content=\"article\" \/>\n<meta property=\"og:title\" content=\"A Brief History - Free Methodist Church in Southern California\" \/>\n<meta property=\"og:description\" content=\"A Brief HistoryEarly Methodism The movement known as Methodism began in England, shortly before the American Revolution. In 1738, John Wesley, an Anglican (Church of England) priest and minister, after experiencing great disappointment in his ministry and mission work to the Georgia Colony, had a life changing experience while worshipping with a group of German [&hellip;]\" \/>\n<meta property=\"og:url\" content=\"https:\/\/fmcsc.org\/es\/wp-json\/wp\/v2\/pages\/51341\" \/>\n<meta property=\"og:site_name\" content=\"Free Methodist Church in Southern California\" \/>\n<meta property=\"article:publisher\" content=\"https:\/\/www.facebook.com\/FMCSC\" \/>\n<meta property=\"article:modified_time\" content=\"2024-10-28T18:42:19+00:00\" \/>\n<meta name=\"twitter:card\" content=\"summary_large_image\" \/>\n<meta name=\"twitter:site\" content=\"@fmcsc\" \/>\n<meta name=\"twitter:label1\" content=\"Tiempo de lectura\" \/>\n\t<meta name=\"twitter:data1\" content=\"7 minutos\" \/>\n<script type=\"application\/ld+json\" class=\"yoast-schema-graph\">{\"@context\":\"https:\\\/\\\/schema.org\",\"@graph\":[{\"@type\":\"WebPage\",\"@id\":\"https:\\\/\\\/fmcsc.org\\\/history\\\/\",\"url\":\"https:\\\/\\\/fmcsc.org\\\/history\\\/\",\"name\":\"A Brief History - Free Methodist Church in Southern California\",\"isPartOf\":{\"@id\":\"https:\\\/\\\/fmcsc.org\\\/#website\"},\"datePublished\":\"2021-07-01T16:13:31+00:00\",\"dateModified\":\"2024-10-28T18:42:19+00:00\",\"breadcrumb\":{\"@id\":\"https:\\\/\\\/fmcsc.org\\\/history\\\/#breadcrumb\"},\"inLanguage\":\"es\",\"potentialAction\":[{\"@type\":\"ReadAction\",\"target\":[\"https:\\\/\\\/fmcsc.org\\\/history\\\/\"]}]},{\"@type\":\"BreadcrumbList\",\"@id\":\"https:\\\/\\\/fmcsc.org\\\/history\\\/#breadcrumb\",\"itemListElement\":[{\"@type\":\"ListItem\",\"position\":1,\"name\":\"Home\",\"item\":\"https:\\\/\\\/fmcsc.org\\\/\"},{\"@type\":\"ListItem\",\"position\":2,\"name\":\"A Brief History\"}]},{\"@type\":\"WebSite\",\"@id\":\"https:\\\/\\\/fmcsc.org\\\/#website\",\"url\":\"https:\\\/\\\/fmcsc.org\\\/\",\"name\":\"Free Methodist Church in Southern California\",\"description\":\"Love God. Love People. Make Disciples.\",\"publisher\":{\"@id\":\"https:\\\/\\\/fmcsc.org\\\/#organization\"},\"potentialAction\":[{\"@type\":\"SearchAction\",\"target\":{\"@type\":\"EntryPoint\",\"urlTemplate\":\"https:\\\/\\\/fmcsc.org\\\/?s={search_term_string}\"},\"query-input\":{\"@type\":\"PropertyValueSpecification\",\"valueRequired\":true,\"valueName\":\"search_term_string\"}}],\"inLanguage\":\"es\"},{\"@type\":\"Organization\",\"@id\":\"https:\\\/\\\/fmcsc.org\\\/#organization\",\"name\":\"Free Methodist Church in Southern California\",\"url\":\"https:\\\/\\\/fmcsc.org\\\/\",\"logo\":{\"@type\":\"ImageObject\",\"inLanguage\":\"es\",\"@id\":\"https:\\\/\\\/fmcsc.org\\\/#\\\/schema\\\/logo\\\/image\\\/\",\"url\":\"https:\\\/\\\/fmcsc.org\\\/wp-content\\\/uploads\\\/2021\\\/06\\\/logo-color.png\",\"contentUrl\":\"https:\\\/\\\/fmcsc.org\\\/wp-content\\\/uploads\\\/2021\\\/06\\\/logo-color.png\",\"width\":166,\"height\":144,\"caption\":\"Free Methodist Church in Southern California\"},\"image\":{\"@id\":\"https:\\\/\\\/fmcsc.org\\\/#\\\/schema\\\/logo\\\/image\\\/\"},\"sameAs\":[\"https:\\\/\\\/www.facebook.com\\\/FMCSC\",\"https:\\\/\\\/x.com\\\/fmcsc\",\"https:\\\/\\\/www.youtube.com\\\/channel\\\/UCCLhk49k4p6RkJbqYMr0SEQ\"]}]}<\/script>\n<!-- \/ Yoast SEO plugin. -->","yoast_head_json":{"title":"Breve historia: la Iglesia Metodista Libre en el sur de California","robots":{"index":"index","follow":"follow","max-snippet":"max-snippet:-1","max-image-preview":"max-image-preview:large","max-video-preview":"max-video-preview:-1"},"canonical":"https:\/\/fmcsc.org\/es\/history\/","og_locale":"es_MX","og_type":"article","og_title":"A Brief History - Free Methodist Church in Southern California","og_description":"A Brief HistoryEarly Methodism The movement known as Methodism began in England, shortly before the American Revolution. In 1738, John Wesley, an Anglican (Church of England) priest and minister, after experiencing great disappointment in his ministry and mission work to the Georgia Colony, had a life changing experience while worshipping with a group of German [&hellip;]","og_url":"https:\/\/fmcsc.org\/es\/wp-json\/wp\/v2\/pages\/51341","og_site_name":"Free Methodist Church in Southern California","article_publisher":"https:\/\/www.facebook.com\/FMCSC","article_modified_time":"2024-10-28T18:42:19+00:00","twitter_card":"summary_large_image","twitter_site":"@fmcsc","twitter_misc":{"Tiempo de lectura":"7 minutos"},"schema":{"@context":"https:\/\/schema.org","@graph":[{"@type":"WebPage","@id":"https:\/\/fmcsc.org\/history\/","url":"https:\/\/fmcsc.org\/history\/","name":"Breve historia: la Iglesia Metodista Libre en el sur de California","isPartOf":{"@id":"https:\/\/fmcsc.org\/#website"},"datePublished":"2021-07-01T16:13:31+00:00","dateModified":"2024-10-28T18:42:19+00:00","breadcrumb":{"@id":"https:\/\/fmcsc.org\/history\/#breadcrumb"},"inLanguage":"es","potentialAction":[{"@type":"ReadAction","target":["https:\/\/fmcsc.org\/history\/"]}]},{"@type":"BreadcrumbList","@id":"https:\/\/fmcsc.org\/history\/#breadcrumb","itemListElement":[{"@type":"ListItem","position":1,"name":"Home","item":"https:\/\/fmcsc.org\/"},{"@type":"ListItem","position":2,"name":"A Brief History"}]},{"@type":"WebSite","@id":"https:\/\/fmcsc.org\/#website","url":"https:\/\/fmcsc.org\/","name":"Iglesia Metodista Libre en el Sur de California","description":"Ama a Dios. Ama a la gente. Haz disc\u00edpulos.","publisher":{"@id":"https:\/\/fmcsc.org\/#organization"},"potentialAction":[{"@type":"SearchAction","target":{"@type":"EntryPoint","urlTemplate":"https:\/\/fmcsc.org\/?s={search_term_string}"},"query-input":{"@type":"PropertyValueSpecification","valueRequired":true,"valueName":"search_term_string"}}],"inLanguage":"es"},{"@type":"Organization","@id":"https:\/\/fmcsc.org\/#organization","name":"Iglesia Metodista Libre en el Sur de California","url":"https:\/\/fmcsc.org\/","logo":{"@type":"ImageObject","inLanguage":"es","@id":"https:\/\/fmcsc.org\/#\/schema\/logo\/image\/","url":"https:\/\/fmcsc.org\/wp-content\/uploads\/2021\/06\/logo-color.png","contentUrl":"https:\/\/fmcsc.org\/wp-content\/uploads\/2021\/06\/logo-color.png","width":166,"height":144,"caption":"Free Methodist Church in Southern California"},"image":{"@id":"https:\/\/fmcsc.org\/#\/schema\/logo\/image\/"},"sameAs":["https:\/\/www.facebook.com\/FMCSC","https:\/\/x.com\/fmcsc","https:\/\/www.youtube.com\/channel\/UCCLhk49k4p6RkJbqYMr0SEQ"]}]}},"jetpack_sharing_enabled":true,"_links":{"self":[{"href":"https:\/\/fmcsc.org\/es\/wp-json\/wp\/v2\/pages\/51341","targetHints":{"allow":["GET"]}}],"collection":[{"href":"https:\/\/fmcsc.org\/es\/wp-json\/wp\/v2\/pages"}],"about":[{"href":"https:\/\/fmcsc.org\/es\/wp-json\/wp\/v2\/types\/page"}],"author":[{"embeddable":true,"href":"https:\/\/fmcsc.org\/es\/wp-json\/wp\/v2\/users\/1"}],"replies":[{"embeddable":true,"href":"https:\/\/fmcsc.org\/es\/wp-json\/wp\/v2\/comments?post=51341"}],"version-history":[{"count":0,"href":"https:\/\/fmcsc.org\/es\/wp-json\/wp\/v2\/pages\/51341\/revisions"}],"wp:attachment":[{"href":"https:\/\/fmcsc.org\/es\/wp-json\/wp\/v2\/media?parent=51341"}],"curies":[{"name":"gracias","href":"https:\/\/api.w.org\/{rel}","templated":true}]}}