{"id":51339,"date":"2021-07-01T09:13:31","date_gmt":"2021-07-01T16:13:31","guid":{"rendered":"https:\/\/fmcsc.org\/?page_id=51339"},"modified":"2024-10-28T11:35:57","modified_gmt":"2024-10-28T18:35:57","slug":"mission","status":"publish","type":"page","link":"https:\/\/fmcsc.org\/es\/mission\/","title":{"rendered":"Nuestra Misi\u00f3n y Visi\u00f3n"},"content":{"rendered":"<p>[et_pb_section fb_built=\u201d1\u2033 _builder_version=\u201d4.16\u2033 _module_preset=\u201dpredeterminado\u201d background_color=\u201drgba(0,0,0,0.45)\u201d background_image=\u201dhttp:\/\/fmcsc.org\/wp-content\/uploads\/2021\/08\/mission-header.jpg\u201d background_blend=\u201dmultiplicar\u201d custom_padding=\u201d150px||57px||false|false\u201d global_colors_info=\u201d{}\u201d][et_pb_row column_structure=\u201d2_3,1_3\u2033 _builder_version=\u201d4.16\u2033 _module_preset=\u201d11f3522d-3ed7-4fa2-8fcf-bb73f19c80b2\u2033 Informaci\u00f3n global de colores = &quot;{}&quot;] [Tipo de columna et_pb = &quot;2_3&quot;] _versi\u00f3n del constructor = &quot;4.16&quot; _ajuste preestablecido del m\u00f3dulo = &quot;1959b601-9003-4bfb-9e5d-a162186b7575&quot; Informaci\u00f3n global de colores = &quot;{}&quot;] [Texto et_pb _versi\u00f3n del constructor = &quot;4.16&quot; _ajuste preestablecido del m\u00f3dulo = &quot;predeterminado&quot; Dise\u00f1o de fondo = &quot;oscuro&quot; Informaci\u00f3n global de colores = &quot;{}&quot;]<\/p>\n<h1>Lo que creemos<\/h1>\n<p>Nuestra Visi\u00f3n, \u201cTraer plenitud al mundo a trav\u00e9s de comunidades b\u00edblicas saludables de personas santas que multipliquen disc\u00edpulos, l\u00edderes, grupos e iglesias\u201d.<\/p>\n<p>[\/et_pb_text][\/et_pb_column][et_pb_column tipo=\u201d1_3\u2033 _builder_version=\u201d4.16\u2033 _module_preset=\u201d1959b601-9003-4bfb-9e5d-a162186b7575\u2033 informaci\u00f3n_global_colors=\u201d{}\u201d][\/et_pb_column][\/et_pb_row][\/et_pb_section][et_pb_section fb_built=\u201d1\u2033 _builder_version=\u201d4.16\u2033 _module_preset=\u201dpredeterminado\u201d informaci\u00f3n_global_colors=\u201d{}\u201d][et_pb_row estructura_columna=\u201d2_3,1_3\u2033 _builder_version=\u201d4.16\u2033 _module_preset=\u201dpredeterminado\u201d Informaci\u00f3n global de colores = &quot;{}&quot;] [Tipo de columna et_pb = &quot;2_3&quot; _versi\u00f3n del constructor = &quot;4.16&quot; _ajuste preestablecido del m\u00f3dulo = &quot;predeterminado&quot; Informaci\u00f3n global de colores = &quot;{}&quot;] [Texto et_pb _versi\u00f3n del constructor = &quot;4.16&quot; _ajuste preestablecido del m\u00f3dulo = &quot;predeterminado&quot; Informaci\u00f3n global de colores = &quot;{}&quot;]<\/p>\n<h3>Ama a Dios. Ama a la gente. Haz disc\u00edpulos.<\/h3>\n<p>Suena simple, pero si alguna vez has vivido con otras personas, probablemente hayas experimentado lo dif\u00edcil que puede ser. La Iglesia Metodista Libre vive su misi\u00f3n a trav\u00e9s de principios distintivos (santidad, libertad, compromiso total y completo con el llamado de Dios) y una dedicaci\u00f3n hist\u00f3rica a poner esos principios en acci\u00f3n. A veces, el camino sencillo y angosto puede ser el m\u00e1s dif\u00edcil de recorrer, y es mejor recorrerlo juntos. Por eso es bueno pertenecer.<\/p>\n<p>[\/et_pb_text][\/et_pb_column][et_pb_column type=\u201d1_3\u2033 _builder_version=\u201d4.16\u2033 _module_preset=\u201ddefault\u201d global_colors_info=\u201d{}\u201d][et_pb_image src=\u201dhttp:\/\/fmcsc.org\/wp-content\/uploads\/2021\/08\/mission-love.jpg\u201d title_text=\u201dmission-love\u201d _builder_version=\u201d4.16\u2033 _module_preset=\u201ddefault\u201d global_colors_info=\u201d{}\u201d][\/et_pb_image][\/et_pb_column][\/et_pb_row][et_pb_row column_structure=\u201d1_3,1_3,1_3\u2033 _builder_version=\u201d4.16\u2033 _module_preset=\u201ddefault\u201d Informaci\u00f3n global de colores = &quot;{}&quot;] [Tipo de columna et_pb = &quot;1_3&quot; _versi\u00f3n del constructor = &quot;4.16&quot; _ajuste preestablecido del m\u00f3dulo = &quot;predeterminado&quot; Informaci\u00f3n global de colores = &quot;{}&quot;] [Texto et_pb _versi\u00f3n del constructor = &quot;4.16&quot; _ajuste preestablecido del m\u00f3dulo = &quot;predeterminado&quot; Informaci\u00f3n global de colores = &quot;{}&quot;]<\/p>\n<h4>Ama a Dios<\/h4>\n<p>Amar\u00e1s al Se\u00f1or tu Dios con todo tu coraz\u00f3n, con toda tu alma y con toda tu mente. \u00c9ste es el primero y m\u00e1s importante mandamiento.<\/p>\n<p><a href=\"https:\/\/www.biblegateway.com\/passage\/?search=Matthew%2022%3A37-38&amp;version=NIV\">Mateo 22:37-38 NVI<\/a><\/p>\n<p>[\/et_pb_text][\/et_pb_column][et_pb_column tipo=\u201d1_3\u2033 _builder_version=\u201d4.16\u2033 _module_preset=\u201dpredeterminado\u201d informaci\u00f3n_global_colors=\u201d{}\u201d][et_pb_text _builder_version=\u201d4.16\u2033 _module_preset=\u201dpredeterminado\u201d informaci\u00f3n_global_colors=\u201d{}\u201d]<\/p>\n<h4>Amar a los dem\u00e1s<\/h4>\n<p>Y el segundo es semejante: Amar\u00e1s a tu pr\u00f3jimo como a ti mismo. De estos dos mandamientos depende toda la ley y los profetas.<\/p>\n<p><a href=\"https:\/\/www.biblegateway.com\/passage\/?search=Matthew%2022%3A39-40&amp;version=NIV\">Mateo 22:39-40 NVI<\/a><\/p>\n<p>[\/et_pb_text][\/et_pb_column][et_pb_column tipo=\u201d1_3\u2033 _builder_version=\u201d4.16\u2033 _module_preset=\u201dpredeterminado\u201d informaci\u00f3n_global_colors=\u201d{}\u201d][et_pb_text _builder_version=\u201d4.16\u2033 _module_preset=\u201dpredeterminado\u201d informaci\u00f3n_global_colors=\u201d{}\u201d]<\/p>\n<h4>Hacer disc\u00edpulos<\/h4>\n<p>Por tanto, id y haced disc\u00edpulos a todas las naciones, bautiz\u00e1ndolos en el nombre del Padre y del Hijo y del Esp\u00edritu Santo, ense\u00f1\u00e1ndoles a obedecer todo lo que os he mandado.<\/p>\n<p><a href=\"https:\/\/www.biblegateway.com\/passage\/?search=Matthew%2028%3A19-20&amp;version=NIV\">Mateo 28:19-20 NVI<\/a><\/p>\n<p>[\/et_pb_text][\/et_pb_column][\/et_pb_row][\/et_pb_section][et_pb_section fb_built=\u201d1\u2033 theme_builder_area=\u201dpost_content\u201d _builder_version=\u201d4.27.2\u2033 _module_preset=\u201ddefault\u201d background_color=\u201d#EEEDEC\u201d hover_enabled=\u201d0\u2033 sticky_enabled=\u201d0\u2033 global_module=\u201d55938\u2033 saved_tabs=\u201dall\u201d][et_pb_row _builder_version=\u201d4.27.2\u2033 _module_preset=\u201ddefault\u201d theme_builder_area=\u201dpost_content\u201d column_structure=\u201d1_2,1_2\u2033 make_equal=\u201don\u201d hover_enabled=\u201d0\u2033 sticky_enabled=\u201d0\u2033][et_pb_column _builder_version=\u201d4.27.2\u2033 _module_preset=\u201d73134464-3fcb-4d3f-bcfa-94f46ea7af26\u2033 type=\u201d1_2\u2033 theme_builder_area=\u201dpost_content\u201d hover_enabled=\u201d0\u2033 sticky_enabled=\u201d0\u2033][et_pb_image src=\u201dhttps:\/\/leaderspath.org\/wp-content\/uploads\/2023\/07\/home-leadership.jpg\u201d _builder_version=\u201d4.27.2\u2033 _module_preset=\u201ddefault\u201d theme_builder_area=\u201dpost_content\u201d hover_enabled=\u201d0\u2033 sticky_enabled=\u201d0\u2033][\/et_pb_image][\/et_pb_column][et_pb_column _builder_version=\u201d4.27.2\u2033 _module_preset=\u201d73134464-3fcb-4d3f-bcfa-94f46ea7af26\u2033 type=\u201d1_2\u2033 theme_builder_area=\u201dpost_content\u201d hover_enabled=\u201d0\u2033 sticky_enabled=\u201d0\u2033][et_pb_text _builder_version=\u201d4.27.2\u2033 _module_preset=\u201ddefault\u201d theme_builder_area=\u201dpost_content\u201d hover_enabled=\u201d0\u2033 sticky_enabled=\u201d0\u2033]<\/p>\n<h4>Continuar el viaje<\/h4>\n<p><strong>Descubra lo que hace que los Metodistas Libres sean \u00fanicos<\/strong> A trav\u00e9s de LeadersPath, nuestra innovadora plataforma de aprendizaje que conecta los valores wesleyanos tradicionales con las necesidades del ministerio contempor\u00e1neo. Ya sea que sienta curiosidad por nuestra teolog\u00eda metodista libre, le apasione la justicia social o busque profundizar su comprensi\u00f3n de la historia y la pol\u00edtica metodista libre, LeadersPath ofrece cursos interactivos y recursos de expertos dise\u00f1ados para l\u00edderes de iglesias modernas.<\/p>\n<p>[\/et_pb_text][et_pb_button button_text=\u201dExplora LeadersPath hoy\u201d _builder_version=\u201d4.27.2\u2033 _module_preset=\u201ddefault\u201d theme_builder_area=\u201dpost_content\u201d button_url=\u201dhttps:\/\/leaderspath.org\/\u201d hover_enabled=\u201d0\u2033 sticky_enabled=\u201d0\u2033][\/et_pb_button][\/et_pb_column][\/et_pb_row][\/et_pb_section]<\/p>","protected":false},"excerpt":{"rendered":"<p>Nuestra visi\u00f3n: \u201cTraer plenitud al mundo mediante comunidades b\u00edblicas saludables de personas santas que multiplican disc\u00edpulos, l\u00edderes, grupos e iglesias\u201d. Amar a Dios. Amar a la gente. Hacer disc\u00edpulos. Parece simple, pero si alguna vez has convivido con otras personas, probablemente hayas experimentado lo dif\u00edcil que puede ser. La Iglesia Metodista Libre vive su [\u2026]<\/p>","protected":false},"author":1,"featured_media":0,"parent":0,"menu_order":8,"comment_status":"closed","ping_status":"closed","template":"","meta":{"_acf_changed":false,"_et_pb_use_builder":"on","_et_pb_old_content":"","_et_gb_content_width":"","content-type":"","footnotes":"","_links_to":"","_links_to_target":""},"class_list":["post-51339","page","type-page","status-publish","hentry"],"acf":[],"yoast_head":"<!-- This site is optimized with the Yoast SEO plugin v27.3 - https:\/\/yoast.com\/product\/yoast-seo-wordpress\/ -->\n<title>Our Mission and Vision - Free Methodist Church in Southern California<\/title>\n<meta name=\"robots\" content=\"index, follow, max-snippet:-1, max-image-preview:large, max-video-preview:-1\" \/>\n<link rel=\"canonical\" href=\"https:\/\/fmcsc.org\/es\/mission\/\" \/>\n<meta property=\"og:locale\" content=\"es_MX\" \/>\n<meta property=\"og:type\" content=\"article\" \/>\n<meta property=\"og:title\" content=\"Our Mission and Vision - Free Methodist Church in Southern California\" \/>\n<meta property=\"og:description\" content=\"What We Believe Our Vision, \u201cTo bring wholeness to the world through healthy biblical communities of holy people multiplying disciples, leaders, groups, and churches.\u201dLove God. Love People. Make Disciples. It sounds simple, but if you\u2019ve ever lived with other people, you\u2019ve probably experienced how difficult that can be. The Free Methodist Church lives out its [&hellip;]\" \/>\n<meta property=\"og:url\" content=\"https:\/\/fmcsc.org\/es\/wp-json\/wp\/v2\/pages\/51339\" \/>\n<meta property=\"og:site_name\" content=\"Free Methodist Church in Southern California\" \/>\n<meta property=\"article:publisher\" content=\"https:\/\/www.facebook.com\/FMCSC\" \/>\n<meta property=\"article:modified_time\" content=\"2024-10-28T18:35:57+00:00\" \/>\n<meta name=\"twitter:card\" content=\"summary_large_image\" \/>\n<meta name=\"twitter:site\" content=\"@fmcsc\" \/>\n<meta name=\"twitter:label1\" content=\"Tiempo de lectura\" \/>\n\t<meta name=\"twitter:data1\" content=\"4 minutos\" \/>\n<script type=\"application\/ld+json\" class=\"yoast-schema-graph\">{\"@context\":\"https:\\\/\\\/schema.org\",\"@graph\":[{\"@type\":\"WebPage\",\"@id\":\"https:\\\/\\\/fmcsc.org\\\/mission\\\/\",\"url\":\"https:\\\/\\\/fmcsc.org\\\/mission\\\/\",\"name\":\"Our Mission and Vision - Free Methodist Church in Southern California\",\"isPartOf\":{\"@id\":\"https:\\\/\\\/fmcsc.org\\\/#website\"},\"datePublished\":\"2021-07-01T16:13:31+00:00\",\"dateModified\":\"2024-10-28T18:35:57+00:00\",\"breadcrumb\":{\"@id\":\"https:\\\/\\\/fmcsc.org\\\/mission\\\/#breadcrumb\"},\"inLanguage\":\"es\",\"potentialAction\":[{\"@type\":\"ReadAction\",\"target\":[\"https:\\\/\\\/fmcsc.org\\\/mission\\\/\"]}]},{\"@type\":\"BreadcrumbList\",\"@id\":\"https:\\\/\\\/fmcsc.org\\\/mission\\\/#breadcrumb\",\"itemListElement\":[{\"@type\":\"ListItem\",\"position\":1,\"name\":\"Home\",\"item\":\"https:\\\/\\\/fmcsc.org\\\/\"},{\"@type\":\"ListItem\",\"position\":2,\"name\":\"Our Mission and Vision\"}]},{\"@type\":\"WebSite\",\"@id\":\"https:\\\/\\\/fmcsc.org\\\/#website\",\"url\":\"https:\\\/\\\/fmcsc.org\\\/\",\"name\":\"Free Methodist Church in Southern California\",\"description\":\"Love God. Love People. Make Disciples.\",\"publisher\":{\"@id\":\"https:\\\/\\\/fmcsc.org\\\/#organization\"},\"potentialAction\":[{\"@type\":\"SearchAction\",\"target\":{\"@type\":\"EntryPoint\",\"urlTemplate\":\"https:\\\/\\\/fmcsc.org\\\/?s={search_term_string}\"},\"query-input\":{\"@type\":\"PropertyValueSpecification\",\"valueRequired\":true,\"valueName\":\"search_term_string\"}}],\"inLanguage\":\"es\"},{\"@type\":\"Organization\",\"@id\":\"https:\\\/\\\/fmcsc.org\\\/#organization\",\"name\":\"Free Methodist Church in Southern California\",\"url\":\"https:\\\/\\\/fmcsc.org\\\/\",\"logo\":{\"@type\":\"ImageObject\",\"inLanguage\":\"es\",\"@id\":\"https:\\\/\\\/fmcsc.org\\\/#\\\/schema\\\/logo\\\/image\\\/\",\"url\":\"https:\\\/\\\/fmcsc.org\\\/wp-content\\\/uploads\\\/2021\\\/06\\\/logo-color.png\",\"contentUrl\":\"https:\\\/\\\/fmcsc.org\\\/wp-content\\\/uploads\\\/2021\\\/06\\\/logo-color.png\",\"width\":166,\"height\":144,\"caption\":\"Free Methodist Church in Southern California\"},\"image\":{\"@id\":\"https:\\\/\\\/fmcsc.org\\\/#\\\/schema\\\/logo\\\/image\\\/\"},\"sameAs\":[\"https:\\\/\\\/www.facebook.com\\\/FMCSC\",\"https:\\\/\\\/x.com\\\/fmcsc\",\"https:\\\/\\\/www.youtube.com\\\/channel\\\/UCCLhk49k4p6RkJbqYMr0SEQ\"]}]}<\/script>\n<!-- \/ Yoast SEO plugin. -->","yoast_head_json":{"title":"Nuestra misi\u00f3n y visi\u00f3n - Iglesia Metodista Libre en el sur de California","robots":{"index":"index","follow":"follow","max-snippet":"max-snippet:-1","max-image-preview":"max-image-preview:large","max-video-preview":"max-video-preview:-1"},"canonical":"https:\/\/fmcsc.org\/es\/mission\/","og_locale":"es_MX","og_type":"article","og_title":"Our Mission and Vision - Free Methodist Church in Southern California","og_description":"What We Believe Our Vision, \u201cTo bring wholeness to the world through healthy biblical communities of holy people multiplying disciples, leaders, groups, and churches.\u201dLove God. Love People. Make Disciples. It sounds simple, but if you\u2019ve ever lived with other people, you\u2019ve probably experienced how difficult that can be. The Free Methodist Church lives out its [&hellip;]","og_url":"https:\/\/fmcsc.org\/es\/wp-json\/wp\/v2\/pages\/51339","og_site_name":"Free Methodist Church in Southern California","article_publisher":"https:\/\/www.facebook.com\/FMCSC","article_modified_time":"2024-10-28T18:35:57+00:00","twitter_card":"summary_large_image","twitter_site":"@fmcsc","twitter_misc":{"Tiempo de lectura":"4 minutos"},"schema":{"@context":"https:\/\/schema.org","@graph":[{"@type":"WebPage","@id":"https:\/\/fmcsc.org\/mission\/","url":"https:\/\/fmcsc.org\/mission\/","name":"Nuestra misi\u00f3n y visi\u00f3n - Iglesia Metodista Libre en el sur de California","isPartOf":{"@id":"https:\/\/fmcsc.org\/#website"},"datePublished":"2021-07-01T16:13:31+00:00","dateModified":"2024-10-28T18:35:57+00:00","breadcrumb":{"@id":"https:\/\/fmcsc.org\/mission\/#breadcrumb"},"inLanguage":"es","potentialAction":[{"@type":"ReadAction","target":["https:\/\/fmcsc.org\/mission\/"]}]},{"@type":"BreadcrumbList","@id":"https:\/\/fmcsc.org\/mission\/#breadcrumb","itemListElement":[{"@type":"ListItem","position":1,"name":"Home","item":"https:\/\/fmcsc.org\/"},{"@type":"ListItem","position":2,"name":"Our Mission and Vision"}]},{"@type":"WebSite","@id":"https:\/\/fmcsc.org\/#website","url":"https:\/\/fmcsc.org\/","name":"Iglesia Metodista Libre en el Sur de California","description":"Ama a Dios. Ama a la gente. Haz disc\u00edpulos.","publisher":{"@id":"https:\/\/fmcsc.org\/#organization"},"potentialAction":[{"@type":"SearchAction","target":{"@type":"EntryPoint","urlTemplate":"https:\/\/fmcsc.org\/?s={search_term_string}"},"query-input":{"@type":"PropertyValueSpecification","valueRequired":true,"valueName":"search_term_string"}}],"inLanguage":"es"},{"@type":"Organization","@id":"https:\/\/fmcsc.org\/#organization","name":"Iglesia Metodista Libre en el Sur de California","url":"https:\/\/fmcsc.org\/","logo":{"@type":"ImageObject","inLanguage":"es","@id":"https:\/\/fmcsc.org\/#\/schema\/logo\/image\/","url":"https:\/\/fmcsc.org\/wp-content\/uploads\/2021\/06\/logo-color.png","contentUrl":"https:\/\/fmcsc.org\/wp-content\/uploads\/2021\/06\/logo-color.png","width":166,"height":144,"caption":"Free Methodist Church in Southern California"},"image":{"@id":"https:\/\/fmcsc.org\/#\/schema\/logo\/image\/"},"sameAs":["https:\/\/www.facebook.com\/FMCSC","https:\/\/x.com\/fmcsc","https:\/\/www.youtube.com\/channel\/UCCLhk49k4p6RkJbqYMr0SEQ"]}]}},"jetpack_sharing_enabled":true,"_links":{"self":[{"href":"https:\/\/fmcsc.org\/es\/wp-json\/wp\/v2\/pages\/51339","targetHints":{"allow":["GET"]}}],"collection":[{"href":"https:\/\/fmcsc.org\/es\/wp-json\/wp\/v2\/pages"}],"about":[{"href":"https:\/\/fmcsc.org\/es\/wp-json\/wp\/v2\/types\/page"}],"author":[{"embeddable":true,"href":"https:\/\/fmcsc.org\/es\/wp-json\/wp\/v2\/users\/1"}],"replies":[{"embeddable":true,"href":"https:\/\/fmcsc.org\/es\/wp-json\/wp\/v2\/comments?post=51339"}],"version-history":[{"count":0,"href":"https:\/\/fmcsc.org\/es\/wp-json\/wp\/v2\/pages\/51339\/revisions"}],"wp:attachment":[{"href":"https:\/\/fmcsc.org\/es\/wp-json\/wp\/v2\/media?parent=51339"}],"curies":[{"name":"gracias","href":"https:\/\/api.w.org\/{rel}","templated":true}]}}