{"id":51338,"date":"2021-07-01T09:13:31","date_gmt":"2021-07-01T16:13:31","guid":{"rendered":"https:\/\/fmcsc.org\/?page_id=51338"},"modified":"2024-11-26T07:13:21","modified_gmt":"2024-11-26T15:13:21","slug":"home","status":"publish","type":"page","link":"https:\/\/fmcsc.org\/es\/","title":{"rendered":"Hogar"},"content":{"rendered":"<p>[et_pb_section fb_built=\u201d1\u2033 _builder_version=\u201d4.16\u2033 _module_preset=\u201dpredeterminado\u201d background_enable_color=\u201ddesactivado\u201d background_enable_image=\u201ddesactivado\u201d background_blend=\u201dmultiplicar\u201d background_video_mp4=\u201dhttp:\/\/fmcsc.org\/wp-content\/uploads\/2021\/08\/home-header-60.mov\u201d custom_padding=\u201d150px||57px||false|false\u201d global_colors_info=\u201d{}\u201d][et_pb_row _builder_version=\u201d4.16\u2033 _module_preset=\u201d11f3522d-3ed7-4fa2-8fcf-bb73f19c80b2\u2033 min_height=\u201d400px\u201d global_colors_info=\u201d{}\u201d][et_pb_column type=\u201d4_4\u2033 _builder_version=\u201d4.16\u2033 _module_preset=\u201d1959b601-9003-4bfb-9e5d-a162186b7575\u2033 global_colors_info=\u201d{}\u201d][et_pb_text _builder_version=\u201d4.16\u2033 _module_preset=\u201ded8fabc1-fff9-4c14-bf69-7e6f5ba0c88d\u201d tama\u00f1o de fuente del texto=\u201d2em\u201d espaciado entre letras del texto=\u201d-0.05em\u201d dise\u00f1o de fondo=\u201doscuro\u201d margen personalizado=\u201d||0px||falso|falso\u201d global_colors_info=\u201d{}\u201d]<\/p>\n<p>Hay un m\u00e9todo para\u2026<\/p>\n<p>[\/et_pb_text][et_pb_slider show_arrows=\u201doff\u201d show_pagination=\u201doff\u201d _builder_version=\u201d4.16\u2033 _module_preset=\u201ddefault\u201d header_level=\u201dh1\u2033 header_font_size=\u201d10em\u201d header_letter_spacing=\u201d-0.05em\u201d header_line_height=\u201d0.8em\u201d background_color=\u201dRGBA(0,0,0,0)\u201d text_orientation=\u201dleft\u201d width=\u201d100%\u201d max_width=\u201d900px\u201d module_alignment=\u201dleft\u201d overflow-x=\u201dvisible\u201d overflow-y=\u201dvisible\u201d custom_margin=\u201d0px|0px|0px|0px|false|false\u201d custom_padding=\u201d0px|0px|0px|0px|false|false\u201d animation_style=\u201dfade\u201d auto=\u201don\u201d auto_ignore_hover=\u201don\u201d header_font_size_tablet=\u201d6em\u201d header_font_size_phone=\u201d4em\u201d header_font_size_last_edited=\u201don|phone\u201d header_text_shadow_style=\u201dpreset1\u2033 header_text_shadow_color=\u201dRGBA(0,0,0,0)\u201d global_colors_info=\u201d{}\u201d][et_pb_slide header=\u201dacerc\u00e1ndose a Dios\u201d _builder_version=\u201d4.16\u2033 _module_preset=\u201ddefault\u201d custom_css_main_element=\u201dpadding: 0;\u201d global_colors_info=\u201d{}\u201d sticky_transition=\u201don\u201d][\/et_pb_slide][et_pb_slide header=\u201damar a tu pr\u00f3jimo\u201d _builder_version=\u201d4.16\u2033 _module_preset=\u201ddefault\u201d custom_css_main_element=\u201dpadding: 0;\u201d global_colors_info=\u201d{}\u201d sticky_transition=\u201don\u201d][\/et_pb_slide][et_pb_slide header=\u201dcambiando tu mundo\u201d _builder_version=\u201d4.16\u2033 _module_preset=\u201ddefault\u201d custom_css_main_element=\u201dpadding: 0;\u201d global_colors_info=\u201d{}\u201d transici\u00f3n_adhesiva=\u201dactivada\u201d][\/et_pb_slide][\/et_pb_slider][\/et_pb_column][\/et_pb_row][\/et_pb_section][et_pb_section fb_built=\u201d1\u2033 _builder_version=\u201d4.19.2\u2033 _module_preset=\u201dpredeterminado\u201d color_de_fondo=\u201d#202428\u2033 relleno_personalizado=\u201d0px||0px||falso|falso\u201d global_colors_info=\u201d{}\u201d][et_pb_row estructura_columna=\u201d1_2,1_2\u2033 make_equal=\u201dactivada\u201d _builder_version=\u201d4.16\u2033 _module_preset=\u201dpredeterminado\u201d global_colors_info=\u201d{}\u201d][et_pb_column tipo=\u201d1_2\u2033 _builder_version=\u201d4.16\u2033 _module_preset=\u201d73134464-3fcb-4d3f-bcfa-94f46ea7af26\u2033 informaci\u00f3n_global_colores=\u201d{}\u201d][et_pb_text _builder_version=\u201d4.16\u2033 _module_preset=\u201dpredeterminado\u201d fuente_del_enlace=\u201d||||||||\u201d color_del_enlace=\u201d#f6f5f2\u2033 orientaci\u00f3n_del_texto=\u201dderecha\u201d dise\u00f1o_del_fondo=\u201doscuro\u201d orientaci\u00f3n_del_texto_tablet=\u201dcentro\u201d orientaci\u00f3n_del_texto_tel\u00e9fono=\u201d\u201d orientaci\u00f3n_del_texto_\u00faltima_edici\u00f3n=\u201den|tablet\u201d informaci\u00f3n_global_colores=\u201d{}\u201d]<\/p>\n<p>Encuentra una comunidad donde puedas pertenecer.<\/p>\n<p>[\/et_pb_text][\/et_pb_column][et_pb_column type=\u201d1_2\u2033 _builder_version=\u201d4.16\u2033 _module_preset=\u201d73134464-3fcb-4d3f-bcfa-94f46ea7af26\u2033 global_colors_info=\u201d{}\u201d][et_pb_button button_url=\u201d\/iglesias\u201d button_text=\u201dEncuentra tu iglesia\u201d button_alignment=\u201dizquierda\u201d button_alignment_tablet=\u201dcentro\u201d button_alignment_phone=\u201d\u201d button_alignment_last_edited=\u201den|tablet\u201d _builder_version=\u201d4.16\u2033 _module_preset=\u201dc988ec08-0052-44e5-80e0-6d6842fb8cf9\u2033 global_colors_info=\u201d{}\u201d][\/et_pb_button][\/et_pb_column][\/et_pb_row][\/et_pb_section][et_pb_section fb_built=\u201d1\u2033 _builder_version=\u201d4.19.2\u2033 _module_preset=\u201dpredeterminado\u201d color_de_fondo=\u201d#EEEDEC\u201d global_colors_info=\u201d{}\u201d][et_pb_row estructura_de_columna=\u201d2_3,1_3\u2033 make_equal=\u201don\u201d _builder_version=\u201d4.16\u2033 _module_preset=\u201dpredeterminado\u201d global_colors_info=\u201d{}\u201d][et_pb_column tipo=\u201d2_3\u2033 _builder_version=\u201d4.16\u2033 _module_preset=\u201d1959b601-9003-4bfb-9e5d-a162186b7575\u2033 global_colors_info=\u201d{}\u201d][et_pb_text _builder_version=\u201d4.16\u2033 _module_preset=\u201dpredeterminado\u201d global_colors_info=\u201d{}\u201d]<\/p>\n<h2>\u00bfQu\u00e9 est\u00e1 sucediendo?<\/h2>\n<p>\u00bfQuiere conectarse y obtener m\u00e1s informaci\u00f3n sobre la Iglesia Metodista Libre del Sur de California? Consulte las \u00faltimas noticias y eventos de la conferencia.<\/p>\n<p>[\/et_pb_text][\/et_pb_column][et_pb_column type=\u201d1_3\u2033 _builder_version=\u201d4.16\u2033 _module_preset=\u201d1959b601-9003-4bfb-9e5d-a162186b7575\u2033 global_colors_info=\u201d{}\u201d][et_pb_button button_url=\u201d\/news\u201d button_text=\u201dM\u00e1s noticias y actualizaciones\u201d button_alignment=\u201dderecha\u201d button_alignment_tablet=\u201dizquierda\u201d button_alignment_phone=\u201d\u201d button_alignment_last_edited=\u201don|tablet\u201d _builder_version=\u201d4.16\u2033 _module_preset=\u201dpredeterminado\u201d global_colors_info=\u201d{}\u201d][\/et_pb_button][\/et_pb_column][\/et_pb_row][et_pb_row use_custom_gutter=\u201don\u201d gutter_width=\u201d2\u2033 make_equal=\u201don\u201d _builder_version=\u201d4.16\u2033 _module_preset=\u201ddefault\u201d global_colors_info=\u201d{}\u201d][et_pb_column type=\u201d4_4\u2033 _builder_version=\u201d4.16\u2033 _module_preset=\u201ddefault\u201d global_colors_info=\u201d{}\u201d][et_pb_blog posts_number=\u201d3\u2033 include_categories=\u201d17\u2033 meta_date=\u201dF j, Y\u201d _builder_version=\u201d4.16\u2033 _module_preset=\u201ddefault\u201d global_colors_info=\u201d{}\u201d][\/et_pb_blog][et_pb_button button_url=\u201dhttps:\/\/fmcsc.org\/contact\/?topic=event\u201d button_text=\u201dComparte tu pr\u00f3ximo evento\u201d button_alignment=\u201dcenter\u201d _builder_version=\u201d4.22.1\u2033 _module_preset=\u201ddefault\u201d global_colors_info=\u201d{}\u201d][\/et_pb_button][\/et_pb_column][\/et_pb_row][\/et_pb_section][et_pb_section fb_built=\u201d1\u2033 _builder_version=\u201d4.16\u2033 _module_preset=\u201ddefault\u201d global_colors_info=\u201d{}\u201d][et_pb_row column_structure=\u201d1_2,1_2\u2033 _builder_version=\u201d4.16\u2033 _module_preset=\u201ddefault\u201d global_colors_info=\u201d{}\u201d][et_pb_column type=\u201d1_2\u2033 _builder_version=\u201d4.16\u2033 _module_preset=\u201dpredeterminado\u201d global_colors_info=\u201d{}\u201d][et_pb_image src=\u201dhttp:\/\/fmcsc.org\/wp-content\/uploads\/2021\/08\/inicio-en-lo-que-creemos.jpg\u201d title_text=\u201dinicio-en-lo-que-creemos\u201d deshabilitado_on=\u201ddesactivado|desactivado|activado\u201d _builder_version=\u201d4.16\u2033 _module_preset=\u201dpredeterminado\u201d global_colors_info=\u201d{}\u201d][\/et_pb_image][et_pb_text _builder_version=\u201d4.16\u2033 _module_preset=\u201dpredeterminado\u201d global_colors_info=\u201d{}\u201d]<\/p>\n<h2>Lo que creemos<\/h2>\n<p>No importa qui\u00e9n seas, tu fe impulsa tus m\u00e9todos (lo que haces). Descubre c\u00f3mo los metodistas llegaron a comprender a Dios, la Biblia y c\u00f3mo debemos vivir en el mundo.[\/et_pb_text][et_pb_text _builder_version=\u201d4.16\u2033 _module_preset=\u201ddefault\u201d global_colors_info=\u201d{}\u201d]<\/p>\n<ul>\n<li><a href=\"\/es\/mission\/\">Nuestra Misi\u00f3n y Visi\u00f3n<\/a><\/li>\n<li><a href=\"\/es\/history\/\">Una breve historia<\/a><\/li>\n<li><a href=\"\/es\/freedoms\/\">Nuestras libertades<\/a><\/li>\n<li><a href=\"\/es\/discipleship\/\">Discipulado<\/a><\/li>\n<li><a href=\"\/es\/book-of-discipline\/\">Libro de Disciplina<\/a><\/li>\n<\/ul>\n<p>[\/et_pb_text][\/et_pb_column][et_pb_column type=\u201d1_2\u2033 _builder_version=\u201d4.16\u2033 _module_preset=\u201ddefault\u201d global_colors_info=\u201d{}\u201d][et_pb_image src=\u201dhttp:\/\/fmcsc.org\/wp-content\/uploads\/2021\/08\/hogar-en-lo-que-creemos.jpg\u201d title_text=\u201dhogar-en-lo-que-creemos\u201d deshabilitado_on=\u201dactivado|activado|desactivado\u201d _builder_version=\u201d4.16\u2033 _module_preset=\u201ddefault\u201d global_colors_info=\u201d{}\u201d][\/et_pb_image][\/et_pb_column][\/et_pb_row][\/et_pb_section][et_pb_section fb_built=\u201d1\u2033 especialidad=\u201dactivado\u201d _builder_version=\u201d4.16\u2033 _module_preset=\u201dpredeterminado\u201d background_color=\u201drgba(0,0,0,0.6)\u201d background_image=\u201dhttp:\/\/fmcsc.org\/wp-content\/uploads\/2021\/08\/home-who-we-are.jpg\u201d background_blend=\u201dmultiplicar\u201d global_colors_info=\u201d{}\u201d][et_pb_column type=\u201d1_3\u2033 _builder_version=\u201d4.16\u2033 custom_padding=\u201d|||\u201d global_colors_info=\u201d{}\u201d custom_padding__hover=\u201d|||\u201d][et_pb_text _builder_version=\u201d4.16\u2033 _module_preset=\u201dpredeterminado\u201d background_layout=\u201doscuro\u201d global_colors_info=\u201d{}\u201d]<\/p>\n<h2>Quienes somos<\/h2>\n<p>Los Metodistas Libres son un grupo diverso de creyentes que provienen de todos los \u00e1mbitos de la vida. Nuestros l\u00edderes reflejan esa diversidad a trav\u00e9s de sus antecedentes, su llamado y sus formas de servicio.<\/p>\n<p>[\/et_pb_text][\/et_pb_column][et_pb_column tipo=\u201d2_3\u2033 columnas_especializadas=\u201d2\u2033 _versi\u00f3n_constructor=\u201d4.16\u2033 relleno_personalizado=\u201d|||\u201d global_colors_info=\u201d{}\u201d custom_padding__hover=\u201d|||\u201d][et_pb_row_inner estructura_columna=\u201d1_3,1_3,1_3\u2033 _builder_version=\u201d4.16\u2033 _module_preset=\u201dpredeterminado\u201d global_colors_info=\u201d{}\u201d][et_pb_column_inner tipo=\u201d1_3\u2033 tipo_columna_especialidad_guardada=\u201d2_3\u2033 _builder_version=\u201d4.16\u2033 _module_preset=\u201dpredeterminado\u201d global_colors_info=\u201d{}\u201d][et_pb_text _builder_version=\u201d4.16\u2033 _module_preset=\u201dpredeterminado\u201d dise\u00f1o_fondo=\u201doscuro\u201d global_colors_info=\u201d{}\u201d]<\/p>\n<h4>Ministerial<\/h4>\n<ul>\n<li><a href=\"\/es\/boards\/meg\/\">Comit\u00e9 Ministerial de Educaci\u00f3n y Orientaci\u00f3n<\/a><\/li>\n<li><a href=\"\/es\/boards\/mac\/\">Comit\u00e9 de Nombramientos Ministeriales<\/a><\/li>\n<li><a href=\"\/es\/boards\/kmg\/\">Grupo del Ministerio del Reino<\/a><\/li>\n<\/ul>\n<p>[\/et_pb_text][\/et_pb_column_inner][et_pb_column_inner tipo=\u201d1_3\u2033 tipo_columna_especial_guardada=\u201d2_3\u2033 _builder_version=\u201d4.16\u2033 _module_preset=\u201dpredeterminado\u201d informaci\u00f3n_colores_globales=\u201d{}\u201d][et_pb_text _builder_version=\u201d4.19.5\u2033 _module_preset=\u201dpredeterminado\u201d dise\u00f1o_fondo=\u201doscuro\u201d informaci\u00f3n_colores_globales=\u201d{}\u201d]<\/p>\n<h4>Vigilancia<\/h4>\n<ul>\n<li><a href=\"https:\/\/fmcsc.org\/es\/administration\/\">Administraci\u00f3n de la conferencia<\/a><\/li>\n<li><a href=\"\/es\/boards\/nom\/\">Comit\u00e9 de nominaciones<\/a><\/li>\n<li><a href=\"https:\/\/fmcusa.org\/\">Iglesia Metodista Libre de EE. UU.<\/a><\/li>\n<\/ul>\n<p>[\/et_pb_text][\/et_pb_column_inner][et_pb_column_inner tipo=\u201d1_3\u2033 tipo_columna_especial_guardada=\u201d2_3\u2033 _builder_version=\u201d4.16\u2033 _module_preset=\u201dpredeterminado\u201d informaci\u00f3n_colores_globales=\u201d{}\u201d][et_pb_text _builder_version=\u201d4.16\u2033 _module_preset=\u201dpredeterminado\u201d dise\u00f1o_fondo=\u201doscuro\u201d informaci\u00f3n_colores_globales=\u201d{}\u201d]<\/p>\n<h4>Administraci\u00f3n<\/h4>\n<ul>\n<li><a href=\"\/es\/boards\/boa\/\">Junta de Administraci\u00f3n<\/a><\/li>\n<li><a href=\"\/es\/boards\/fin\/\">Comit\u00e9 de Finanzas<\/a><\/li>\n<li><a href=\"\/es\/boards\/tmg\/\">El grupo de gesti\u00f3n<\/a><\/li>\n<\/ul>\n<p>[\/et_pb_text][\/et_pb_column_inner][\/et_pb_row_inner][\/et_pb_column][\/et_pb_section][et_pb_section fb_built=\u201d1\u2033 especialidad=\u201dactivado\u201d _builder_version=\u201d4.27.2\u2033 _module_preset=\u201dpredeterminado\u201d color_de_fondo=\u201d#FFFFFF\u201d informaci\u00f3n_de_colores_globales=\u201d{}\u201d][et_pb_column tipo=\u201d1_2\u2033 _builder_version=\u201d4.16\u2033 relleno_personalizado=\u201d|||\u201d global_colors_info=\u201d{}\u201d custom_padding__hover=\u201d|||\u201d][et_pb_image src=\u201dhttp:\/\/fmcsc.org\/wp-content\/uploads\/2021\/08\/home-what-we-do.jpg\u201d title_text=\u201dhome-what-we-do\u201d _builder_version=\u201d4.16\u2033 _module_preset=\u201ddefault\u201d global_colors_info=\u201d{}\u201d][\/et_pb_image][\/et_pb_column][et_pb_column type=\u201d1_2\u2033 speciality_columns=\u201d2\u2033 _builder_version=\u201d4.16\u2033 custom_padding=\u201d|||\u201d global_colors_info=\u201d{}\u201d custom_padding__hover=\u201d|||\u201d][et_pb_row_inner _builder_version=\u201d4.16\u2033 _module_preset=\u201dpredeterminado\u201d custom_padding=\u201d||0px||false|false\u201d global_colors_info=\u201d{}\u201d][et_pb_column_inner tipo_columna_especial_guardada=\u201d1_2\u2033 _builder_version=\u201d4.16\u2033 _module_preset=\u201dpredeterminado\u201d global_colors_info=\u201d{}\u201d][et_pb_text _builder_version=\u201d4.16\u2033 _module_preset=\u201dpredeterminado\u201d global_colors_info=\u201d{}\u201d]<\/p>\n<h2>Qu\u00e9 hacemos<\/h2>\n<p>Nuestras iglesias locales son el lugar desde donde el amor de Dios fluye y se expande no s\u00f3lo al sur de California, sino al mundo entero. Sea parte del movimiento.<\/p>\n<p>[\/et_pb_text][\/et_pb_column_inner][\/et_pb_row_inner][et_pb_row_inner estructura_columna=\u201d1_2,1_2\u2033 _builder_version=\u201d4.16\u2033 _module_preset=\u201dpredeterminado\u201d informaci\u00f3n_colores_globales=\u201d{}\u201d][et_pb_column_inner tipo=\u201d1_2\u2033 tipo_columna_especialidad_guardada=\u201d1_2\u2033 _builder_version=\u201d4.16\u2033 _module_preset=\u201dpredeterminado\u201d informaci\u00f3n_colores_globales=\u201d{}\u201d][et_pb_text _builder_version=\u201d4.21.0\u2033 _module_preset=\u201dpredeterminado\u201d informaci\u00f3n_colores_globales=\u201d{}\u201d]<\/p>\n<h4>Nuestros Ministerios<\/h4>\n<ul>\n<li><a href=\"\/es\/churches\/\">Nuestras Iglesias<\/a><\/li>\n<li><a href=\"\/es\/training\/\">Capacitaci\u00f3n Ministerial<\/a><\/li>\n<li><a href=\"https:\/\/ac23.pacificcoastnetwork.org\/partners\/\">Socios locales y globales<\/a><\/li>\n<\/ul>\n<p>[\/et_pb_text][\/et_pb_column_inner][et_pb_column_inner tipo=\u201d1_2\u2033 tipo_columna_especial_guardada=\u201d1_2\u2033 _builder_version=\u201d4.16\u2033 _module_preset=\u201dpredeterminado\u201d informaci\u00f3n_colores_globales=\u201d{}\u201d][et_pb_text _builder_version=\u201d4.19.5\u2033 _module_preset=\u201dpredeterminado\u201d informaci\u00f3n_colores_globales=\u201d{}\u201d]<\/p>\n<h4>Actividades<\/h4>\n<ul>\n<li><a href=\"\/es\/events\/\">Pr\u00f3ximos eventos<\/a><\/li>\n<li><a href=\"\/es\/news\/\">Noticias y actualizaciones<\/a><\/li>\n<li><a href=\"\/es\/videos\/\">V\u00eddeos y podcasts<\/a><\/li>\n<\/ul>\n<p>[\/et_pb_text][\/et_pb_column_inner][\/et_pb_row_inner][\/et_pb_column][\/et_pb_section][et_pb_section fb_built=\u201d1\u2033 _builder_version=\u201d4.27.2\u2033 _module_preset=\u201dpredeterminado\u201d color_de_fondo=\u201d#EEEDEC\u201d m\u00f3dulo_global=\u201d55938\u2033 pesta\u00f1as_guardadas=\u201dtodas\u201d informaci\u00f3n_de_colores_global=\u201d{}\u201d][et_pb_row estructura_de_columna=\u201d1_2,1_2\u2033 make_equal=\u201don\u201d _builder_version=\u201d4.27.2\u2033 _module_preset=\u201dpredeterminado\u201d informaci\u00f3n_de_colores_global=\u201d{}\u201d][et_pb_column tipo=\u201d1_2\u2033 _builder_version=\u201d4.27.2\u2033 _module_preset=\u201d73134464-3fcb-4d3f-bcfa-94f46ea7af26\u2033 global_colors_info=\u201d{}\u201d][et_pb_image src=\u201dhttps:\/\/leaderspath.org\/wp-content\/uploads\/2023\/07\/home-leadership.jpg\u201d _builder_version=\u201d4.27.2\u2033 _module_preset=\u201ddefault\u201d global_colors_info=\u201d{}\u201d][\/et_pb_image][\/et_pb_column][et_pb_column type=\u201d1_2\u2033 _builder_version=\u201d4.27.2\u2033 _module_preset=\u201d73134464-3fcb-4d3f-bcfa-94f46ea7af26\u2033 global_colors_info=\u201d{}\u201d][et_pb_text _builder_version=\u201d4.27.2\u2033 _module_preset=\u201dpredeterminado\u201d background_color=\u201d#EEEDEC\u201d global_colors_info=\u201d{}\u201d]<\/p>\n<h3 style=\"color: #ffb11f;\">Continuar el viaje<\/h3>\n<p><strong>Descubra lo que hace que los Metodistas Libres sean \u00fanicos<\/strong> a trav\u00e9s de LeadersPath, nuestra innovadora plataforma de aprendizaje que conecta los valores wesleyanos tradicionales con las necesidades del ministerio contempor\u00e1neo. Ya sea que sienta curiosidad por nuestra teolog\u00eda metodista libre, le apasione la justicia social o busque profundizar su comprensi\u00f3n de la historia y la pol\u00edtica metodista libre, LeadersPath ofrece cursos interactivos y recursos dirigidos por expertos dise\u00f1ados para l\u00edderes de iglesias modernas.[\/et_pb_text][et_pb_button button_url=\u201dhttps:\/\/fmcsc.leaderspath.org\/\u201d button_text=\u201dExplore LeadersPath hoy\u201d _builder_version=\u201d4.27.2\u2033 _module_preset=\u201d4358bb6b-7364-4100-b72a-89a627baabb5\u2033 global_colors_info=\u201d{}\u201d][\/et_pb_button][\/et_pb_column][\/et_pb_row][\/et_pb_section]<\/p>","protected":false},"excerpt":{"rendered":"<p>Hay un m\u00e9todo para\u2026 Encuentra una comunidad a la que puedas pertenecer. \u00bfQu\u00e9 est\u00e1 pasando? \u00bfQuieres conectarte y obtener m\u00e1s informaci\u00f3n sobre la Iglesia Metodista Libre en el Sur de California? Consulta las \u00faltimas noticias y eventos de toda la conferencia. Lo que creemos No importa qui\u00e9n seas, tu fe impulsa tus m\u00e9todos (lo que haces). Encuentra [\u2026]<\/p>","protected":false},"author":1,"featured_media":0,"parent":0,"menu_order":7,"comment_status":"closed","ping_status":"closed","template":"","meta":{"_acf_changed":false,"_et_pb_use_builder":"on","_et_pb_old_content":"","_et_gb_content_width":"","content-type":"","footnotes":"","_links_to":"","_links_to_target":""},"class_list":["post-51338","page","type-page","status-publish","hentry"],"acf":[],"yoast_head":"<!-- This site is optimized with the Yoast SEO plugin v27.4 - https:\/\/yoast.com\/product\/yoast-seo-wordpress\/ -->\n<title>Home - Free Methodist Church in Southern California<\/title>\n<meta name=\"robots\" content=\"index, follow, max-snippet:-1, max-image-preview:large, max-video-preview:-1\" \/>\n<link rel=\"canonical\" href=\"https:\/\/fmcsc.org\/es\/\" \/>\n<meta property=\"og:locale\" content=\"es_MX\" \/>\n<meta property=\"og:type\" content=\"article\" \/>\n<meta property=\"og:title\" content=\"Home - Free Methodist Church in Southern California\" \/>\n<meta property=\"og:description\" content=\"There&#039;s a method for...Find a community where you can belong.What\u2019s Going On? Looking to get connected and find out more about the Free Methodist Church in Southern California? Check out the latest news and events from across the conference.What We Believe No matter who you are, your faith drives your methods (what you do). Find [&hellip;]\" \/>\n<meta property=\"og:url\" content=\"https:\/\/fmcsc.org\/es\/wp-json\/wp\/v2\/pages\/51338\" \/>\n<meta property=\"og:site_name\" content=\"Free Methodist Church in Southern California\" \/>\n<meta property=\"article:publisher\" content=\"https:\/\/www.facebook.com\/FMCSC\" \/>\n<meta property=\"article:modified_time\" content=\"2024-11-26T15:13:21+00:00\" \/>\n<meta name=\"twitter:card\" content=\"summary_large_image\" \/>\n<meta name=\"twitter:site\" content=\"@fmcsc\" \/>\n<meta name=\"twitter:label1\" content=\"Tiempo de lectura\" \/>\n\t<meta name=\"twitter:data1\" content=\"9 minutos\" \/>\n<script type=\"application\/ld+json\" class=\"yoast-schema-graph\">{\"@context\":\"https:\\\/\\\/schema.org\",\"@graph\":[{\"@type\":\"WebPage\",\"@id\":\"https:\\\/\\\/fmcsc.org\\\/\",\"url\":\"https:\\\/\\\/fmcsc.org\\\/\",\"name\":\"Home - Free Methodist Church in Southern California\",\"isPartOf\":{\"@id\":\"https:\\\/\\\/fmcsc.org\\\/#website\"},\"datePublished\":\"2021-07-01T16:13:31+00:00\",\"dateModified\":\"2024-11-26T15:13:21+00:00\",\"breadcrumb\":{\"@id\":\"https:\\\/\\\/fmcsc.org\\\/#breadcrumb\"},\"inLanguage\":\"es\",\"potentialAction\":[{\"@type\":\"ReadAction\",\"target\":[\"https:\\\/\\\/fmcsc.org\\\/\"]}]},{\"@type\":\"BreadcrumbList\",\"@id\":\"https:\\\/\\\/fmcsc.org\\\/#breadcrumb\",\"itemListElement\":[{\"@type\":\"ListItem\",\"position\":1,\"name\":\"Home\",\"item\":\"https:\\\/\\\/fmcsc.org\\\/\"},{\"@type\":\"ListItem\",\"position\":2,\"name\":\"Home\"}]},{\"@type\":\"WebSite\",\"@id\":\"https:\\\/\\\/fmcsc.org\\\/#website\",\"url\":\"https:\\\/\\\/fmcsc.org\\\/\",\"name\":\"Free Methodist Church in Southern California\",\"description\":\"Love God. Love People. Make Disciples.\",\"publisher\":{\"@id\":\"https:\\\/\\\/fmcsc.org\\\/#organization\"},\"potentialAction\":[{\"@type\":\"SearchAction\",\"target\":{\"@type\":\"EntryPoint\",\"urlTemplate\":\"https:\\\/\\\/fmcsc.org\\\/?s={search_term_string}\"},\"query-input\":{\"@type\":\"PropertyValueSpecification\",\"valueRequired\":true,\"valueName\":\"search_term_string\"}}],\"inLanguage\":\"es\"},{\"@type\":\"Organization\",\"@id\":\"https:\\\/\\\/fmcsc.org\\\/#organization\",\"name\":\"Free Methodist Church in Southern California\",\"url\":\"https:\\\/\\\/fmcsc.org\\\/\",\"logo\":{\"@type\":\"ImageObject\",\"inLanguage\":\"es\",\"@id\":\"https:\\\/\\\/fmcsc.org\\\/#\\\/schema\\\/logo\\\/image\\\/\",\"url\":\"https:\\\/\\\/fmcsc.org\\\/wp-content\\\/uploads\\\/2021\\\/06\\\/logo-color.png\",\"contentUrl\":\"https:\\\/\\\/fmcsc.org\\\/wp-content\\\/uploads\\\/2021\\\/06\\\/logo-color.png\",\"width\":166,\"height\":144,\"caption\":\"Free Methodist Church in Southern California\"},\"image\":{\"@id\":\"https:\\\/\\\/fmcsc.org\\\/#\\\/schema\\\/logo\\\/image\\\/\"},\"sameAs\":[\"https:\\\/\\\/www.facebook.com\\\/FMCSC\",\"https:\\\/\\\/x.com\\\/fmcsc\",\"https:\\\/\\\/www.youtube.com\\\/channel\\\/UCCLhk49k4p6RkJbqYMr0SEQ\"]}]}<\/script>\n<!-- \/ Yoast SEO plugin. -->","yoast_head_json":{"title":"Inicio - Iglesia Metodista Libre del Sur de California","robots":{"index":"index","follow":"follow","max-snippet":"max-snippet:-1","max-image-preview":"max-image-preview:large","max-video-preview":"max-video-preview:-1"},"canonical":"https:\/\/fmcsc.org\/es\/","og_locale":"es_MX","og_type":"article","og_title":"Home - Free Methodist Church in Southern California","og_description":"There's a method for...Find a community where you can belong.What\u2019s Going On? Looking to get connected and find out more about the Free Methodist Church in Southern California? Check out the latest news and events from across the conference.What We Believe No matter who you are, your faith drives your methods (what you do). Find [&hellip;]","og_url":"https:\/\/fmcsc.org\/es\/wp-json\/wp\/v2\/pages\/51338","og_site_name":"Free Methodist Church in Southern California","article_publisher":"https:\/\/www.facebook.com\/FMCSC","article_modified_time":"2024-11-26T15:13:21+00:00","twitter_card":"summary_large_image","twitter_site":"@fmcsc","twitter_misc":{"Tiempo de lectura":"9 minutos"},"schema":{"@context":"https:\/\/schema.org","@graph":[{"@type":"WebPage","@id":"https:\/\/fmcsc.org\/","url":"https:\/\/fmcsc.org\/","name":"Inicio - Iglesia Metodista Libre del Sur de California","isPartOf":{"@id":"https:\/\/fmcsc.org\/#website"},"datePublished":"2021-07-01T16:13:31+00:00","dateModified":"2024-11-26T15:13:21+00:00","breadcrumb":{"@id":"https:\/\/fmcsc.org\/#breadcrumb"},"inLanguage":"es","potentialAction":[{"@type":"ReadAction","target":["https:\/\/fmcsc.org\/"]}]},{"@type":"BreadcrumbList","@id":"https:\/\/fmcsc.org\/#breadcrumb","itemListElement":[{"@type":"ListItem","position":1,"name":"Home","item":"https:\/\/fmcsc.org\/"},{"@type":"ListItem","position":2,"name":"Home"}]},{"@type":"WebSite","@id":"https:\/\/fmcsc.org\/#website","url":"https:\/\/fmcsc.org\/","name":"Iglesia Metodista Libre en el Sur de California","description":"Ama a Dios. Ama a la gente. Haz disc\u00edpulos.","publisher":{"@id":"https:\/\/fmcsc.org\/#organization"},"potentialAction":[{"@type":"SearchAction","target":{"@type":"EntryPoint","urlTemplate":"https:\/\/fmcsc.org\/?s={search_term_string}"},"query-input":{"@type":"PropertyValueSpecification","valueRequired":true,"valueName":"search_term_string"}}],"inLanguage":"es"},{"@type":"Organization","@id":"https:\/\/fmcsc.org\/#organization","name":"Iglesia Metodista Libre en el Sur de California","url":"https:\/\/fmcsc.org\/","logo":{"@type":"ImageObject","inLanguage":"es","@id":"https:\/\/fmcsc.org\/#\/schema\/logo\/image\/","url":"https:\/\/fmcsc.org\/wp-content\/uploads\/2021\/06\/logo-color.png","contentUrl":"https:\/\/fmcsc.org\/wp-content\/uploads\/2021\/06\/logo-color.png","width":166,"height":144,"caption":"Free Methodist Church in Southern California"},"image":{"@id":"https:\/\/fmcsc.org\/#\/schema\/logo\/image\/"},"sameAs":["https:\/\/www.facebook.com\/FMCSC","https:\/\/x.com\/fmcsc","https:\/\/www.youtube.com\/channel\/UCCLhk49k4p6RkJbqYMr0SEQ"]}]}},"jetpack_sharing_enabled":true,"_links":{"self":[{"href":"https:\/\/fmcsc.org\/es\/wp-json\/wp\/v2\/pages\/51338","targetHints":{"allow":["GET"]}}],"collection":[{"href":"https:\/\/fmcsc.org\/es\/wp-json\/wp\/v2\/pages"}],"about":[{"href":"https:\/\/fmcsc.org\/es\/wp-json\/wp\/v2\/types\/page"}],"author":[{"embeddable":true,"href":"https:\/\/fmcsc.org\/es\/wp-json\/wp\/v2\/users\/1"}],"replies":[{"embeddable":true,"href":"https:\/\/fmcsc.org\/es\/wp-json\/wp\/v2\/comments?post=51338"}],"version-history":[{"count":0,"href":"https:\/\/fmcsc.org\/es\/wp-json\/wp\/v2\/pages\/51338\/revisions"}],"wp:attachment":[{"href":"https:\/\/fmcsc.org\/es\/wp-json\/wp\/v2\/media?parent=51338"}],"curies":[{"name":"gracias","href":"https:\/\/api.w.org\/{rel}","templated":true}]}}